{"id":938,"date":"2021-03-16T07:16:03","date_gmt":"2021-03-16T07:16:03","guid":{"rendered":"https:\/\/www.techcloseoutlet.com\/index.php\/product\/original-microsoft-chat-gaming-headset-for-xbox-one-slim-headphone-for-xbox-one-s\/"},"modified":"2024-09-09T06:19:38","modified_gmt":"2024-09-09T06:19:38","slug":"original-microsoft-chat-gaming-headset-for-xbox-one-slim-headphone-for-xbox-one-s","status":"publish","type":"product","link":"https:\/\/www.techcloseoutlet.com\/index.php\/product\/original-microsoft-chat-gaming-headset-for-xbox-one-slim-headphone-for-xbox-one-s\/?lang=de","title":{"rendered":"Original Microsoft Chat Gaming Headset f\u00fcr Xbox One Schlanker Kopfh\u00f6rer f\u00fcr Xbox One S"},"content":{"rendered":"<p>Kompatibel mit dem originalen Xbox One-Wireless-Controller und dem neuen wei\u00dfen Xbox-Wireless-Controller &#8211; keine Batterien erforderlich.<br \/>\nChatten Sie privat mit Ihren Freunden, w\u00e4hrend Sie in kristallklarem digitalem Audio spielen.<br \/>\nLeicht und komfortabel f\u00fcr lange Spielesitzungen.<br \/>\nAnsprechendes Mikrofon mit verstellbarem Ausleger.<br \/>\nStumm- und Lautst\u00e4rkeregler an Ihren Fingerspitzen.<\/p>\n","protected":false},"excerpt":{"rendered":"<p>Kompatibel mit dem originalen Xbox One-Wireless-Controller und dem neuen wei\u00dfen Xbox-Wireless-Controller &#8211; keine Batterien erforderlich.<br \/>\nChatten Sie privat mit Ihren Freunden, w\u00e4hrend Sie in kristallklarem digitalem Audio spielen.<br \/>\nLeicht und komfortabel f\u00fcr lange Spielesitzungen.<br \/>\nAnsprechendes Mikrofon mit verstellbarem Ausleger.<br \/>\nStumm- und Lautst\u00e4rkeregler an Ihren Fingerspitzen.<\/p>\n","protected":false},"featured_media":936,"comment_status":"open","ping_status":"closed","template":"","meta":[],"product_brand":[],"product_cat":[28],"product_tag":[],"woo-feed-brand":[],"class_list":{"0":"post-938","1":"product","2":"type-product","3":"status-publish","4":"has-post-thumbnail","6":"product_cat-xbox-konsolen","8":"entry","9":"has-media","11":"first","12":"instock","13":"taxable","14":"shipping-taxable","15":"purchasable","16":"product-type-simple","17":"has-product-nav","18":"col","19":"span_1_of_3","20":"owp-content-center","21":"owp-thumbs-layout-horizontal","22":"owp-btn-normal","23":"owp-tabs-layout-horizontal","24":"has-no-thumbnails"},"exclude_global_add_ons":[],"addons":[],"jetpack_sharing_enabled":true,"_links":{"self":[{"href":"https:\/\/www.techcloseoutlet.com\/index.php\/wp-json\/wp\/v2\/product\/938","targetHints":{"allow":["GET"]}}],"collection":[{"href":"https:\/\/www.techcloseoutlet.com\/index.php\/wp-json\/wp\/v2\/product"}],"about":[{"href":"https:\/\/www.techcloseoutlet.com\/index.php\/wp-json\/wp\/v2\/types\/product"}],"replies":[{"embeddable":true,"href":"https:\/\/www.techcloseoutlet.com\/index.php\/wp-json\/wp\/v2\/comments?post=938"}],"wp:featuredmedia":[{"embeddable":true,"href":"https:\/\/www.techcloseoutlet.com\/index.php\/wp-json\/wp\/v2\/media\/936"}],"wp:attachment":[{"href":"https:\/\/www.techcloseoutlet.com\/index.php\/wp-json\/wp\/v2\/media?parent=938"}],"wp:term":[{"taxonomy":"product_brand","embeddable":true,"href":"https:\/\/www.techcloseoutlet.com\/index.php\/wp-json\/wp\/v2\/product_brand?post=938"},{"taxonomy":"product_cat","embeddable":true,"href":"https:\/\/www.techcloseoutlet.com\/index.php\/wp-json\/wp\/v2\/product_cat?post=938"},{"taxonomy":"product_tag","embeddable":true,"href":"https:\/\/www.techcloseoutlet.com\/index.php\/wp-json\/wp\/v2\/product_tag?post=938"},{"taxonomy":"woo-feed-brand","embeddable":true,"href":"https:\/\/www.techcloseoutlet.com\/index.php\/wp-json\/wp\/v2\/woo-feed-brand?post=938"}],"curies":[{"name":"wp","href":"https:\/\/api.w.org\/{rel}","templated":true}]}}