{"id":835,"date":"2021-01-09T14:03:03","date_gmt":"2021-01-09T14:03:03","guid":{"rendered":"https:\/\/www.techcloseoutlet.com\/index.php\/product\/xbox-wireless-controller-white\/"},"modified":"2024-09-09T06:19:50","modified_gmt":"2024-09-09T06:19:50","slug":"xbox-wireless-controller-white","status":"publish","type":"product","link":"https:\/\/www.techcloseoutlet.com\/index.php\/product\/xbox-wireless-controller-white\/?lang=de","title":{"rendered":"Xbox Wireless Controller &#8211; Wei\u00df"},"content":{"rendered":"<p>Ausgabe: Wei\u00df | Konfiguration: Single<br \/>\nErleben Sie den verbesserten Komfort und das Gef\u00fchl des neuen Xbox Wireless Controllers mit seinem schlanken, stromlinienf\u00f6rmigen Design und dem strukturierten Griff. Genie\u00dfen Sie die benutzerdefinierte Tastenbelegung und die doppelte Reichweite. Schlie\u00dfen Sie jedes kompatible Headset an die 3,5-mm-Stereo-Headset-Buchse an. Spielen Sie mit der Bluetooth-Technologie Ihre Lieblingsspiele auf Windows 10-PCs, -Tablets und -Telefonen. Tastenbelegung \u00fcber die Xbox-Zubeh\u00f6r-App verf\u00fcgbar. Reichweite im Vergleich zu fr\u00fcheren Controllern mit Xbox One S. F\u00fcr Bluetooth-Funktionen sind Windows 10-Ger\u00e4te erforderlich, auf denen das Windows Anniversary Update ausgef\u00fchrt wird. Weitere Informationen finden Sie unter xbox.com\/xboxone\/controller-OS.<\/p>\n","protected":false},"excerpt":{"rendered":"<p>Ausgabe: Wei\u00df | Konfiguration: Single<br \/>\nErleben Sie den verbesserten Komfort und das Gef\u00fchl des neuen Xbox Wireless Controllers mit seinem schlanken, stromlinienf\u00f6rmigen Design und dem strukturierten Griff. Genie\u00dfen Sie die benutzerdefinierte Tastenbelegung und die doppelte Reichweite. Schlie\u00dfen Sie jedes kompatible Headset an die 3,5-mm-Stereo-Headset-Buchse an. Spielen Sie mit der Bluetooth-Technologie Ihre Lieblingsspiele auf Windows 10-PCs, -Tablets und -Telefonen. Tastenbelegung \u00fcber die Xbox-Zubeh\u00f6r-App verf\u00fcgbar. Reichweite im Vergleich zu fr\u00fcheren Controllern mit Xbox One S. F\u00fcr Bluetooth-Funktionen sind Windows 10-Ger\u00e4te erforderlich, auf denen das Windows Anniversary Update ausgef\u00fchrt wird. Weitere Informationen finden Sie unter xbox.com\/xboxone\/controller-OS.<\/p>\n","protected":false},"featured_media":836,"comment_status":"open","ping_status":"closed","template":"","meta":[],"product_brand":[],"product_cat":[28],"product_tag":[],"woo-feed-brand":[],"class_list":{"0":"post-835","1":"product","2":"type-product","3":"status-publish","4":"has-post-thumbnail","6":"product_cat-xbox-konsolen","8":"entry","9":"has-media","11":"first","12":"instock","13":"taxable","14":"shipping-taxable","15":"purchasable","16":"product-type-simple","17":"has-product-nav","18":"col","19":"span_1_of_3","20":"owp-content-center","21":"owp-thumbs-layout-horizontal","22":"owp-btn-normal","23":"owp-tabs-layout-horizontal","24":"has-no-thumbnails"},"exclude_global_add_ons":[],"addons":[],"jetpack_sharing_enabled":true,"_links":{"self":[{"href":"https:\/\/www.techcloseoutlet.com\/index.php\/wp-json\/wp\/v2\/product\/835","targetHints":{"allow":["GET"]}}],"collection":[{"href":"https:\/\/www.techcloseoutlet.com\/index.php\/wp-json\/wp\/v2\/product"}],"about":[{"href":"https:\/\/www.techcloseoutlet.com\/index.php\/wp-json\/wp\/v2\/types\/product"}],"replies":[{"embeddable":true,"href":"https:\/\/www.techcloseoutlet.com\/index.php\/wp-json\/wp\/v2\/comments?post=835"}],"wp:featuredmedia":[{"embeddable":true,"href":"https:\/\/www.techcloseoutlet.com\/index.php\/wp-json\/wp\/v2\/media\/836"}],"wp:attachment":[{"href":"https:\/\/www.techcloseoutlet.com\/index.php\/wp-json\/wp\/v2\/media?parent=835"}],"wp:term":[{"taxonomy":"product_brand","embeddable":true,"href":"https:\/\/www.techcloseoutlet.com\/index.php\/wp-json\/wp\/v2\/product_brand?post=835"},{"taxonomy":"product_cat","embeddable":true,"href":"https:\/\/www.techcloseoutlet.com\/index.php\/wp-json\/wp\/v2\/product_cat?post=835"},{"taxonomy":"product_tag","embeddable":true,"href":"https:\/\/www.techcloseoutlet.com\/index.php\/wp-json\/wp\/v2\/product_tag?post=835"},{"taxonomy":"woo-feed-brand","embeddable":true,"href":"https:\/\/www.techcloseoutlet.com\/index.php\/wp-json\/wp\/v2\/woo-feed-brand?post=835"}],"curies":[{"name":"wp","href":"https:\/\/api.w.org\/{rel}","templated":true}]}}