{"id":831,"date":"2020-12-19T11:49:34","date_gmt":"2020-12-19T11:49:34","guid":{"rendered":"https:\/\/www.techcloseoutlet.com\/index.php\/product\/official-microsoft-xbox-one-chatpad-keyboard-for-xbox-one-controller\/"},"modified":"2024-09-09T06:19:55","modified_gmt":"2024-09-09T06:19:55","slug":"official-microsoft-xbox-one-chatpad-keyboard-for-xbox-one-controller","status":"publish","type":"product","link":"https:\/\/www.techcloseoutlet.com\/index.php\/product\/official-microsoft-xbox-one-chatpad-keyboard-for-xbox-one-controller\/?lang=de","title":{"rendered":"Generisches schwarzes Xbox One Chatpad \/ Tastatur"},"content":{"rendered":"<p>Verfassen Sie mit dem Xbox Chatpad in Sekundenschnelle Nachrichten an Freunde, geben Sie Codes ein und suchen Sie nach Apps. Greifen Sie mit zwei programmierbaren Tasten schnell auf Ihre Apps zu. Das Chatpad wird an Ihren Xbox One Wireless Controller angeschlossen und bietet Ihnen eine hintergrundbeleuchtete Tastatur und Headset-Audiosteuerung direkt an Ihren Fingerspitzen. Es enth\u00e4lt auch ein Chat-Headset mit 3,5-mm-Klinkenstecker, sodass Sie es direkt an das Chatpad anschlie\u00dfen k\u00f6nnen. Verwenden Sie das Chatpad sowohl mit Xbox One als auch mit Windows 10.*<\/p>\n<p>Vollst\u00e4ndige QWERTZ-Tastatur erm\u00f6glicht es Spielern, Nachrichten im Spiel schnell einzugeben<br \/>\nHintergrundbeleuchtete Tasten erleichtern das Tippen im Dunkeln<br \/>\nVerbindet sich mit der Basis des drahtlosen Xbox One Controllers (nicht im Lieferumfang enthalten)<br \/>\nZwei programmierbare Tasten k\u00f6nnen auf Funktionen wie die Game DVR-Aufzeichnung der Xbox One zugreifen<\/p>\n","protected":false},"excerpt":{"rendered":"<p>Verfassen Sie mit dem Xbox Chatpad in Sekundenschnelle Nachrichten an Freunde, geben Sie Codes ein und suchen Sie nach Apps. Greifen Sie mit zwei programmierbaren Tasten schnell auf Ihre Apps zu. Das Chatpad wird an Ihren Xbox One Wireless Controller angeschlossen und bietet Ihnen eine hintergrundbeleuchtete Tastatur und Headset-Audiosteuerung direkt an Ihren Fingerspitzen. Es enth\u00e4lt auch ein Chat-Headset mit 3,5-mm-Klinkenstecker, sodass Sie es direkt an das Chatpad anschlie\u00dfen k\u00f6nnen. Verwenden Sie das Chatpad sowohl mit Xbox One als auch mit Windows 10.*<\/p>\n<p>Vollst\u00e4ndige QWERTZ-Tastatur erm\u00f6glicht es Spielern, Nachrichten im Spiel schnell einzugeben<br \/>\nHintergrundbeleuchtete Tasten erleichtern das Tippen im Dunkeln<br \/>\nVerbindet sich mit der Basis des drahtlosen Xbox One Controllers (nicht im Lieferumfang enthalten)<br \/>\nZwei programmierbare Tasten k\u00f6nnen auf Funktionen wie die Game DVR-Aufzeichnung der Xbox One zugreifen<\/p>\n","protected":false},"featured_media":833,"comment_status":"open","ping_status":"closed","template":"","meta":[],"product_brand":[],"product_cat":[28],"product_tag":[],"woo-feed-brand":[],"class_list":{"0":"post-831","1":"product","2":"type-product","3":"status-publish","4":"has-post-thumbnail","6":"product_cat-xbox-konsolen","8":"entry","9":"has-media","11":"first","12":"instock","13":"taxable","14":"shipping-taxable","15":"purchasable","16":"product-type-simple","17":"has-product-nav","18":"col","19":"span_1_of_3","20":"owp-content-center","21":"owp-thumbs-layout-horizontal","22":"owp-btn-normal","23":"owp-tabs-layout-horizontal","24":"has-no-thumbnails"},"exclude_global_add_ons":[],"addons":[],"jetpack_sharing_enabled":true,"_links":{"self":[{"href":"https:\/\/www.techcloseoutlet.com\/index.php\/wp-json\/wp\/v2\/product\/831","targetHints":{"allow":["GET"]}}],"collection":[{"href":"https:\/\/www.techcloseoutlet.com\/index.php\/wp-json\/wp\/v2\/product"}],"about":[{"href":"https:\/\/www.techcloseoutlet.com\/index.php\/wp-json\/wp\/v2\/types\/product"}],"replies":[{"embeddable":true,"href":"https:\/\/www.techcloseoutlet.com\/index.php\/wp-json\/wp\/v2\/comments?post=831"}],"wp:featuredmedia":[{"embeddable":true,"href":"https:\/\/www.techcloseoutlet.com\/index.php\/wp-json\/wp\/v2\/media\/833"}],"wp:attachment":[{"href":"https:\/\/www.techcloseoutlet.com\/index.php\/wp-json\/wp\/v2\/media?parent=831"}],"wp:term":[{"taxonomy":"product_brand","embeddable":true,"href":"https:\/\/www.techcloseoutlet.com\/index.php\/wp-json\/wp\/v2\/product_brand?post=831"},{"taxonomy":"product_cat","embeddable":true,"href":"https:\/\/www.techcloseoutlet.com\/index.php\/wp-json\/wp\/v2\/product_cat?post=831"},{"taxonomy":"product_tag","embeddable":true,"href":"https:\/\/www.techcloseoutlet.com\/index.php\/wp-json\/wp\/v2\/product_tag?post=831"},{"taxonomy":"woo-feed-brand","embeddable":true,"href":"https:\/\/www.techcloseoutlet.com\/index.php\/wp-json\/wp\/v2\/woo-feed-brand?post=831"}],"curies":[{"name":"wp","href":"https:\/\/api.w.org\/{rel}","templated":true}]}}