{"id":827,"date":"2020-12-14T12:01:36","date_gmt":"2020-12-14T12:01:36","guid":{"rendered":"https:\/\/www.techcloseoutlet.com\/index.php\/product\/xbox-one-stereo-headset\/"},"modified":"2020-12-14T12:01:36","modified_gmt":"2020-12-14T12:01:36","slug":"xbox-one-stereo-headset","status":"publish","type":"product","link":"https:\/\/www.techcloseoutlet.com\/index.php\/product\/xbox-one-stereo-headset\/?lang=de","title":{"rendered":"Xbox One Stereo-Headset"},"content":{"rendered":"<p>Enth\u00e4lt einen abnehmbaren Stereo-Headset-Adapter, mit dem Sie die Audiosteuerung wie Lautst\u00e4rke erh\u00f6hen \/ verringern, die Stummschaltung des Mikrofons und die Balance zwischen Spiel und Chat steuern k\u00f6nnen.<br \/>\nMelden Sie sich bei Xbox Live an, um die neuesten Konsolenupdates zu erhalten. Die Ersteinrichtung erfordert m\u00f6glicherweise ein erhebliches Update. Internetverbindung f\u00fcr Updates erforderlich; Es fallen ISP-Geb\u00fchren an.<br \/>\nUnidirektionales Mikrofon f\u00fcr klare Sprachaufnahme.<br \/>\nEinfach einzurichten: Keine komplexen Kabel zu Ihrer Konsole. Nur mit dem Wireless Controller verbunden.<br \/>\nVollspektrum-Audiospektrum (20Hz-20kHz) f\u00fcr tiefe B\u00e4sse bis hin zu kristallklaren Hochfrequenzen.<br \/>\nKompatibel mit Xbox Series X, Xbox One und Windows 10.<\/p>\n","protected":false},"excerpt":{"rendered":"<p>Enth\u00e4lt einen abnehmbaren Stereo-Headset-Adapter, mit dem Sie die Audiosteuerung wie Lautst\u00e4rke erh\u00f6hen \/ verringern, die Stummschaltung des Mikrofons und die Balance zwischen Spiel und Chat steuern k\u00f6nnen.<br \/>\nMelden Sie sich bei Xbox Live an, um die neuesten Konsolenupdates zu erhalten. Die Ersteinrichtung erfordert m\u00f6glicherweise ein erhebliches Update. Internetverbindung f\u00fcr Updates erforderlich; Es fallen ISP-Geb\u00fchren an.<br \/>\nUnidirektionales Mikrofon f\u00fcr klare Sprachaufnahme.<br \/>\nEinfach einzurichten: Keine komplexen Kabel zu Ihrer Konsole. Nur mit dem Wireless Controller verbunden.<br \/>\nVollspektrum-Audiospektrum (20Hz-20kHz) f\u00fcr tiefe B\u00e4sse bis hin zu kristallklaren Hochfrequenzen.<br \/>\nKompatibel mit Xbox Series X, Xbox One und Windows 10.<\/p>\n","protected":false},"featured_media":828,"comment_status":"open","ping_status":"closed","template":"","meta":[],"product_brand":[],"product_cat":[28],"product_tag":[],"woo-feed-brand":[],"class_list":{"0":"post-827","1":"product","2":"type-product","3":"status-publish","4":"has-post-thumbnail","6":"product_cat-xbox-konsolen","8":"entry","9":"has-media","11":"first","12":"instock","13":"taxable","14":"shipping-taxable","15":"purchasable","16":"product-type-simple","17":"has-product-nav","18":"col","19":"span_1_of_3","20":"owp-content-center","21":"owp-thumbs-layout-horizontal","22":"owp-btn-normal","23":"owp-tabs-layout-horizontal","24":"has-no-thumbnails"},"exclude_global_add_ons":[],"addons":[],"jetpack_sharing_enabled":true,"_links":{"self":[{"href":"https:\/\/www.techcloseoutlet.com\/index.php\/wp-json\/wp\/v2\/product\/827","targetHints":{"allow":["GET"]}}],"collection":[{"href":"https:\/\/www.techcloseoutlet.com\/index.php\/wp-json\/wp\/v2\/product"}],"about":[{"href":"https:\/\/www.techcloseoutlet.com\/index.php\/wp-json\/wp\/v2\/types\/product"}],"replies":[{"embeddable":true,"href":"https:\/\/www.techcloseoutlet.com\/index.php\/wp-json\/wp\/v2\/comments?post=827"}],"wp:featuredmedia":[{"embeddable":true,"href":"https:\/\/www.techcloseoutlet.com\/index.php\/wp-json\/wp\/v2\/media\/828"}],"wp:attachment":[{"href":"https:\/\/www.techcloseoutlet.com\/index.php\/wp-json\/wp\/v2\/media?parent=827"}],"wp:term":[{"taxonomy":"product_brand","embeddable":true,"href":"https:\/\/www.techcloseoutlet.com\/index.php\/wp-json\/wp\/v2\/product_brand?post=827"},{"taxonomy":"product_cat","embeddable":true,"href":"https:\/\/www.techcloseoutlet.com\/index.php\/wp-json\/wp\/v2\/product_cat?post=827"},{"taxonomy":"product_tag","embeddable":true,"href":"https:\/\/www.techcloseoutlet.com\/index.php\/wp-json\/wp\/v2\/product_tag?post=827"},{"taxonomy":"woo-feed-brand","embeddable":true,"href":"https:\/\/www.techcloseoutlet.com\/index.php\/wp-json\/wp\/v2\/woo-feed-brand?post=827"}],"curies":[{"name":"wp","href":"https:\/\/api.w.org\/{rel}","templated":true}]}}