{"id":825,"date":"2020-12-14T11:56:02","date_gmt":"2020-12-14T11:56:02","guid":{"rendered":"https:\/\/www.techcloseoutlet.com\/index.php\/product\/microsoft-oem-kinect-adapter-for-windows\/"},"modified":"2024-09-09T06:20:29","modified_gmt":"2024-09-09T06:20:29","slug":"microsoft-oem-kinect-adapter-for-windows","status":"publish","type":"product","link":"https:\/\/www.techcloseoutlet.com\/index.php\/product\/microsoft-oem-kinect-adapter-for-windows\/?lang=de","title":{"rendered":"Microsoft OEM Kinect Adapter f\u00fcr Windows"},"content":{"rendered":"<p>Profitieren Sie von der fortschrittlichen Skelettverfolgung des Sensors, der verbesserten Ger\u00e4uschisolierung, dem gr\u00f6\u00dferen Sichtfeld, der 1080p HD-Kamera, der pr\u00e4zisen Gestenerkennung und den Funktionen bei schlechten Lichtverh\u00e4ltnissen.<br \/>\nMit Kinect k\u00f6nnen Sie Erlebnisse schaffen, die nat\u00fcrlicher, pers\u00f6nlicher und ansprechender sind.<br \/>\nStellen Sie mit dem Kinect Adapter f\u00fcr Windows eine Verbindung zu einem PC \u00fcber USB 3.0 her, um benutzerdefinierte L\u00f6sungen und Erfahrungen f\u00fcr Ihr Unternehmen zu erstellen, oder ver\u00f6ffentlichen Sie Apps im Windows Store.<br \/>\nFunktioniert auch als Ersatzadapter f\u00fcr den Kinect f\u00fcr Windows v2-Sensor.<\/p>\n","protected":false},"excerpt":{"rendered":"<p>Profitieren Sie von der fortschrittlichen Skelettverfolgung des Sensors, der verbesserten Ger\u00e4uschisolierung, dem gr\u00f6\u00dferen Sichtfeld, der 1080p HD-Kamera, der pr\u00e4zisen Gestenerkennung und den Funktionen bei schlechten Lichtverh\u00e4ltnissen.<br \/>\nMit Kinect k\u00f6nnen Sie Erlebnisse schaffen, die nat\u00fcrlicher, pers\u00f6nlicher und ansprechender sind.<br \/>\nStellen Sie mit dem Kinect Adapter f\u00fcr Windows eine Verbindung zu einem PC \u00fcber USB 3.0 her, um benutzerdefinierte L\u00f6sungen und Erfahrungen f\u00fcr Ihr Unternehmen zu erstellen, oder ver\u00f6ffentlichen Sie Apps im Windows Store.<br \/>\nFunktioniert auch als Ersatzadapter f\u00fcr den Kinect f\u00fcr Windows v2-Sensor.<\/p>\n","protected":false},"featured_media":826,"comment_status":"open","ping_status":"closed","template":"","meta":[],"product_brand":[],"product_cat":[28],"product_tag":[],"woo-feed-brand":[],"class_list":{"0":"post-825","1":"product","2":"type-product","3":"status-publish","4":"has-post-thumbnail","6":"product_cat-xbox-konsolen","8":"entry","9":"has-media","11":"first","12":"instock","13":"taxable","14":"shipping-taxable","15":"purchasable","16":"product-type-simple","17":"has-product-nav","18":"col","19":"span_1_of_3","20":"owp-content-center","21":"owp-thumbs-layout-horizontal","22":"owp-btn-normal","23":"owp-tabs-layout-horizontal","24":"has-no-thumbnails"},"exclude_global_add_ons":[],"addons":[],"jetpack_sharing_enabled":true,"_links":{"self":[{"href":"https:\/\/www.techcloseoutlet.com\/index.php\/wp-json\/wp\/v2\/product\/825","targetHints":{"allow":["GET"]}}],"collection":[{"href":"https:\/\/www.techcloseoutlet.com\/index.php\/wp-json\/wp\/v2\/product"}],"about":[{"href":"https:\/\/www.techcloseoutlet.com\/index.php\/wp-json\/wp\/v2\/types\/product"}],"replies":[{"embeddable":true,"href":"https:\/\/www.techcloseoutlet.com\/index.php\/wp-json\/wp\/v2\/comments?post=825"}],"wp:featuredmedia":[{"embeddable":true,"href":"https:\/\/www.techcloseoutlet.com\/index.php\/wp-json\/wp\/v2\/media\/826"}],"wp:attachment":[{"href":"https:\/\/www.techcloseoutlet.com\/index.php\/wp-json\/wp\/v2\/media?parent=825"}],"wp:term":[{"taxonomy":"product_brand","embeddable":true,"href":"https:\/\/www.techcloseoutlet.com\/index.php\/wp-json\/wp\/v2\/product_brand?post=825"},{"taxonomy":"product_cat","embeddable":true,"href":"https:\/\/www.techcloseoutlet.com\/index.php\/wp-json\/wp\/v2\/product_cat?post=825"},{"taxonomy":"product_tag","embeddable":true,"href":"https:\/\/www.techcloseoutlet.com\/index.php\/wp-json\/wp\/v2\/product_tag?post=825"},{"taxonomy":"woo-feed-brand","embeddable":true,"href":"https:\/\/www.techcloseoutlet.com\/index.php\/wp-json\/wp\/v2\/woo-feed-brand?post=825"}],"curies":[{"name":"wp","href":"https:\/\/api.w.org\/{rel}","templated":true}]}}