{"id":823,"date":"2020-12-14T11:49:19","date_gmt":"2020-12-14T11:49:19","guid":{"rendered":"https:\/\/www.techcloseoutlet.com\/index.php\/product\/microsoft-xbox-wireless-adapter-for-windows-10\/"},"modified":"2024-09-09T06:20:36","modified_gmt":"2024-09-09T06:20:36","slug":"microsoft-xbox-wireless-adapter-for-windows-10","status":"publish","type":"product","link":"https:\/\/www.techcloseoutlet.com\/index.php\/product\/microsoft-xbox-wireless-adapter-for-windows-10\/?lang=de","title":{"rendered":"Microsoft Xbox Wireless Adapter f\u00fcr Windows 10"},"content":{"rendered":"<p>Spielen Sie mit Ihrem Xbox Wireless Controller auf PCs und Tablets unter Windows 10.<br \/>\nVerwenden Sie den Adapter, um PC-Spiele zu spielen oder um Xbox One-Spiele von der Xbox-App auf Windows 10 zu streamen.<br \/>\nVerbinden Sie den Adapter drahtlos mit Ihrem Xbox-Controller, um das gleiche Spielerlebnis zu erm\u00f6glichen, das Sie auf Xbox One gewohnt sind, einschlie\u00dflich Chat im Spiel und hochwertigem Stereo-Audio.<br \/>\nWird mit einem USB-Verl\u00e4ngerungskabel geliefert, um die Platzierung und Zug\u00e4nglichkeit beim Anschlie\u00dfen an Ihren PC oder Tablet zu verbessern.<br \/>\nBinden Sie den Adapter einfach an Ihren Wireless Controller, um das gleiche Spielerlebnis wie auf Xbox One zu erm\u00f6glichen, einschlie\u00dflich Chat im Spiel und hochwertigem Stereo-Audio.<br \/>\nInklusive USB-Verl\u00e4ngerungskabel.<br \/>\nKompatibel mit Xbox Series X, Xbox One und Windows 10.<\/p>\n","protected":false},"excerpt":{"rendered":"<p>Spielen Sie mit Ihrem Xbox Wireless Controller auf PCs und Tablets unter Windows 10.<br \/>\nVerwenden Sie den Adapter, um PC-Spiele zu spielen oder um Xbox One-Spiele von der Xbox-App auf Windows 10 zu streamen.<br \/>\nVerbinden Sie den Adapter drahtlos mit Ihrem Xbox-Controller, um das gleiche Spielerlebnis zu erm\u00f6glichen, das Sie auf Xbox One gewohnt sind, einschlie\u00dflich Chat im Spiel und hochwertigem Stereo-Audio.<br \/>\nWird mit einem USB-Verl\u00e4ngerungskabel geliefert, um die Platzierung und Zug\u00e4nglichkeit beim Anschlie\u00dfen an Ihren PC oder Tablet zu verbessern.<br \/>\nBinden Sie den Adapter einfach an Ihren Wireless Controller, um das gleiche Spielerlebnis wie auf Xbox One zu erm\u00f6glichen, einschlie\u00dflich Chat im Spiel und hochwertigem Stereo-Audio.<br \/>\nInklusive USB-Verl\u00e4ngerungskabel.<br \/>\nKompatibel mit Xbox Series X, Xbox One und Windows 10.<\/p>\n","protected":false},"featured_media":824,"comment_status":"open","ping_status":"closed","template":"","meta":[],"product_brand":[],"product_cat":[28],"product_tag":[],"woo-feed-brand":[],"class_list":{"0":"post-823","1":"product","2":"type-product","3":"status-publish","4":"has-post-thumbnail","6":"product_cat-xbox-konsolen","8":"entry","9":"has-media","11":"first","12":"instock","13":"taxable","14":"shipping-taxable","15":"purchasable","16":"product-type-simple","17":"has-product-nav","18":"col","19":"span_1_of_3","20":"owp-content-center","21":"owp-thumbs-layout-horizontal","22":"owp-btn-normal","23":"owp-tabs-layout-horizontal","24":"has-no-thumbnails"},"exclude_global_add_ons":[],"addons":[],"jetpack_sharing_enabled":true,"_links":{"self":[{"href":"https:\/\/www.techcloseoutlet.com\/index.php\/wp-json\/wp\/v2\/product\/823","targetHints":{"allow":["GET"]}}],"collection":[{"href":"https:\/\/www.techcloseoutlet.com\/index.php\/wp-json\/wp\/v2\/product"}],"about":[{"href":"https:\/\/www.techcloseoutlet.com\/index.php\/wp-json\/wp\/v2\/types\/product"}],"replies":[{"embeddable":true,"href":"https:\/\/www.techcloseoutlet.com\/index.php\/wp-json\/wp\/v2\/comments?post=823"}],"wp:featuredmedia":[{"embeddable":true,"href":"https:\/\/www.techcloseoutlet.com\/index.php\/wp-json\/wp\/v2\/media\/824"}],"wp:attachment":[{"href":"https:\/\/www.techcloseoutlet.com\/index.php\/wp-json\/wp\/v2\/media?parent=823"}],"wp:term":[{"taxonomy":"product_brand","embeddable":true,"href":"https:\/\/www.techcloseoutlet.com\/index.php\/wp-json\/wp\/v2\/product_brand?post=823"},{"taxonomy":"product_cat","embeddable":true,"href":"https:\/\/www.techcloseoutlet.com\/index.php\/wp-json\/wp\/v2\/product_cat?post=823"},{"taxonomy":"product_tag","embeddable":true,"href":"https:\/\/www.techcloseoutlet.com\/index.php\/wp-json\/wp\/v2\/product_tag?post=823"},{"taxonomy":"woo-feed-brand","embeddable":true,"href":"https:\/\/www.techcloseoutlet.com\/index.php\/wp-json\/wp\/v2\/woo-feed-brand?post=823"}],"curies":[{"name":"wp","href":"https:\/\/api.w.org\/{rel}","templated":true}]}}