{"id":821,"date":"2020-12-14T11:46:01","date_gmt":"2020-12-14T11:46:01","guid":{"rendered":"https:\/\/www.techcloseoutlet.com\/index.php\/product\/microsoft-xbox-one-stereo-headset-adapter-only-non-retail-packaging\/"},"modified":"2024-09-09T06:20:40","modified_gmt":"2024-09-09T06:20:40","slug":"microsoft-xbox-one-stereo-headset-adapter-only-non-retail-packaging","status":"publish","type":"product","link":"https:\/\/www.techcloseoutlet.com\/index.php\/product\/microsoft-xbox-one-stereo-headset-adapter-only-non-retail-packaging\/?lang=de","title":{"rendered":"Nur Microsoft Xbox One-Stereo-Headset-Adapter (nicht im Einzelhandel erh\u00e4ltliche Verpackung)"},"content":{"rendered":"<p>Echter OEM-Microsoft-Adapter, brandneu in Gro\u00dfverpackungen.<br \/>\nErm\u00f6glicht den meisten kabelgebundenen Stereo-Gaming-Headsets die Verwendung mit Xbox One *. Passen Sie Chat-Audio einfach an, ohne die H\u00e4nde vom Controller zu nehmen.<br \/>\nZu den Steuerelementen geh\u00f6ren Lautst\u00e4rke erh\u00f6hen \/ verringern, Mikrofon stumm schalten und Spiel- \/ Chat-Balance.<br \/>\nWird an die Unterseite des Xbox One Wireless Controllers angeschlossen und verf\u00fcgt \u00fcber eine 3,5-mm-Audiobuchse, an die Ihr kabelgebundenes Headset angeschlossen werden kann.<\/p>\n","protected":false},"excerpt":{"rendered":"<p>Echter OEM-Microsoft-Adapter, brandneu in Gro\u00dfverpackungen.<br \/>\nErm\u00f6glicht den meisten kabelgebundenen Stereo-Gaming-Headsets die Verwendung mit Xbox One *. Passen Sie Chat-Audio einfach an, ohne die H\u00e4nde vom Controller zu nehmen.<br \/>\nZu den Steuerelementen geh\u00f6ren Lautst\u00e4rke erh\u00f6hen \/ verringern, Mikrofon stumm schalten und Spiel- \/ Chat-Balance.<br \/>\nWird an die Unterseite des Xbox One Wireless Controllers angeschlossen und verf\u00fcgt \u00fcber eine 3,5-mm-Audiobuchse, an die Ihr kabelgebundenes Headset angeschlossen werden kann.<\/p>\n","protected":false},"featured_media":822,"comment_status":"open","ping_status":"closed","template":"","meta":[],"product_brand":[],"product_cat":[28],"product_tag":[],"woo-feed-brand":[],"class_list":{"0":"post-821","1":"product","2":"type-product","3":"status-publish","4":"has-post-thumbnail","6":"product_cat-xbox-konsolen","8":"entry","9":"has-media","11":"first","12":"instock","13":"taxable","14":"shipping-taxable","15":"purchasable","16":"product-type-simple","17":"has-product-nav","18":"col","19":"span_1_of_3","20":"owp-content-center","21":"owp-thumbs-layout-horizontal","22":"owp-btn-normal","23":"owp-tabs-layout-horizontal","24":"has-no-thumbnails"},"exclude_global_add_ons":[],"addons":[],"jetpack_sharing_enabled":true,"_links":{"self":[{"href":"https:\/\/www.techcloseoutlet.com\/index.php\/wp-json\/wp\/v2\/product\/821","targetHints":{"allow":["GET"]}}],"collection":[{"href":"https:\/\/www.techcloseoutlet.com\/index.php\/wp-json\/wp\/v2\/product"}],"about":[{"href":"https:\/\/www.techcloseoutlet.com\/index.php\/wp-json\/wp\/v2\/types\/product"}],"replies":[{"embeddable":true,"href":"https:\/\/www.techcloseoutlet.com\/index.php\/wp-json\/wp\/v2\/comments?post=821"}],"wp:featuredmedia":[{"embeddable":true,"href":"https:\/\/www.techcloseoutlet.com\/index.php\/wp-json\/wp\/v2\/media\/822"}],"wp:attachment":[{"href":"https:\/\/www.techcloseoutlet.com\/index.php\/wp-json\/wp\/v2\/media?parent=821"}],"wp:term":[{"taxonomy":"product_brand","embeddable":true,"href":"https:\/\/www.techcloseoutlet.com\/index.php\/wp-json\/wp\/v2\/product_brand?post=821"},{"taxonomy":"product_cat","embeddable":true,"href":"https:\/\/www.techcloseoutlet.com\/index.php\/wp-json\/wp\/v2\/product_cat?post=821"},{"taxonomy":"product_tag","embeddable":true,"href":"https:\/\/www.techcloseoutlet.com\/index.php\/wp-json\/wp\/v2\/product_tag?post=821"},{"taxonomy":"woo-feed-brand","embeddable":true,"href":"https:\/\/www.techcloseoutlet.com\/index.php\/wp-json\/wp\/v2\/woo-feed-brand?post=821"}],"curies":[{"name":"wp","href":"https:\/\/api.w.org\/{rel}","templated":true}]}}