{"id":815,"date":"2020-12-14T11:35:38","date_gmt":"2020-12-14T11:35:38","guid":{"rendered":"https:\/\/www.techcloseoutlet.com\/index.php\/product\/xbox-core-controller-robot-white\/"},"modified":"2024-09-09T06:21:20","modified_gmt":"2024-09-09T06:21:20","slug":"xbox-core-controller-robot-white","status":"publish","type":"product","link":"https:\/\/www.techcloseoutlet.com\/index.php\/product\/xbox-core-controller-robot-white\/?lang=de","title":{"rendered":"Xbox Core Controller &#8211; Roboter Wei\u00df"},"content":{"rendered":"<p>Erleben Sie das modernisierte Design des Xbox Wireless Controllers in Robot White mit geformten Oberfl\u00e4chen und raffinierter Geometrie f\u00fcr mehr Komfort und m\u00fchelose Kontrolle w\u00e4hrend des Spiels.<br \/>\nBleiben Sie mit strukturiertem Griff an den Ausl\u00f6sern, Sto\u00dff\u00e4ngern und dem hinteren Geh\u00e4use sowie mit einem neuen Hybrid-D-Pad f\u00fcr pr\u00e4zise und dennoch vertraute Eingaben am Ziel.<br \/>\nMachen Sie den Controller zu Ihrem eigenen, indem Sie die Tastenbelegung mit der Xbox-Zubeh\u00f6r-App anpassen. *<br \/>\nSchlie\u00dfen Sie jedes kompatible Headset an die 3,5-mm-Audio-Headset-Buchse an.<br \/>\nEnth\u00e4lt Xbox Wireless- und Bluetooth-Technologie f\u00fcr drahtloses Spielen auf unterst\u00fctzten Konsolen, Windows 10-PCs, Android-Telefonen und Tablets. * IOS-Unterst\u00fctzung in Zukunft.<\/p>\n","protected":false},"excerpt":{"rendered":"<p>Erleben Sie das modernisierte Design des Xbox Wireless Controllers in Robot White mit geformten Oberfl\u00e4chen und raffinierter Geometrie f\u00fcr mehr Komfort und m\u00fchelose Kontrolle w\u00e4hrend des Spiels.<br \/>\nBleiben Sie mit strukturiertem Griff an den Ausl\u00f6sern, Sto\u00dff\u00e4ngern und dem hinteren Geh\u00e4use sowie mit einem neuen Hybrid-D-Pad f\u00fcr pr\u00e4zise und dennoch vertraute Eingaben am Ziel.<br \/>\nMachen Sie den Controller zu Ihrem eigenen, indem Sie die Tastenbelegung mit der Xbox-Zubeh\u00f6r-App anpassen. *<br \/>\nSchlie\u00dfen Sie jedes kompatible Headset an die 3,5-mm-Audio-Headset-Buchse an.<br \/>\nEnth\u00e4lt Xbox Wireless- und Bluetooth-Technologie f\u00fcr drahtloses Spielen auf unterst\u00fctzten Konsolen, Windows 10-PCs, Android-Telefonen und Tablets. * IOS-Unterst\u00fctzung in Zukunft.<\/p>\n","protected":false},"featured_media":817,"comment_status":"open","ping_status":"closed","template":"","meta":[],"product_brand":[],"product_cat":[28],"product_tag":[],"woo-feed-brand":[],"class_list":{"0":"post-815","1":"product","2":"type-product","3":"status-publish","4":"has-post-thumbnail","6":"product_cat-xbox-konsolen","8":"entry","9":"has-media","11":"first","12":"instock","13":"taxable","14":"shipping-taxable","15":"purchasable","16":"product-type-simple","17":"has-product-nav","18":"col","19":"span_1_of_3","20":"owp-content-center","21":"owp-thumbs-layout-horizontal","22":"owp-btn-normal","23":"owp-tabs-layout-horizontal","24":"has-no-thumbnails"},"exclude_global_add_ons":[],"addons":[],"jetpack_sharing_enabled":true,"_links":{"self":[{"href":"https:\/\/www.techcloseoutlet.com\/index.php\/wp-json\/wp\/v2\/product\/815","targetHints":{"allow":["GET"]}}],"collection":[{"href":"https:\/\/www.techcloseoutlet.com\/index.php\/wp-json\/wp\/v2\/product"}],"about":[{"href":"https:\/\/www.techcloseoutlet.com\/index.php\/wp-json\/wp\/v2\/types\/product"}],"replies":[{"embeddable":true,"href":"https:\/\/www.techcloseoutlet.com\/index.php\/wp-json\/wp\/v2\/comments?post=815"}],"wp:featuredmedia":[{"embeddable":true,"href":"https:\/\/www.techcloseoutlet.com\/index.php\/wp-json\/wp\/v2\/media\/817"}],"wp:attachment":[{"href":"https:\/\/www.techcloseoutlet.com\/index.php\/wp-json\/wp\/v2\/media?parent=815"}],"wp:term":[{"taxonomy":"product_brand","embeddable":true,"href":"https:\/\/www.techcloseoutlet.com\/index.php\/wp-json\/wp\/v2\/product_brand?post=815"},{"taxonomy":"product_cat","embeddable":true,"href":"https:\/\/www.techcloseoutlet.com\/index.php\/wp-json\/wp\/v2\/product_cat?post=815"},{"taxonomy":"product_tag","embeddable":true,"href":"https:\/\/www.techcloseoutlet.com\/index.php\/wp-json\/wp\/v2\/product_tag?post=815"},{"taxonomy":"woo-feed-brand","embeddable":true,"href":"https:\/\/www.techcloseoutlet.com\/index.php\/wp-json\/wp\/v2\/woo-feed-brand?post=815"}],"curies":[{"name":"wp","href":"https:\/\/api.w.org\/{rel}","templated":true}]}}