{"id":813,"date":"2020-12-14T11:33:31","date_gmt":"2020-12-14T11:33:31","guid":{"rendered":"https:\/\/www.techcloseoutlet.com\/index.php\/product\/pulse-3d-wireless-headset\/"},"modified":"2024-09-09T06:21:25","modified_gmt":"2024-09-09T06:21:25","slug":"pulse-3d-wireless-headset","status":"publish","type":"product","link":"https:\/\/www.techcloseoutlet.com\/index.php\/product\/pulse-3d-wireless-headset\/?lang=de","title":{"rendered":"PULSE 3D Wireless Headset"},"content":{"rendered":"<p>Entwickelt f\u00fcr eine neue Generation &#8211; Optimiert f\u00fcr 3D-Audio auf PS5-Konsolen *. Genie\u00dfen Sie bequemes Spielen mit raffinierten Ohrpolstern und Stirnband. Spielen Sie stilvoll mit einem schlanken Design, das die PS5-Konsole erg\u00e4nzt. * Verf\u00fcgbar, wenn die Funktion vom Spiel unterst\u00fctzt wird.<br \/>\nEntwickelt f\u00fcr Gamer &#8211; Chatten Sie mit Freunden \u00fcber die versteckten Mikrofone mit Ger\u00e4uschunterdr\u00fcckung *. Passen Sie die Audio- und Chat-Einstellungen mit den leicht zug\u00e4nglichen Steuerelementen schnell an. * Internet und Konto f\u00fcr das PlayStation Network erforderlich.<br \/>\nNehmen Sie Ihre Abenteuer weiter &#8211; Genie\u00dfen Sie bis zu 12 Stunden kabelloses Spielen mit dem eingebauten Akku. Stellen Sie mit dem WLAN-Adapter einfach eine Verbindung zu Ihrer PS5- oder PS4-Konsole her. Stellen Sie mit dem mitgelieferten Audiokabel * eine Verbindung zu PS VR und Mobilger\u00e4ten her. * Integrierte Headset-Steuerelemente werden von PS VR und Mobilger\u00e4ten nicht unterst\u00fctzt.<\/p>\n","protected":false},"excerpt":{"rendered":"<p>Entwickelt f\u00fcr eine neue Generation &#8211; Optimiert f\u00fcr 3D-Audio auf PS5-Konsolen *. Genie\u00dfen Sie bequemes Spielen mit raffinierten Ohrpolstern und Stirnband. Spielen Sie stilvoll mit einem schlanken Design, das die PS5-Konsole erg\u00e4nzt. * Verf\u00fcgbar, wenn die Funktion vom Spiel unterst\u00fctzt wird.<br \/>\nEntwickelt f\u00fcr Gamer &#8211; Chatten Sie mit Freunden \u00fcber die versteckten Mikrofone mit Ger\u00e4uschunterdr\u00fcckung *. Passen Sie die Audio- und Chat-Einstellungen mit den leicht zug\u00e4nglichen Steuerelementen schnell an. * Internet und Konto f\u00fcr das PlayStation Network erforderlich.<br \/>\nNehmen Sie Ihre Abenteuer weiter &#8211; Genie\u00dfen Sie bis zu 12 Stunden kabelloses Spielen mit dem eingebauten Akku. Stellen Sie mit dem WLAN-Adapter einfach eine Verbindung zu Ihrer PS5- oder PS4-Konsole her. Stellen Sie mit dem mitgelieferten Audiokabel * eine Verbindung zu PS VR und Mobilger\u00e4ten her. * Integrierte Headset-Steuerelemente werden von PS VR und Mobilger\u00e4ten nicht unterst\u00fctzt.<\/p>\n","protected":false},"featured_media":814,"comment_status":"open","ping_status":"closed","template":"","meta":[],"product_brand":[],"product_cat":[27],"product_tag":[],"woo-feed-brand":[],"class_list":{"0":"post-813","1":"product","2":"type-product","3":"status-publish","4":"has-post-thumbnail","6":"product_cat-playstation-konsolen","8":"entry","9":"has-media","11":"first","12":"instock","13":"sale","14":"taxable","15":"shipping-taxable","16":"purchasable","17":"product-type-simple","18":"has-product-nav","19":"col","20":"span_1_of_3","21":"owp-content-center","22":"owp-thumbs-layout-horizontal","23":"owp-btn-normal","24":"owp-tabs-layout-horizontal","25":"has-no-thumbnails"},"exclude_global_add_ons":[],"addons":[],"jetpack_sharing_enabled":true,"_links":{"self":[{"href":"https:\/\/www.techcloseoutlet.com\/index.php\/wp-json\/wp\/v2\/product\/813","targetHints":{"allow":["GET"]}}],"collection":[{"href":"https:\/\/www.techcloseoutlet.com\/index.php\/wp-json\/wp\/v2\/product"}],"about":[{"href":"https:\/\/www.techcloseoutlet.com\/index.php\/wp-json\/wp\/v2\/types\/product"}],"replies":[{"embeddable":true,"href":"https:\/\/www.techcloseoutlet.com\/index.php\/wp-json\/wp\/v2\/comments?post=813"}],"wp:featuredmedia":[{"embeddable":true,"href":"https:\/\/www.techcloseoutlet.com\/index.php\/wp-json\/wp\/v2\/media\/814"}],"wp:attachment":[{"href":"https:\/\/www.techcloseoutlet.com\/index.php\/wp-json\/wp\/v2\/media?parent=813"}],"wp:term":[{"taxonomy":"product_brand","embeddable":true,"href":"https:\/\/www.techcloseoutlet.com\/index.php\/wp-json\/wp\/v2\/product_brand?post=813"},{"taxonomy":"product_cat","embeddable":true,"href":"https:\/\/www.techcloseoutlet.com\/index.php\/wp-json\/wp\/v2\/product_cat?post=813"},{"taxonomy":"product_tag","embeddable":true,"href":"https:\/\/www.techcloseoutlet.com\/index.php\/wp-json\/wp\/v2\/product_tag?post=813"},{"taxonomy":"woo-feed-brand","embeddable":true,"href":"https:\/\/www.techcloseoutlet.com\/index.php\/wp-json\/wp\/v2\/woo-feed-brand?post=813"}],"curies":[{"name":"wp","href":"https:\/\/api.w.org\/{rel}","templated":true}]}}