{"id":811,"date":"2020-12-14T11:32:13","date_gmt":"2020-12-14T11:32:13","guid":{"rendered":"https:\/\/www.techcloseoutlet.com\/index.php\/product\/playstation-5-hd-camera\/"},"modified":"2026-03-19T11:42:15","modified_gmt":"2026-03-19T11:42:15","slug":"playstation-5-hd-camera","status":"publish","type":"product","link":"https:\/\/www.techcloseoutlet.com\/index.php\/product\/playstation-5-hd-camera\/?lang=de","title":{"rendered":"PlayStation 5 HD-Kamera"},"content":{"rendered":"<p>1080p-Aufnahme &#8211; Nehmen Sie sich mit den beiden Weitwinkelobjektiven der Kamera in fl\u00fcssigem, scharfem Full-HD auf, w\u00e4hrend Sie Ihre epischsten Spielemomente ausleben. Erstellen Sie schnell eine Aufzeichnung oder eine Sendung von sich selbst und Ihrem Gameplay mit der Erstellungsschaltfl\u00e4che * Ihres DualSense-Wireless-Controllers *. * Internet und Konto f\u00fcr das PlayStation Network erforderlich.<br \/>\nEingebauter St\u00e4nder &#8211; Mit dem eingebauten verstellbaren St\u00e4nder der HD-Kamera erzielen Sie die perfekte Aufnahme. Dank seines kompakten Designs kann es sicher \u00fcber oder unter Fernsehger\u00e4ten positioniert werden. Hier k\u00f6nnen Sie den Winkel genau an Ihre Einrichtung anpassen.<br \/>\nTools zum Entfernen des Hintergrunds &#8211; Mit den integrierten Tools zum Entfernen des Hintergrunds der PlayStation 5-Konsole stehen Ihre Produktionen im Mittelpunkt Ihrer Produktionen. Mit der HD-Kamera k\u00f6nnen Sie sich w\u00e4hrend der \u00dcbertragung im Bild-in-Bild-Modus zu Ihren Gameplay-Videos hinzuf\u00fcgen und den Hintergrund zuschneiden oder mit einem gr\u00fcnen Bildschirm vollst\u00e4ndig verlieren.<\/p>\n","protected":false},"excerpt":{"rendered":"<p>1080p-Aufnahme &#8211; Nehmen Sie sich mit den beiden Weitwinkelobjektiven der Kamera in fl\u00fcssigem, scharfem Full-HD auf, w\u00e4hrend Sie Ihre epischsten Spielemomente ausleben. Erstellen Sie schnell eine Aufzeichnung oder eine Sendung von sich selbst und Ihrem Gameplay mit der Erstellungsschaltfl\u00e4che * Ihres DualSense-Wireless-Controllers *. * Internet und Konto f\u00fcr das PlayStation Network erforderlich.<br \/>\nEingebauter St\u00e4nder &#8211; Mit dem eingebauten verstellbaren St\u00e4nder der HD-Kamera erzielen Sie die perfekte Aufnahme. Dank seines kompakten Designs kann es sicher \u00fcber oder unter Fernsehger\u00e4ten positioniert werden. Hier k\u00f6nnen Sie den Winkel genau an Ihre Einrichtung anpassen.<br \/>\nTools zum Entfernen des Hintergrunds &#8211; Mit den integrierten Tools zum Entfernen des Hintergrunds der PlayStation 5-Konsole stehen Ihre Produktionen im Mittelpunkt Ihrer Produktionen. Mit der HD-Kamera k\u00f6nnen Sie sich w\u00e4hrend der \u00dcbertragung im Bild-in-Bild-Modus zu Ihren Gameplay-Videos hinzuf\u00fcgen und den Hintergrund zuschneiden oder mit einem gr\u00fcnen Bildschirm vollst\u00e4ndig verlieren.<\/p>\n","protected":false},"featured_media":812,"comment_status":"open","ping_status":"closed","template":"","meta":[],"product_brand":[],"product_cat":[27],"product_tag":[],"woo-feed-brand":[],"class_list":{"0":"post-811","1":"product","2":"type-product","3":"status-publish","4":"has-post-thumbnail","6":"product_cat-playstation-konsolen","8":"entry","9":"has-media","11":"first","12":"instock","13":"sale","14":"taxable","15":"shipping-taxable","16":"purchasable","17":"product-type-simple","18":"has-product-nav","19":"col","20":"span_1_of_3","21":"owp-content-center","22":"owp-thumbs-layout-horizontal","23":"owp-btn-normal","24":"owp-tabs-layout-horizontal","25":"has-no-thumbnails"},"exclude_global_add_ons":[],"addons":[],"jetpack_sharing_enabled":true,"_links":{"self":[{"href":"https:\/\/www.techcloseoutlet.com\/index.php\/wp-json\/wp\/v2\/product\/811","targetHints":{"allow":["GET"]}}],"collection":[{"href":"https:\/\/www.techcloseoutlet.com\/index.php\/wp-json\/wp\/v2\/product"}],"about":[{"href":"https:\/\/www.techcloseoutlet.com\/index.php\/wp-json\/wp\/v2\/types\/product"}],"replies":[{"embeddable":true,"href":"https:\/\/www.techcloseoutlet.com\/index.php\/wp-json\/wp\/v2\/comments?post=811"}],"wp:featuredmedia":[{"embeddable":true,"href":"https:\/\/www.techcloseoutlet.com\/index.php\/wp-json\/wp\/v2\/media\/812"}],"wp:attachment":[{"href":"https:\/\/www.techcloseoutlet.com\/index.php\/wp-json\/wp\/v2\/media?parent=811"}],"wp:term":[{"taxonomy":"product_brand","embeddable":true,"href":"https:\/\/www.techcloseoutlet.com\/index.php\/wp-json\/wp\/v2\/product_brand?post=811"},{"taxonomy":"product_cat","embeddable":true,"href":"https:\/\/www.techcloseoutlet.com\/index.php\/wp-json\/wp\/v2\/product_cat?post=811"},{"taxonomy":"product_tag","embeddable":true,"href":"https:\/\/www.techcloseoutlet.com\/index.php\/wp-json\/wp\/v2\/product_tag?post=811"},{"taxonomy":"woo-feed-brand","embeddable":true,"href":"https:\/\/www.techcloseoutlet.com\/index.php\/wp-json\/wp\/v2\/woo-feed-brand?post=811"}],"curies":[{"name":"wp","href":"https:\/\/api.w.org\/{rel}","templated":true}]}}