{"id":54310,"date":"2026-03-03T13:11:15","date_gmt":"2026-03-03T13:11:15","guid":{"rendered":"https:\/\/www.techcloseoutlet.com\/index.php\/product\/sennheiser-momentum-on-ear-i-m2-cuffie-con-microfono-on-ear-cablate-jack-da-35-mm\/"},"modified":"2026-03-03T13:11:15","modified_gmt":"2026-03-03T13:11:15","slug":"sennheiser-momentum-on-ear-i-m2-cuffie-con-microfono-on-ear-cablate-jack-da-35-mm","status":"publish","type":"product","link":"https:\/\/www.techcloseoutlet.com\/index.php\/product\/sennheiser-momentum-on-ear-i-m2-cuffie-con-microfono-on-ear-cablate-jack-da-35-mm\/?lang=it","title":{"rendered":"Sennheiser MOMENTUM On-Ear I (M2) &#8211; Cuffie con microfono &#8211; on-ear &#8211; cablate &#8211; jack da 3,5 mm"},"content":{"rendered":"<p>Dettagliate e chiare:<br \/>\nQueste cuffie MOMENTUM On-Ear riproducono ogni sfumatura uditiva con dettagli ancora pi\u00f9 fini. Grazie ai trasduttori proprietari al neodimio 18-O, il suono distintivo MOMENTUM diventa ancora pi\u00f9 brillante. Sono chiare, ricche di dettagli e con bassi potenti.<br \/>\nEleganti e resistenti:<br \/>\nLe MOMENTUM On-Ear non solo eccellono per il suono migliorato, ma anche per il design rivisitato. Il profilo leggermente curvo dell&#8217;archetto e i materiali di alta qualit\u00e0 come l&#8217;Alcantara traspirante garantiscono un comfort ottimale.<br \/>\nComode e versatili:<br \/>\nI padiglioni auricolari delle MOMENTUM On-Ear sono fissati a giunti sferici altamente mobili che scorrono in modo continuo su guide ergonomiche e pieghevoli. Il risultato: le cuffie si adattano perfettamente, anche nella loro nuova borsa salvaspazio, grazie al design pieghevole. L&#8217;archetto e i cuscinetti auricolari delle MOMENTUM On-Ear sono rivestiti in Alcantara super morbida e traspirante. Per un comfort ancora maggiore, i cuscinetti auricolari sono imbottiti con una speciale schiuma a doppio strato.<br \/>\nEstetiche e portatili:<br \/>\nGrazie al suo profilo ribassato, il jack stereo da 3,5 mm angolato \u00e8 ottimizzato per l&#8217;uso su dispositivi mobili. Dotato di jack su entrambe le estremit\u00e0, il cavo \u00e8 completamente staccabile e pu\u00f2 essere sostituito se necessario.<br \/>\nPratiche e intuitive:<br \/>\nIl telecomando integrato in linea consente di controllare facilmente chiamate, musica e volume. Inoltre, supportano dispositivi Apple come iPod, iPhone e iPad, nonch\u00e9 tablet e smartphone Android.<\/p>\n","protected":false},"excerpt":{"rendered":"<p>Dettagliate e chiare:<br \/>\nQueste cuffie MOMENTUM On-Ear riproducono ogni sfumatura uditiva con dettagli ancora pi\u00f9 fini. Grazie ai trasduttori proprietari al neodimio 18-O, il suono distintivo MOMENTUM diventa ancora pi\u00f9 brillante. Sono chiare, ricche di dettagli e con bassi potenti.<br \/>\nEleganti e resistenti:<br \/>\nLe MOMENTUM On-Ear non solo eccellono per il suono migliorato, ma anche per il design rivisitato. Il profilo leggermente curvo dell&#8217;archetto e i materiali di alta qualit\u00e0 come l&#8217;Alcantara traspirante garantiscono un comfort ottimale.<br \/>\nComode e versatili:<br \/>\nI padiglioni auricolari delle MOMENTUM On-Ear sono fissati a giunti sferici altamente mobili che scorrono in modo continuo su guide ergonomiche e pieghevoli. Il risultato: le cuffie si adattano perfettamente, anche nella loro nuova borsa salvaspazio, grazie al design pieghevole. L&#8217;archetto e i cuscinetti auricolari delle MOMENTUM On-Ear sono rivestiti in Alcantara super morbida e traspirante. Per un comfort ancora maggiore, i cuscinetti auricolari sono imbottiti con una speciale schiuma a doppio strato.<br \/>\nEstetiche e portatili:<br \/>\nGrazie al suo profilo ribassato, il jack stereo da 3,5 mm angolato \u00e8 ottimizzato per l&#8217;uso su dispositivi mobili. Dotato di jack su entrambe le estremit\u00e0, il cavo \u00e8 completamente staccabile e pu\u00f2 essere sostituito se necessario.<br \/>\nPratiche e intuitive:<br \/>\nIl telecomando integrato in linea consente di controllare facilmente chiamate, musica e volume. Inoltre, supportano dispositivi Apple come iPod, iPhone e iPad, nonch\u00e9 tablet e smartphone Android.<\/p>\n","protected":false},"featured_media":54284,"comment_status":"open","ping_status":"closed","template":"","meta":[],"product_brand":[],"product_cat":[45],"product_tag":[],"woo-feed-brand":[],"class_list":{"0":"post-54310","1":"product","2":"type-product","3":"status-publish","4":"has-post-thumbnail","6":"product_cat-cuffie","8":"entry","9":"has-media","11":"first","12":"instock","13":"sale","14":"taxable","15":"shipping-taxable","16":"purchasable","17":"product-type-simple","18":"has-product-nav","19":"col","20":"span_1_of_3","21":"owp-content-center","22":"owp-thumbs-layout-horizontal","23":"owp-btn-normal","24":"owp-tabs-layout-horizontal","25":"has-no-thumbnails"},"exclude_global_add_ons":[],"addons":[],"jetpack_sharing_enabled":true,"_links":{"self":[{"href":"https:\/\/www.techcloseoutlet.com\/index.php\/wp-json\/wp\/v2\/product\/54310","targetHints":{"allow":["GET"]}}],"collection":[{"href":"https:\/\/www.techcloseoutlet.com\/index.php\/wp-json\/wp\/v2\/product"}],"about":[{"href":"https:\/\/www.techcloseoutlet.com\/index.php\/wp-json\/wp\/v2\/types\/product"}],"replies":[{"embeddable":true,"href":"https:\/\/www.techcloseoutlet.com\/index.php\/wp-json\/wp\/v2\/comments?post=54310"}],"wp:featuredmedia":[{"embeddable":true,"href":"https:\/\/www.techcloseoutlet.com\/index.php\/wp-json\/wp\/v2\/media\/54284"}],"wp:attachment":[{"href":"https:\/\/www.techcloseoutlet.com\/index.php\/wp-json\/wp\/v2\/media?parent=54310"}],"wp:term":[{"taxonomy":"product_brand","embeddable":true,"href":"https:\/\/www.techcloseoutlet.com\/index.php\/wp-json\/wp\/v2\/product_brand?post=54310"},{"taxonomy":"product_cat","embeddable":true,"href":"https:\/\/www.techcloseoutlet.com\/index.php\/wp-json\/wp\/v2\/product_cat?post=54310"},{"taxonomy":"product_tag","embeddable":true,"href":"https:\/\/www.techcloseoutlet.com\/index.php\/wp-json\/wp\/v2\/product_tag?post=54310"},{"taxonomy":"woo-feed-brand","embeddable":true,"href":"https:\/\/www.techcloseoutlet.com\/index.php\/wp-json\/wp\/v2\/woo-feed-brand?post=54310"}],"curies":[{"name":"wp","href":"https:\/\/api.w.org\/{rel}","templated":true}]}}