{"id":54308,"date":"2026-03-03T13:10:16","date_gmt":"2026-03-03T13:10:16","guid":{"rendered":"https:\/\/www.techcloseoutlet.com\/index.php\/product\/sennheiser-consumer-audio-hd-650-rinnovate-cuffie-dinamiche-aperte-ad-alta-risoluzione-per-audiofili-titan\/"},"modified":"2026-03-03T13:10:16","modified_gmt":"2026-03-03T13:10:16","slug":"sennheiser-consumer-audio-hd-650-rinnovate-cuffie-dinamiche-aperte-ad-alta-risoluzione-per-audiofili-titan","status":"publish","type":"product","link":"https:\/\/www.techcloseoutlet.com\/index.php\/product\/sennheiser-consumer-audio-hd-650-rinnovate-cuffie-dinamiche-aperte-ad-alta-risoluzione-per-audiofili-titan\/?lang=it","title":{"rendered":"Sennheiser Consumer Audio HD 650 rinnovate &#8211; Cuffie dinamiche aperte ad alta risoluzione per audiofili, Titan"},"content":{"rendered":"<p>Con le HD 650, gli audiofili potranno sperimentare un suono naturale davvero unico. Con un suono cos\u00ec buono, i concerti lunghi nel comfort di casa tua sono una certezza, quindi le HD 650 stabiliscono anche standard in termini di comfort e praticit\u00e0. Le HD 650 sono un vero capolavoro, che soddisfer\u00e0 anche l&#8217;ascoltatore pi\u00f9 esigente. Indossare le cuffie e utilizzarle: indossa le cuffie e tira i padiglioni verso il basso finch\u00e9 non si appoggiano comodamente sulle orecchie. Assicurati di posizionarli correttamente osservando le marcature &#8220;R&#8221; (destra) e &#8220;L&#8221; (sinistra) sui padiglioni. Per una qualit\u00e0 audio ottimale, assicurati che i padiglioni non siano coperti.<\/p>\n","protected":false},"excerpt":{"rendered":"<p>Con le HD 650, gli audiofili potranno sperimentare un suono naturale davvero unico. Con un suono cos\u00ec buono, i concerti lunghi nel comfort di casa tua sono una certezza, quindi le HD 650 stabiliscono anche standard in termini di comfort e praticit\u00e0. Le HD 650 sono un vero capolavoro, che soddisfer\u00e0 anche l&#8217;ascoltatore pi\u00f9 esigente. Indossare le cuffie e utilizzarle: indossa le cuffie e tira i padiglioni verso il basso finch\u00e9 non si appoggiano comodamente sulle orecchie. Assicurati di posizionarli correttamente osservando le marcature &#8220;R&#8221; (destra) e &#8220;L&#8221; (sinistra) sui padiglioni. Per una qualit\u00e0 audio ottimale, assicurati che i padiglioni non siano coperti.<\/p>\n","protected":false},"featured_media":54292,"comment_status":"open","ping_status":"closed","template":"","meta":[],"product_brand":[],"product_cat":[45],"product_tag":[],"woo-feed-brand":[],"class_list":{"0":"post-54308","1":"product","2":"type-product","3":"status-publish","4":"has-post-thumbnail","6":"product_cat-cuffie","8":"entry","9":"has-media","11":"first","12":"instock","13":"sale","14":"taxable","15":"shipping-taxable","16":"purchasable","17":"product-type-simple","18":"has-product-nav","19":"col","20":"span_1_of_3","21":"owp-content-center","22":"owp-thumbs-layout-horizontal","23":"owp-btn-normal","24":"owp-tabs-layout-horizontal","25":"has-no-thumbnails"},"exclude_global_add_ons":[],"addons":[],"jetpack_sharing_enabled":true,"_links":{"self":[{"href":"https:\/\/www.techcloseoutlet.com\/index.php\/wp-json\/wp\/v2\/product\/54308","targetHints":{"allow":["GET"]}}],"collection":[{"href":"https:\/\/www.techcloseoutlet.com\/index.php\/wp-json\/wp\/v2\/product"}],"about":[{"href":"https:\/\/www.techcloseoutlet.com\/index.php\/wp-json\/wp\/v2\/types\/product"}],"replies":[{"embeddable":true,"href":"https:\/\/www.techcloseoutlet.com\/index.php\/wp-json\/wp\/v2\/comments?post=54308"}],"wp:featuredmedia":[{"embeddable":true,"href":"https:\/\/www.techcloseoutlet.com\/index.php\/wp-json\/wp\/v2\/media\/54292"}],"wp:attachment":[{"href":"https:\/\/www.techcloseoutlet.com\/index.php\/wp-json\/wp\/v2\/media?parent=54308"}],"wp:term":[{"taxonomy":"product_brand","embeddable":true,"href":"https:\/\/www.techcloseoutlet.com\/index.php\/wp-json\/wp\/v2\/product_brand?post=54308"},{"taxonomy":"product_cat","embeddable":true,"href":"https:\/\/www.techcloseoutlet.com\/index.php\/wp-json\/wp\/v2\/product_cat?post=54308"},{"taxonomy":"product_tag","embeddable":true,"href":"https:\/\/www.techcloseoutlet.com\/index.php\/wp-json\/wp\/v2\/product_tag?post=54308"},{"taxonomy":"woo-feed-brand","embeddable":true,"href":"https:\/\/www.techcloseoutlet.com\/index.php\/wp-json\/wp\/v2\/woo-feed-brand?post=54308"}],"curies":[{"name":"wp","href":"https:\/\/api.w.org\/{rel}","templated":true}]}}