{"id":54305,"date":"2026-03-03T13:08:23","date_gmt":"2026-03-03T13:08:23","guid":{"rendered":"https:\/\/www.techcloseoutlet.com\/index.php\/product\/gebrauchte-sennheiser-hd-58x-open-back-professional-jubilee-kopfhoerer\/"},"modified":"2026-03-03T13:08:23","modified_gmt":"2026-03-03T13:08:23","slug":"gebrauchte-sennheiser-hd-58x-open-back-professional-jubilee-kopfhoerer","status":"publish","type":"product","link":"https:\/\/www.techcloseoutlet.com\/index.php\/product\/gebrauchte-sennheiser-hd-58x-open-back-professional-jubilee-kopfhoerer\/?lang=de","title":{"rendered":"Gebrauchte Sennheiser HD 58x Open Back Professional Jubilee Kopfh\u00f6rer"},"content":{"rendered":"<p>1991 trat Axel Grell in das Unternehmen Sennheiser ein und entwarf den HD 580 Precision: den Kopfh\u00f6rer, der eine beliebte Serie begr\u00fcndete und \u00fcber 25 Jahre lang den H\u00f6hepunkt der audiophilen Kopfh\u00f6rer des Unternehmens darstellte. Vier Jahre sp\u00e4ter, zum 50-j\u00e4hrigen Jubil\u00e4um, ver\u00f6ffentlichte Sennheiser den HD 580 Jubilee, der sp\u00e4ter zum HD 600 und schlie\u00dflich zum HD 650 weiterentwickelt wurde. Inspiriert vom HD 580 und ausgestattet mit aktueller Technologie und Optimierungen aus der langen Geschichte der Serie, freuen wir uns, die neueste Evolutionsstufe vorzustellen: den Massdrop x Sennheiser HD 58X Jubilee. Von Axel Grell und Massdrop auf Basis des Feedbacks der Audiophilen-Community abgestimmt, verf\u00fcgt er \u00fcber neue 150-Ohm-Treiber und eine Farbgebung, die vom HD 580 Precision inspiriert ist, mit dem alles begann.<\/p>\n","protected":false},"excerpt":{"rendered":"<p>1991 trat Axel Grell in das Unternehmen Sennheiser ein und entwarf den HD 580 Precision: den Kopfh\u00f6rer, der eine beliebte Serie begr\u00fcndete und \u00fcber 25 Jahre lang den H\u00f6hepunkt der audiophilen Kopfh\u00f6rer des Unternehmens darstellte. Vier Jahre sp\u00e4ter, zum 50-j\u00e4hrigen Jubil\u00e4um, ver\u00f6ffentlichte Sennheiser den HD 580 Jubilee, der sp\u00e4ter zum HD 600 und schlie\u00dflich zum HD 650 weiterentwickelt wurde. Inspiriert vom HD 580 und ausgestattet mit aktueller Technologie und Optimierungen aus der langen Geschichte der Serie, freuen wir uns, die neueste Evolutionsstufe vorzustellen: den Massdrop x Sennheiser HD 58X Jubilee. Von Axel Grell und Massdrop auf Basis des Feedbacks der Audiophilen-Community abgestimmt, verf\u00fcgt er \u00fcber neue 150-Ohm-Treiber und eine Farbgebung, die vom HD 580 Precision inspiriert ist, mit dem alles begann.<\/p>\n","protected":false},"featured_media":54299,"comment_status":"open","ping_status":"closed","template":"","meta":[],"product_brand":[],"product_cat":[48],"product_tag":[],"woo-feed-brand":[],"class_list":{"0":"post-54305","1":"product","2":"type-product","3":"status-publish","4":"has-post-thumbnail","6":"product_cat-kopfhorer","8":"entry","9":"has-media","11":"first","12":"instock","13":"taxable","14":"shipping-taxable","15":"purchasable","16":"product-type-simple","17":"has-product-nav","18":"col","19":"span_1_of_3","20":"owp-content-center","21":"owp-thumbs-layout-horizontal","22":"owp-btn-normal","23":"owp-tabs-layout-horizontal","24":"has-no-thumbnails"},"exclude_global_add_ons":[],"addons":[],"jetpack_sharing_enabled":true,"_links":{"self":[{"href":"https:\/\/www.techcloseoutlet.com\/index.php\/wp-json\/wp\/v2\/product\/54305","targetHints":{"allow":["GET"]}}],"collection":[{"href":"https:\/\/www.techcloseoutlet.com\/index.php\/wp-json\/wp\/v2\/product"}],"about":[{"href":"https:\/\/www.techcloseoutlet.com\/index.php\/wp-json\/wp\/v2\/types\/product"}],"replies":[{"embeddable":true,"href":"https:\/\/www.techcloseoutlet.com\/index.php\/wp-json\/wp\/v2\/comments?post=54305"}],"wp:featuredmedia":[{"embeddable":true,"href":"https:\/\/www.techcloseoutlet.com\/index.php\/wp-json\/wp\/v2\/media\/54299"}],"wp:attachment":[{"href":"https:\/\/www.techcloseoutlet.com\/index.php\/wp-json\/wp\/v2\/media?parent=54305"}],"wp:term":[{"taxonomy":"product_brand","embeddable":true,"href":"https:\/\/www.techcloseoutlet.com\/index.php\/wp-json\/wp\/v2\/product_brand?post=54305"},{"taxonomy":"product_cat","embeddable":true,"href":"https:\/\/www.techcloseoutlet.com\/index.php\/wp-json\/wp\/v2\/product_cat?post=54305"},{"taxonomy":"product_tag","embeddable":true,"href":"https:\/\/www.techcloseoutlet.com\/index.php\/wp-json\/wp\/v2\/product_tag?post=54305"},{"taxonomy":"woo-feed-brand","embeddable":true,"href":"https:\/\/www.techcloseoutlet.com\/index.php\/wp-json\/wp\/v2\/woo-feed-brand?post=54305"}],"curies":[{"name":"wp","href":"https:\/\/api.w.org\/{rel}","templated":true}]}}