{"id":54304,"date":"2026-03-03T13:07:54","date_gmt":"2026-03-03T13:07:54","guid":{"rendered":"https:\/\/www.techcloseoutlet.com\/index.php\/product\/generalueberholter-sennheiser-consumer-audio-ie-300-in-ear-kopfhoerer-fuer-audiophile-geraeuschisolierend-mit-xwb-wandlern-fuer-ausgewogenen-klang-abnehmbares-kabel-mit-flexiblem-ohrbuegel\/"},"modified":"2026-03-03T13:07:54","modified_gmt":"2026-03-03T13:07:54","slug":"generalueberholter-sennheiser-consumer-audio-ie-300-in-ear-kopfhoerer-fuer-audiophile-geraeuschisolierend-mit-xwb-wandlern-fuer-ausgewogenen-klang-abnehmbares-kabel-mit-flexiblem-ohrbuegel","status":"publish","type":"product","link":"https:\/\/www.techcloseoutlet.com\/index.php\/product\/generalueberholter-sennheiser-consumer-audio-ie-300-in-ear-kopfhoerer-fuer-audiophile-geraeuschisolierend-mit-xwb-wandlern-fuer-ausgewogenen-klang-abnehmbares-kabel-mit-flexiblem-ohrbuegel\/?lang=de","title":{"rendered":"General\u00fcberholter Sennheiser Consumer Audio IE 300 In-Ear-Kopfh\u00f6rer f\u00fcr Audiophile \u2013 Ger\u00e4uschisolierend mit XWB-Wandlern f\u00fcr ausgewogenen Klang, abnehmbares Kabel mit flexiblem Ohrb\u00fcgel"},"content":{"rendered":"<p>Der Traum eines jeden Audiophilen: Diese tragbaren und leichten Ohrh\u00f6rer liefern \u00fcberall einen ausgewogenen und unglaublich detailreichen HiFi-Klang.<\/p>\n<p>Produkthinweis: Wenn die Gr\u00f6\u00dfe der Ohrst\u00f6psel nicht zu Ihren Geh\u00f6rg\u00e4ngen passt oder der Kopfh\u00f6rer nicht richtig sitzt, kann dies die Klangqualit\u00e4t oder Gespr\u00e4chsqualit\u00e4t beeintr\u00e4chtigen. Tauschen Sie die Ohrst\u00f6psel gegen solche aus, die besser in Ihren Ohren sitzen.<\/p>\n<p>\u00dcberragender Klang dank 7-mm-XWB-Wandlern, die in Deutschland speziell f\u00fcr In-Ear-Kopfh\u00f6rer entwickelt wurden und das gesamte Frequenzspektrum f\u00fcr ein pr\u00e4zises H\u00f6ren aller Details der Musik nutzen.<\/p>\n<p>Eine spezielle r\u00fcckseitige Volumen- und Absorptionskammer reduziert Frequenzmaskierungseffekte und verbessert die Klarheit.<\/p>\n<p>Hervorragende Abschirmung von der Umgebung f\u00fcr klaren Klang und eine breite Klangb\u00fchne dank der gro\u00dfen Auswahl an Silikon- und Memory-Foam-Ohrst\u00f6pseln in verschiedenen Gr\u00f6\u00dfen, die Ihren individuellen Bed\u00fcrfnissen gerecht werden. D\u00e4mpfung: -26 dB.<\/p>\n<p>Ausgestattet mit einem para-aramidverst\u00e4rkten Kabel mit vergoldetem MMCX Fidelity plus Stecker, der \u00fcber eine spezielle vertiefte und robuste Konstruktion verf\u00fcgt, um auch nach \u00fcber 500 Steckzyklen Zuverl\u00e4ssigkeit zu gew\u00e4hrleisten.<\/p>\n","protected":false},"excerpt":{"rendered":"<p>Der Traum eines jeden Audiophilen: Diese tragbaren und leichten Ohrh\u00f6rer liefern \u00fcberall einen ausgewogenen und unglaublich detailreichen HiFi-Klang.<\/p>\n<p>Produkthinweis: Wenn die Gr\u00f6\u00dfe der Ohrst\u00f6psel nicht zu Ihren Geh\u00f6rg\u00e4ngen passt oder der Kopfh\u00f6rer nicht richtig sitzt, kann dies die Klangqualit\u00e4t oder Gespr\u00e4chsqualit\u00e4t beeintr\u00e4chtigen. Tauschen Sie die Ohrst\u00f6psel gegen solche aus, die besser in Ihren Ohren sitzen.<\/p>\n<p>\u00dcberragender Klang dank 7-mm-XWB-Wandlern, die in Deutschland speziell f\u00fcr In-Ear-Kopfh\u00f6rer entwickelt wurden und das gesamte Frequenzspektrum f\u00fcr ein pr\u00e4zises H\u00f6ren aller Details der Musik nutzen.<\/p>\n<p>Eine spezielle r\u00fcckseitige Volumen- und Absorptionskammer reduziert Frequenzmaskierungseffekte und verbessert die Klarheit.<\/p>\n<p>Hervorragende Abschirmung von der Umgebung f\u00fcr klaren Klang und eine breite Klangb\u00fchne dank der gro\u00dfen Auswahl an Silikon- und Memory-Foam-Ohrst\u00f6pseln in verschiedenen Gr\u00f6\u00dfen, die Ihren individuellen Bed\u00fcrfnissen gerecht werden. D\u00e4mpfung: -26 dB.<\/p>\n<p>Ausgestattet mit einem para-aramidverst\u00e4rkten Kabel mit vergoldetem MMCX Fidelity plus Stecker, der \u00fcber eine spezielle vertiefte und robuste Konstruktion verf\u00fcgt, um auch nach \u00fcber 500 Steckzyklen Zuverl\u00e4ssigkeit zu gew\u00e4hrleisten.<\/p>\n","protected":false},"featured_media":54295,"comment_status":"open","ping_status":"closed","template":"","meta":[],"product_brand":[],"product_cat":[48],"product_tag":[],"woo-feed-brand":[],"class_list":{"0":"post-54304","1":"product","2":"type-product","3":"status-publish","4":"has-post-thumbnail","6":"product_cat-kopfhorer","8":"entry","9":"has-media","11":"first","12":"instock","13":"sale","14":"taxable","15":"shipping-taxable","16":"purchasable","17":"product-type-simple","18":"has-product-nav","19":"col","20":"span_1_of_3","21":"owp-content-center","22":"owp-thumbs-layout-horizontal","23":"owp-btn-normal","24":"owp-tabs-layout-horizontal","25":"has-no-thumbnails"},"exclude_global_add_ons":[],"addons":[],"jetpack_sharing_enabled":true,"_links":{"self":[{"href":"https:\/\/www.techcloseoutlet.com\/index.php\/wp-json\/wp\/v2\/product\/54304","targetHints":{"allow":["GET"]}}],"collection":[{"href":"https:\/\/www.techcloseoutlet.com\/index.php\/wp-json\/wp\/v2\/product"}],"about":[{"href":"https:\/\/www.techcloseoutlet.com\/index.php\/wp-json\/wp\/v2\/types\/product"}],"replies":[{"embeddable":true,"href":"https:\/\/www.techcloseoutlet.com\/index.php\/wp-json\/wp\/v2\/comments?post=54304"}],"wp:featuredmedia":[{"embeddable":true,"href":"https:\/\/www.techcloseoutlet.com\/index.php\/wp-json\/wp\/v2\/media\/54295"}],"wp:attachment":[{"href":"https:\/\/www.techcloseoutlet.com\/index.php\/wp-json\/wp\/v2\/media?parent=54304"}],"wp:term":[{"taxonomy":"product_brand","embeddable":true,"href":"https:\/\/www.techcloseoutlet.com\/index.php\/wp-json\/wp\/v2\/product_brand?post=54304"},{"taxonomy":"product_cat","embeddable":true,"href":"https:\/\/www.techcloseoutlet.com\/index.php\/wp-json\/wp\/v2\/product_cat?post=54304"},{"taxonomy":"product_tag","embeddable":true,"href":"https:\/\/www.techcloseoutlet.com\/index.php\/wp-json\/wp\/v2\/product_tag?post=54304"},{"taxonomy":"woo-feed-brand","embeddable":true,"href":"https:\/\/www.techcloseoutlet.com\/index.php\/wp-json\/wp\/v2\/woo-feed-brand?post=54304"}],"curies":[{"name":"wp","href":"https:\/\/api.w.org\/{rel}","templated":true}]}}