{"id":54303,"date":"2026-03-03T13:07:24","date_gmt":"2026-03-03T13:07:24","guid":{"rendered":"https:\/\/www.techcloseoutlet.com\/index.php\/product\/generalueberholter-sennheiser-consumer-audio-hd-650-audiophiler-hi-res-kopfhoerer-mit-offener-bauweise-dynamisch-titan\/"},"modified":"2026-03-03T13:07:24","modified_gmt":"2026-03-03T13:07:24","slug":"generalueberholter-sennheiser-consumer-audio-hd-650-audiophiler-hi-res-kopfhoerer-mit-offener-bauweise-dynamisch-titan","status":"publish","type":"product","link":"https:\/\/www.techcloseoutlet.com\/index.php\/product\/generalueberholter-sennheiser-consumer-audio-hd-650-audiophiler-hi-res-kopfhoerer-mit-offener-bauweise-dynamisch-titan\/?lang=de","title":{"rendered":"General\u00fcberholter Sennheiser Consumer Audio HD 650 \u2013 Audiophiler Hi-Res-Kopfh\u00f6rer mit offener Bauweise, dynamisch, Titan"},"content":{"rendered":"<p>Mit dem HD 650 erleben Audiophile einen einzigartigen, nat\u00fcrlichen Klang. Dank dieser Klangqualit\u00e4t sind lange Konzerte im heimischen Wohnzimmer garantiert. Der HD 650 setzt daher auch in puncto Komfort und Benutzerfreundlichkeit neue Ma\u00dfst\u00e4be. Der HD 650 ist ein wahres Meisterwerk, das selbst anspruchsvollste H\u00f6rer zufriedenstellt. So setzen Sie die Kopfh\u00f6rer auf und ziehen die Ohrmuscheln nach unten, bis sie bequem \u00fcber Ihren Ohren sitzen. Achten Sie anhand der Markierungen \u201eR\u201c (rechts) und \u201eL\u201c (links) auf der Ohrmuschel auf die richtige Ausrichtung. F\u00fcr optimale Klangqualit\u00e4t sollten die Ohrmuscheln nicht bedeckt sein.<\/p>\n","protected":false},"excerpt":{"rendered":"<p>Mit dem HD 650 erleben Audiophile einen einzigartigen, nat\u00fcrlichen Klang. Dank dieser Klangqualit\u00e4t sind lange Konzerte im heimischen Wohnzimmer garantiert. Der HD 650 setzt daher auch in puncto Komfort und Benutzerfreundlichkeit neue Ma\u00dfst\u00e4be. Der HD 650 ist ein wahres Meisterwerk, das selbst anspruchsvollste H\u00f6rer zufriedenstellt. So setzen Sie die Kopfh\u00f6rer auf und ziehen die Ohrmuscheln nach unten, bis sie bequem \u00fcber Ihren Ohren sitzen. Achten Sie anhand der Markierungen \u201eR\u201c (rechts) und \u201eL\u201c (links) auf der Ohrmuschel auf die richtige Ausrichtung. F\u00fcr optimale Klangqualit\u00e4t sollten die Ohrmuscheln nicht bedeckt sein.<\/p>\n","protected":false},"featured_media":54291,"comment_status":"open","ping_status":"closed","template":"","meta":[],"product_brand":[],"product_cat":[48],"product_tag":[],"woo-feed-brand":[],"class_list":{"0":"post-54303","1":"product","2":"type-product","3":"status-publish","4":"has-post-thumbnail","6":"product_cat-kopfhorer","8":"entry","9":"has-media","11":"first","12":"instock","13":"sale","14":"taxable","15":"shipping-taxable","16":"purchasable","17":"product-type-simple","18":"has-product-nav","19":"col","20":"span_1_of_3","21":"owp-content-center","22":"owp-thumbs-layout-horizontal","23":"owp-btn-normal","24":"owp-tabs-layout-horizontal","25":"has-no-thumbnails"},"exclude_global_add_ons":[],"addons":[],"jetpack_sharing_enabled":true,"_links":{"self":[{"href":"https:\/\/www.techcloseoutlet.com\/index.php\/wp-json\/wp\/v2\/product\/54303","targetHints":{"allow":["GET"]}}],"collection":[{"href":"https:\/\/www.techcloseoutlet.com\/index.php\/wp-json\/wp\/v2\/product"}],"about":[{"href":"https:\/\/www.techcloseoutlet.com\/index.php\/wp-json\/wp\/v2\/types\/product"}],"replies":[{"embeddable":true,"href":"https:\/\/www.techcloseoutlet.com\/index.php\/wp-json\/wp\/v2\/comments?post=54303"}],"wp:featuredmedia":[{"embeddable":true,"href":"https:\/\/www.techcloseoutlet.com\/index.php\/wp-json\/wp\/v2\/media\/54291"}],"wp:attachment":[{"href":"https:\/\/www.techcloseoutlet.com\/index.php\/wp-json\/wp\/v2\/media?parent=54303"}],"wp:term":[{"taxonomy":"product_brand","embeddable":true,"href":"https:\/\/www.techcloseoutlet.com\/index.php\/wp-json\/wp\/v2\/product_brand?post=54303"},{"taxonomy":"product_cat","embeddable":true,"href":"https:\/\/www.techcloseoutlet.com\/index.php\/wp-json\/wp\/v2\/product_cat?post=54303"},{"taxonomy":"product_tag","embeddable":true,"href":"https:\/\/www.techcloseoutlet.com\/index.php\/wp-json\/wp\/v2\/product_tag?post=54303"},{"taxonomy":"woo-feed-brand","embeddable":true,"href":"https:\/\/www.techcloseoutlet.com\/index.php\/wp-json\/wp\/v2\/woo-feed-brand?post=54303"}],"curies":[{"name":"wp","href":"https:\/\/api.w.org\/{rel}","templated":true}]}}