{"id":54302,"date":"2026-03-03T13:06:37","date_gmt":"2026-03-03T13:06:37","guid":{"rendered":"https:\/\/www.techcloseoutlet.com\/index.php\/product\/epos-sennheiser-gsp-500-akustik-multi-kompatibles-offenes-akustik-kabelgebundenes-gaming-headset\/"},"modified":"2026-04-18T00:47:23","modified_gmt":"2026-04-18T00:47:23","slug":"epos-sennheiser-gsp-500-akustik-multi-kompatibles-offenes-akustik-kabelgebundenes-gaming-headset","status":"publish","type":"product","link":"https:\/\/www.techcloseoutlet.com\/index.php\/product\/epos-sennheiser-gsp-500-akustik-multi-kompatibles-offenes-akustik-kabelgebundenes-gaming-headset\/?lang=de","title":{"rendered":"Erneuert EPOS Sennheiser GSP 500 Akustik Multi-Kompatibles Offenes Akustik-Kabelgebundenes Gaming-Headset"},"content":{"rendered":"<p>Steigern Sie Ihr Spielvergn\u00fcgen mit dem GSP 500, einem offenen Gaming-Headset mit HiFi-Sound und unglaublich nat\u00fcrlichem, r\u00e4umlichem Klang. Das eigens entwickelte offene Lautsprechersystem sorgt f\u00fcr eine nat\u00fcrliche und pr\u00e4zise Audiowiedergabe und damit f\u00fcr ein immersives Spielerlebnis. F\u00fcr eine klare Kommunikation mit Ihren Teamkollegen verf\u00fcgt das GSP 500 \u00fcber ein Mikrofon mit flexiblem Mikrofonarm, der sich f\u00fcr optimale Sprachaufnahme positionieren l\u00e4sst. Ein intuitives Drehrad an der rechten Ohrmuschel erm\u00f6glicht die schnelle und unkomplizierte Lautst\u00e4rkeregelung. Das GSP 500 ist auf maximalen Tragekomfort ausgelegt und bietet dank des Zwei-Achsen-Scharniermechanismus und des verstellbaren Kopfb\u00fcgels eine individuelle Passform. Kabel f\u00fcr Konsolen und PC sind im Lieferumfang enthalten. Die optimierte Impedanz macht es ideal f\u00fcr Spiele auf Ger\u00e4ten mit geringer Leistung.<\/p>\n","protected":false},"excerpt":{"rendered":"<p>Steigern Sie Ihr Spielvergn\u00fcgen mit dem GSP 500, einem offenen Gaming-Headset mit HiFi-Sound und unglaublich nat\u00fcrlichem, r\u00e4umlichem Klang. Das eigens entwickelte offene Lautsprechersystem sorgt f\u00fcr eine nat\u00fcrliche und pr\u00e4zise Audiowiedergabe und damit f\u00fcr ein immersives Spielerlebnis. F\u00fcr eine klare Kommunikation mit Ihren Teamkollegen verf\u00fcgt das GSP 500 \u00fcber ein Mikrofon mit flexiblem Mikrofonarm, der sich f\u00fcr optimale Sprachaufnahme positionieren l\u00e4sst. Ein intuitives Drehrad an der rechten Ohrmuschel erm\u00f6glicht die schnelle und unkomplizierte Lautst\u00e4rkeregelung. Das GSP 500 ist auf maximalen Tragekomfort ausgelegt und bietet dank des Zwei-Achsen-Scharniermechanismus und des verstellbaren Kopfb\u00fcgels eine individuelle Passform. Kabel f\u00fcr Konsolen und PC sind im Lieferumfang enthalten. Die optimierte Impedanz macht es ideal f\u00fcr Spiele auf Ger\u00e4ten mit geringer Leistung.<\/p>\n","protected":false},"featured_media":54287,"comment_status":"open","ping_status":"closed","template":"","meta":[],"product_brand":[],"product_cat":[48],"product_tag":[],"woo-feed-brand":[],"class_list":{"0":"post-54302","1":"product","2":"type-product","3":"status-publish","4":"has-post-thumbnail","6":"product_cat-kopfhorer","8":"entry","9":"has-media","11":"first","12":"instock","13":"taxable","14":"shipping-taxable","15":"purchasable","16":"product-type-simple","17":"has-product-nav","18":"col","19":"span_1_of_3","20":"owp-content-center","21":"owp-thumbs-layout-horizontal","22":"owp-btn-normal","23":"owp-tabs-layout-horizontal","24":"has-no-thumbnails"},"exclude_global_add_ons":[],"addons":[],"jetpack_sharing_enabled":true,"_links":{"self":[{"href":"https:\/\/www.techcloseoutlet.com\/index.php\/wp-json\/wp\/v2\/product\/54302","targetHints":{"allow":["GET"]}}],"collection":[{"href":"https:\/\/www.techcloseoutlet.com\/index.php\/wp-json\/wp\/v2\/product"}],"about":[{"href":"https:\/\/www.techcloseoutlet.com\/index.php\/wp-json\/wp\/v2\/types\/product"}],"replies":[{"embeddable":true,"href":"https:\/\/www.techcloseoutlet.com\/index.php\/wp-json\/wp\/v2\/comments?post=54302"}],"wp:featuredmedia":[{"embeddable":true,"href":"https:\/\/www.techcloseoutlet.com\/index.php\/wp-json\/wp\/v2\/media\/54287"}],"wp:attachment":[{"href":"https:\/\/www.techcloseoutlet.com\/index.php\/wp-json\/wp\/v2\/media?parent=54302"}],"wp:term":[{"taxonomy":"product_brand","embeddable":true,"href":"https:\/\/www.techcloseoutlet.com\/index.php\/wp-json\/wp\/v2\/product_brand?post=54302"},{"taxonomy":"product_cat","embeddable":true,"href":"https:\/\/www.techcloseoutlet.com\/index.php\/wp-json\/wp\/v2\/product_cat?post=54302"},{"taxonomy":"product_tag","embeddable":true,"href":"https:\/\/www.techcloseoutlet.com\/index.php\/wp-json\/wp\/v2\/product_tag?post=54302"},{"taxonomy":"woo-feed-brand","embeddable":true,"href":"https:\/\/www.techcloseoutlet.com\/index.php\/wp-json\/wp\/v2\/woo-feed-brand?post=54302"}],"curies":[{"name":"wp","href":"https:\/\/api.w.org\/{rel}","templated":true}]}}