{"id":54301,"date":"2026-03-03T13:05:50","date_gmt":"2026-03-03T13:05:50","guid":{"rendered":"https:\/\/www.techcloseoutlet.com\/index.php\/product\/sennheiser-momentum-on-ear-i-m2-kopfhoerer-mit-mikrofon-kabelgebunden-35-mm-klinkenstecker\/"},"modified":"2026-04-18T00:37:47","modified_gmt":"2026-04-18T00:37:47","slug":"sennheiser-momentum-on-ear-i-m2-kopfhoerer-mit-mikrofon-kabelgebunden-35-mm-klinkenstecker","status":"publish","type":"product","link":"https:\/\/www.techcloseoutlet.com\/index.php\/product\/sennheiser-momentum-on-ear-i-m2-kopfhoerer-mit-mikrofon-kabelgebunden-35-mm-klinkenstecker\/?lang=de","title":{"rendered":"Erneuert Sennheiser MOMENTUM On-Ear I (M2) \u2013 Kopfh\u00f6rer mit Mikrofon \u2013 kabelgebunden \u2013 3,5-mm-Klinkenstecker"},"content":{"rendered":"<p>Detailreich und klar: Die MOMENTUM On-Ear-Kopfh\u00f6rer geben jede klangliche Nuance noch feiner wieder. Dank der eigens entwickelten 18-Ohm-Neodym-Wandler wird der charakteristische MOMENTUM-Sound zu einem noch brillanteren Erlebnis. Der Klang ist klar, detailreich und mit einem kraftvollen Bass. Puristisch und langlebig: Die MOMENTUM On-Ear \u00fcberzeugen nicht nur mit verbessertem Klang, sondern auch mit ihrem \u00fcberarbeiteten Design. Das leicht geschwungene Profil des Kopfb\u00fcgels sowie hochwertige Materialien wie atmungsaktives Alcantara sorgen f\u00fcr erh\u00f6hten Tragekomfort. Komfortabel und flexibel: Die Ohrmuscheln der MOMENTUM On-Ear sind an hochbeweglichen Kugelgelenken befestigt, die stufenlos in ergonomisch geformten und zusammenklappbaren Schiebern gleiten. Das Ergebnis: Die Kopfh\u00f6rer passen perfekt, auch dank des zusammenklappbaren Designs, in ihre neue, platzsparende Tragetasche. Kopfb\u00fcgel und Ohrpolster der MOMENTUM On-Ear sind mit superweichem, atmungsaktivem Alcantara bezogen. F\u00fcr noch mehr Tragekomfort sind die Ohrpolster mit einem speziellen zweilagigen Schaumstoff gepolstert.<br \/>\n\u00c4sthetisch und mobil: Der flache, abgewinkelte 3,5-mm-Stereo-Klinkenstecker ist optimal f\u00fcr die Verwendung mit Mobilger\u00e4ten geeignet. Das Kabel ist beidseitig mit Klinkensteckern ausgestattet, vollst\u00e4ndig abnehmbar und kann bei Bedarf ausgetauscht werden.<br \/>\nPraktisch und intuitiv: Mit der integrierten Fernbedienung lassen sich Anrufe, Musik und Lautst\u00e4rke bequem steuern. Sie unterst\u00fctzt Apple-Ger\u00e4te wie iPod, iPhone und iPad sowie Android-Tablets und -Smartphones.<\/p>\n","protected":false},"excerpt":{"rendered":"<p>Detailreich und klar: Die MOMENTUM On-Ear-Kopfh\u00f6rer geben jede klangliche Nuance noch feiner wieder. Dank der eigens entwickelten 18-Ohm-Neodym-Wandler wird der charakteristische MOMENTUM-Sound zu einem noch brillanteren Erlebnis. Der Klang ist klar, detailreich und mit einem kraftvollen Bass. Puristisch und langlebig: Die MOMENTUM On-Ear \u00fcberzeugen nicht nur mit verbessertem Klang, sondern auch mit ihrem \u00fcberarbeiteten Design. Das leicht geschwungene Profil des Kopfb\u00fcgels sowie hochwertige Materialien wie atmungsaktives Alcantara sorgen f\u00fcr erh\u00f6hten Tragekomfort. Komfortabel und flexibel: Die Ohrmuscheln der MOMENTUM On-Ear sind an hochbeweglichen Kugelgelenken befestigt, die stufenlos in ergonomisch geformten und zusammenklappbaren Schiebern gleiten. Das Ergebnis: Die Kopfh\u00f6rer passen perfekt, auch dank des zusammenklappbaren Designs, in ihre neue, platzsparende Tragetasche. Kopfb\u00fcgel und Ohrpolster der MOMENTUM On-Ear sind mit superweichem, atmungsaktivem Alcantara bezogen. F\u00fcr noch mehr Tragekomfort sind die Ohrpolster mit einem speziellen zweilagigen Schaumstoff gepolstert.<br \/>\n\u00c4sthetisch und mobil: Der flache, abgewinkelte 3,5-mm-Stereo-Klinkenstecker ist optimal f\u00fcr die Verwendung mit Mobilger\u00e4ten geeignet. Das Kabel ist beidseitig mit Klinkensteckern ausgestattet, vollst\u00e4ndig abnehmbar und kann bei Bedarf ausgetauscht werden.<br \/>\nPraktisch und intuitiv: Mit der integrierten Fernbedienung lassen sich Anrufe, Musik und Lautst\u00e4rke bequem steuern. Sie unterst\u00fctzt Apple-Ger\u00e4te wie iPod, iPhone und iPad sowie Android-Tablets und -Smartphones.<\/p>\n","protected":false},"featured_media":54283,"comment_status":"open","ping_status":"closed","template":"","meta":[],"product_brand":[],"product_cat":[48],"product_tag":[],"woo-feed-brand":[],"class_list":{"0":"post-54301","1":"product","2":"type-product","3":"status-publish","4":"has-post-thumbnail","6":"product_cat-kopfhorer","8":"entry","9":"has-media","11":"first","12":"instock","13":"sale","14":"taxable","15":"shipping-taxable","16":"purchasable","17":"product-type-simple","18":"has-product-nav","19":"col","20":"span_1_of_3","21":"owp-content-center","22":"owp-thumbs-layout-horizontal","23":"owp-btn-normal","24":"owp-tabs-layout-horizontal","25":"has-no-thumbnails"},"exclude_global_add_ons":[],"addons":[],"jetpack_sharing_enabled":true,"_links":{"self":[{"href":"https:\/\/www.techcloseoutlet.com\/index.php\/wp-json\/wp\/v2\/product\/54301","targetHints":{"allow":["GET"]}}],"collection":[{"href":"https:\/\/www.techcloseoutlet.com\/index.php\/wp-json\/wp\/v2\/product"}],"about":[{"href":"https:\/\/www.techcloseoutlet.com\/index.php\/wp-json\/wp\/v2\/types\/product"}],"replies":[{"embeddable":true,"href":"https:\/\/www.techcloseoutlet.com\/index.php\/wp-json\/wp\/v2\/comments?post=54301"}],"wp:featuredmedia":[{"embeddable":true,"href":"https:\/\/www.techcloseoutlet.com\/index.php\/wp-json\/wp\/v2\/media\/54283"}],"wp:attachment":[{"href":"https:\/\/www.techcloseoutlet.com\/index.php\/wp-json\/wp\/v2\/media?parent=54301"}],"wp:term":[{"taxonomy":"product_brand","embeddable":true,"href":"https:\/\/www.techcloseoutlet.com\/index.php\/wp-json\/wp\/v2\/product_brand?post=54301"},{"taxonomy":"product_cat","embeddable":true,"href":"https:\/\/www.techcloseoutlet.com\/index.php\/wp-json\/wp\/v2\/product_cat?post=54301"},{"taxonomy":"product_tag","embeddable":true,"href":"https:\/\/www.techcloseoutlet.com\/index.php\/wp-json\/wp\/v2\/product_tag?post=54301"},{"taxonomy":"woo-feed-brand","embeddable":true,"href":"https:\/\/www.techcloseoutlet.com\/index.php\/wp-json\/wp\/v2\/woo-feed-brand?post=54301"}],"curies":[{"name":"wp","href":"https:\/\/api.w.org\/{rel}","templated":true}]}}