{"id":53733,"date":"2026-02-06T15:07:30","date_gmt":"2026-02-06T15:07:30","guid":{"rendered":"https:\/\/www.techcloseoutlet.com\/index.php\/product\/controller-wireless-originale-personalizzato-per-xbox-series-x-s-sakura-black\/"},"modified":"2026-02-06T15:07:30","modified_gmt":"2026-02-06T15:07:30","slug":"controller-wireless-originale-personalizzato-per-xbox-series-x-s-sakura-black","status":"publish","type":"product","link":"https:\/\/www.techcloseoutlet.com\/index.php\/product\/controller-wireless-originale-personalizzato-per-xbox-series-x-s-sakura-black\/?lang=it","title":{"rendered":"Controller wireless originale personalizzato per Xbox Series X\/S Sakura Black"},"content":{"rendered":"<p>\ud83c\udfae Vi presentiamo il controller personalizzato modificato, un accessorio di gioco su misura progettato esclusivamente per Xbox One S\/X. Migliorate le vostre esperienze di gioco con prestazioni, stile e personalizzazione senza pari che miglioreranno indubbiamente il vostro gameplay.<br \/>\n\ud83c\udfae Personalizzazione distintiva: create un controller che rispecchi la vostra identit\u00e0 di gioco. Scegliete tra un&#8217;ampia selezione di design accattivanti, colori vivaci e motivi sorprendenti per creare un controller che sia autenticamente vostro. Le nostre opzioni di personalizzazione avanzate garantiscono un look personalizzato che si distingue sia sullo schermo che fuori.<br \/>\n\ud83c\udfae Ergonomia eccezionale: progettato con cura per lunghe sessioni di gioco, il controller personalizzato modificato privilegia il comfort. La sua forma ergonomica si adatta comodamente alle mani, riducendo l&#8217;affaticamento durante le sessioni di gioco prolungate. Pulsanti reattivi e impugnature testurizzate garantiscono un controllo preciso, mentre gli stick analogici fluidi e reattivi offrono movimenti fluidi.<br \/>\n\ud83c\udfae Migliorate la vostra esperienza di gioco e distinguetevi con il controller personalizzato modificato per Xbox One S\/X. Liberate tutto il vostro potenziale di gioco e mostrate il vostro stile con un controller che si allinea perfettamente alla vostra unicit\u00e0. Aggiornate la vostra configurazione di gioco oggi stesso e godetevi un&#8217;esperienza di gioco senza precedenti.<br \/>\n\ud83c\udfae Qualit\u00e0 affidabile: in Modded la qualit\u00e0 \u00e8 fondamentale. I nostri controller sono sottoposti a rigorosi test per garantirne la durata e la longevit\u00e0. Grazie alla nostra dedizione all&#8217;eccellenza, questo controller \u00e8 costruito per resistere alle esigenze delle sessioni di gioco pi\u00f9 intense, offrendo un&#8217;affidabilit\u00e0 costante.<br \/>\n\u2705 La confezione contiene: Controller originale con skin personalizzata, istruzioni per il controller.<\/p>\n","protected":false},"excerpt":{"rendered":"<p>\ud83c\udfae Vi presentiamo il controller personalizzato modificato, un accessorio di gioco su misura progettato esclusivamente per Xbox One S\/X. Migliorate le vostre esperienze di gioco con prestazioni, stile e personalizzazione senza pari che miglioreranno indubbiamente il vostro gameplay.<br \/>\n\ud83c\udfae Personalizzazione distintiva: create un controller che rispecchi la vostra identit\u00e0 di gioco. Scegliete tra un&#8217;ampia selezione di design accattivanti, colori vivaci e motivi sorprendenti per creare un controller che sia autenticamente vostro. Le nostre opzioni di personalizzazione avanzate garantiscono un look personalizzato che si distingue sia sullo schermo che fuori.<br \/>\n\ud83c\udfae Ergonomia eccezionale: progettato con cura per lunghe sessioni di gioco, il controller personalizzato modificato privilegia il comfort. La sua forma ergonomica si adatta comodamente alle mani, riducendo l&#8217;affaticamento durante le sessioni di gioco prolungate. Pulsanti reattivi e impugnature testurizzate garantiscono un controllo preciso, mentre gli stick analogici fluidi e reattivi offrono movimenti fluidi.<br \/>\n\ud83c\udfae Migliorate la vostra esperienza di gioco e distinguetevi con il controller personalizzato modificato per Xbox One S\/X. Liberate tutto il vostro potenziale di gioco e mostrate il vostro stile con un controller che si allinea perfettamente alla vostra unicit\u00e0. Aggiornate la vostra configurazione di gioco oggi stesso e godetevi un&#8217;esperienza di gioco senza precedenti.<br \/>\n\ud83c\udfae Qualit\u00e0 affidabile: in Modded la qualit\u00e0 \u00e8 fondamentale. I nostri controller sono sottoposti a rigorosi test per garantirne la durata e la longevit\u00e0. Grazie alla nostra dedizione all&#8217;eccellenza, questo controller \u00e8 costruito per resistere alle esigenze delle sessioni di gioco pi\u00f9 intense, offrendo un&#8217;affidabilit\u00e0 costante.<br \/>\n\u2705 La confezione contiene: Controller originale con skin personalizzata, istruzioni per il controller.<\/p>\n","protected":false},"featured_media":53155,"comment_status":"open","ping_status":"closed","template":"","meta":[],"product_brand":[],"product_cat":[44],"product_tag":[],"woo-feed-brand":[],"class_list":{"0":"post-53733","1":"product","2":"type-product","3":"status-publish","4":"has-post-thumbnail","6":"product_cat-xbox-consoles-it","8":"entry","9":"has-media","11":"first","12":"instock","13":"sale","14":"taxable","15":"shipping-taxable","16":"purchasable","17":"product-type-simple","18":"has-product-nav","19":"col","20":"span_1_of_3","21":"owp-content-center","22":"owp-thumbs-layout-horizontal","23":"owp-btn-normal","24":"owp-tabs-layout-horizontal","25":"has-no-thumbnails"},"exclude_global_add_ons":[],"addons":[],"jetpack_sharing_enabled":true,"_links":{"self":[{"href":"https:\/\/www.techcloseoutlet.com\/index.php\/wp-json\/wp\/v2\/product\/53733","targetHints":{"allow":["GET"]}}],"collection":[{"href":"https:\/\/www.techcloseoutlet.com\/index.php\/wp-json\/wp\/v2\/product"}],"about":[{"href":"https:\/\/www.techcloseoutlet.com\/index.php\/wp-json\/wp\/v2\/types\/product"}],"replies":[{"embeddable":true,"href":"https:\/\/www.techcloseoutlet.com\/index.php\/wp-json\/wp\/v2\/comments?post=53733"}],"wp:featuredmedia":[{"embeddable":true,"href":"https:\/\/www.techcloseoutlet.com\/index.php\/wp-json\/wp\/v2\/media\/53155"}],"wp:attachment":[{"href":"https:\/\/www.techcloseoutlet.com\/index.php\/wp-json\/wp\/v2\/media?parent=53733"}],"wp:term":[{"taxonomy":"product_brand","embeddable":true,"href":"https:\/\/www.techcloseoutlet.com\/index.php\/wp-json\/wp\/v2\/product_brand?post=53733"},{"taxonomy":"product_cat","embeddable":true,"href":"https:\/\/www.techcloseoutlet.com\/index.php\/wp-json\/wp\/v2\/product_cat?post=53733"},{"taxonomy":"product_tag","embeddable":true,"href":"https:\/\/www.techcloseoutlet.com\/index.php\/wp-json\/wp\/v2\/product_tag?post=53733"},{"taxonomy":"woo-feed-brand","embeddable":true,"href":"https:\/\/www.techcloseoutlet.com\/index.php\/wp-json\/wp\/v2\/woo-feed-brand?post=53733"}],"curies":[{"name":"wp","href":"https:\/\/api.w.org\/{rel}","templated":true}]}}