{"id":50394,"date":"2025-10-20T14:43:34","date_gmt":"2025-10-20T14:43:34","guid":{"rendered":"https:\/\/www.techcloseoutlet.com\/index.php\/product\/dongle-bluetooth-sennheiser-consumer-audio-btd-600-adattatore-usb-a-usb-c-con-codec-audio-aptx-per-un-suono-stabile-ascolta-musica-effettua-chiamate-e-guarda-video\/"},"modified":"2025-10-20T14:43:34","modified_gmt":"2025-10-20T14:43:34","slug":"dongle-bluetooth-sennheiser-consumer-audio-btd-600-adattatore-usb-a-usb-c-con-codec-audio-aptx-per-un-suono-stabile-ascolta-musica-effettua-chiamate-e-guarda-video","status":"publish","type":"product","link":"https:\/\/www.techcloseoutlet.com\/index.php\/product\/dongle-bluetooth-sennheiser-consumer-audio-btd-600-adattatore-usb-a-usb-c-con-codec-audio-aptx-per-un-suono-stabile-ascolta-musica-effettua-chiamate-e-guarda-video\/?lang=it","title":{"rendered":"Dongle Bluetooth\u00ae Sennheiser Consumer Audio BTD 600 &#8211; Adattatore USB-A\/USB-C con codec audio AptX per un suono stabile &#8211; Ascolta musica, effettua chiamate e guarda video"},"content":{"rendered":"<p>Le cuffie wireless ad alta fedelt\u00e0 consentono di connettersi a quasi tutti i dispositivi, inclusi i computer. Tuttavia, potrebbe essere necessario prima attivare il Bluetooth\u00ae o configurare le impostazioni sul PC o Mac, il che pu\u00f2 essere un problema. Gli esperti audio di Sennheiser hanno sviluppato il dongle Bluetooth\u00ae BTD 600, che si abbina perfettamente a tutte le nostre cuffie Bluetooth\u00ae senza richiedere alcuna configurazione. \u00c8 semplicissimo: basta collegarlo, associare le cuffie una volta e il gioco \u00e8 fatto. \u00c8 anche possibile collegare il BTD 600 a un altro computer e continuare ad ascoltare, il tutto senza dover effettuare nuovamente l&#8217;associazione. Viene fornito con un pratico adattatore USB-C che si collega al dongle USB-A, in modo da potersi collegare a entrambe le porte. Offre Bluetooth\u00ae 5.2 e i pi\u00f9 recenti codec audio aptX per un suono di alta qualit\u00e0 o a bassa latenza e connessioni stabili. \u00c8 ideale per ascoltare musica, telefonare e guardare video. I codec avanzati consentono la trasmissione di musica con una qualit\u00e0 quasi pari a quella di un CD o un&#8217;eccellente sincronizzazione vocale durante la riproduzione di video e le telefonate. Anche i controlli di chiamata e musica sulle cuffie continuano a funzionare. Con le BTD 600, puoi sfruttare al meglio le tue cuffie in ogni momento. Con una qualit\u00e0 audio cos\u00ec elevata, \u00e8 come avere un cavo invisibile.<\/p>\n","protected":false},"excerpt":{"rendered":"<p>Le cuffie wireless ad alta fedelt\u00e0 consentono di connettersi a quasi tutti i dispositivi, inclusi i computer. Tuttavia, potrebbe essere necessario prima attivare il Bluetooth\u00ae o configurare le impostazioni sul PC o Mac, il che pu\u00f2 essere un problema. Gli esperti audio di Sennheiser hanno sviluppato il dongle Bluetooth\u00ae BTD 600, che si abbina perfettamente a tutte le nostre cuffie Bluetooth\u00ae senza richiedere alcuna configurazione. \u00c8 semplicissimo: basta collegarlo, associare le cuffie una volta e il gioco \u00e8 fatto. \u00c8 anche possibile collegare il BTD 600 a un altro computer e continuare ad ascoltare, il tutto senza dover effettuare nuovamente l&#8217;associazione. Viene fornito con un pratico adattatore USB-C che si collega al dongle USB-A, in modo da potersi collegare a entrambe le porte. Offre Bluetooth\u00ae 5.2 e i pi\u00f9 recenti codec audio aptX per un suono di alta qualit\u00e0 o a bassa latenza e connessioni stabili. \u00c8 ideale per ascoltare musica, telefonare e guardare video. I codec avanzati consentono la trasmissione di musica con una qualit\u00e0 quasi pari a quella di un CD o un&#8217;eccellente sincronizzazione vocale durante la riproduzione di video e le telefonate. Anche i controlli di chiamata e musica sulle cuffie continuano a funzionare. Con le BTD 600, puoi sfruttare al meglio le tue cuffie in ogni momento. Con una qualit\u00e0 audio cos\u00ec elevata, \u00e8 come avere un cavo invisibile.<\/p>\n","protected":false},"featured_media":50283,"comment_status":"open","ping_status":"closed","template":"","meta":[],"product_brand":[],"product_cat":[45],"product_tag":[],"woo-feed-brand":[],"class_list":{"0":"post-50394","1":"product","2":"type-product","3":"status-publish","4":"has-post-thumbnail","6":"product_cat-cuffie","8":"entry","9":"has-media","11":"first","12":"instock","13":"taxable","14":"shipping-taxable","15":"purchasable","16":"product-type-simple","17":"has-product-nav","18":"col","19":"span_1_of_3","20":"owp-content-center","21":"owp-thumbs-layout-horizontal","22":"owp-btn-normal","23":"owp-tabs-layout-horizontal","24":"has-no-thumbnails"},"exclude_global_add_ons":[],"addons":[],"jetpack_sharing_enabled":true,"_links":{"self":[{"href":"https:\/\/www.techcloseoutlet.com\/index.php\/wp-json\/wp\/v2\/product\/50394","targetHints":{"allow":["GET"]}}],"collection":[{"href":"https:\/\/www.techcloseoutlet.com\/index.php\/wp-json\/wp\/v2\/product"}],"about":[{"href":"https:\/\/www.techcloseoutlet.com\/index.php\/wp-json\/wp\/v2\/types\/product"}],"replies":[{"embeddable":true,"href":"https:\/\/www.techcloseoutlet.com\/index.php\/wp-json\/wp\/v2\/comments?post=50394"}],"wp:featuredmedia":[{"embeddable":true,"href":"https:\/\/www.techcloseoutlet.com\/index.php\/wp-json\/wp\/v2\/media\/50283"}],"wp:attachment":[{"href":"https:\/\/www.techcloseoutlet.com\/index.php\/wp-json\/wp\/v2\/media?parent=50394"}],"wp:term":[{"taxonomy":"product_brand","embeddable":true,"href":"https:\/\/www.techcloseoutlet.com\/index.php\/wp-json\/wp\/v2\/product_brand?post=50394"},{"taxonomy":"product_cat","embeddable":true,"href":"https:\/\/www.techcloseoutlet.com\/index.php\/wp-json\/wp\/v2\/product_cat?post=50394"},{"taxonomy":"product_tag","embeddable":true,"href":"https:\/\/www.techcloseoutlet.com\/index.php\/wp-json\/wp\/v2\/product_tag?post=50394"},{"taxonomy":"woo-feed-brand","embeddable":true,"href":"https:\/\/www.techcloseoutlet.com\/index.php\/wp-json\/wp\/v2\/woo-feed-brand?post=50394"}],"curies":[{"name":"wp","href":"https:\/\/api.w.org\/{rel}","templated":true}]}}