{"id":50393,"date":"2025-10-20T14:43:00","date_gmt":"2025-10-20T14:43:00","guid":{"rendered":"https:\/\/www.techcloseoutlet.com\/index.php\/product\/sennheiser-cuffie-wireless-sovraurali-con-cancellazione-del-rumore-pxc-550-ii-nere\/"},"modified":"2025-10-20T14:43:00","modified_gmt":"2025-10-20T14:43:00","slug":"sennheiser-cuffie-wireless-sovraurali-con-cancellazione-del-rumore-pxc-550-ii-nere","status":"publish","type":"product","link":"https:\/\/www.techcloseoutlet.com\/index.php\/product\/sennheiser-cuffie-wireless-sovraurali-con-cancellazione-del-rumore-pxc-550-ii-nere\/?lang=it","title":{"rendered":"Sennheiser &#8211; Cuffie wireless sovraurali con cancellazione del rumore PXC 550-II &#8211; Nere"},"content":{"rendered":"<p>Le Sennheiser PXC 550-II Wireless sono cuffie di buona qualit\u00e0 e complete. Queste cuffie over-ear dall&#8217;aspetto premium sono molto simili al loro predecessore, le Sennheiser PXC 550 Wireless, e la differenza pi\u00f9 evidente \u00e8 la loro capacit\u00e0 di cancellazione attiva del rumore (ANC) notevolmente migliorata. Il loro profilo sonoro \u00e8 molto ben bilanciato e dovrebbero essere sufficientemente versatili per la maggior parte dei generi musicali. Come la versione precedente, offrono una vestibilit\u00e0 comoda e molto stabile, il che le rende un&#8217;ottima scelta anche per chi preferisce utilizzare le cuffie over-ear in palestra.<\/p>\n<p>Le Sennheiser PXC 550-II sono ottime per il pendolarismo o i viaggi. Grazie al design ben imbottito, sono comode e possono essere indossate per lunghi periodi senza affaticamento o indolenzimento. Hanno anche un&#8217;ottima durata della batteria, ideale per i voli lunghi. Anche le loro prestazioni ANC sono eccellenti e svolgono un lavoro efficace nel bloccare il rumore del motore su un aereo o un autobus. Purtroppo non sono i pi\u00f9 portatili, anche se si ripiegano e sono dotati di una custodia morbida per proteggerli.<\/p>\n","protected":false},"excerpt":{"rendered":"<p>Le Sennheiser PXC 550-II Wireless sono cuffie di buona qualit\u00e0 e complete. Queste cuffie over-ear dall&#8217;aspetto premium sono molto simili al loro predecessore, le Sennheiser PXC 550 Wireless, e la differenza pi\u00f9 evidente \u00e8 la loro capacit\u00e0 di cancellazione attiva del rumore (ANC) notevolmente migliorata. Il loro profilo sonoro \u00e8 molto ben bilanciato e dovrebbero essere sufficientemente versatili per la maggior parte dei generi musicali. Come la versione precedente, offrono una vestibilit\u00e0 comoda e molto stabile, il che le rende un&#8217;ottima scelta anche per chi preferisce utilizzare le cuffie over-ear in palestra.<\/p>\n<p>Le Sennheiser PXC 550-II sono ottime per il pendolarismo o i viaggi. Grazie al design ben imbottito, sono comode e possono essere indossate per lunghi periodi senza affaticamento o indolenzimento. Hanno anche un&#8217;ottima durata della batteria, ideale per i voli lunghi. Anche le loro prestazioni ANC sono eccellenti e svolgono un lavoro efficace nel bloccare il rumore del motore su un aereo o un autobus. Purtroppo non sono i pi\u00f9 portatili, anche se si ripiegano e sono dotati di una custodia morbida per proteggerli.<\/p>\n","protected":false},"featured_media":50287,"comment_status":"open","ping_status":"closed","template":"","meta":[],"product_brand":[],"product_cat":[45],"product_tag":[],"woo-feed-brand":[],"class_list":{"0":"post-50393","1":"product","2":"type-product","3":"status-publish","4":"has-post-thumbnail","6":"product_cat-cuffie","8":"entry","9":"has-media","11":"first","12":"instock","13":"sale","14":"taxable","15":"shipping-taxable","16":"purchasable","17":"product-type-simple","18":"has-product-nav","19":"col","20":"span_1_of_3","21":"owp-content-center","22":"owp-thumbs-layout-horizontal","23":"owp-btn-normal","24":"owp-tabs-layout-horizontal","25":"has-no-thumbnails"},"exclude_global_add_ons":[],"addons":[],"jetpack_sharing_enabled":true,"_links":{"self":[{"href":"https:\/\/www.techcloseoutlet.com\/index.php\/wp-json\/wp\/v2\/product\/50393","targetHints":{"allow":["GET"]}}],"collection":[{"href":"https:\/\/www.techcloseoutlet.com\/index.php\/wp-json\/wp\/v2\/product"}],"about":[{"href":"https:\/\/www.techcloseoutlet.com\/index.php\/wp-json\/wp\/v2\/types\/product"}],"replies":[{"embeddable":true,"href":"https:\/\/www.techcloseoutlet.com\/index.php\/wp-json\/wp\/v2\/comments?post=50393"}],"wp:featuredmedia":[{"embeddable":true,"href":"https:\/\/www.techcloseoutlet.com\/index.php\/wp-json\/wp\/v2\/media\/50287"}],"wp:attachment":[{"href":"https:\/\/www.techcloseoutlet.com\/index.php\/wp-json\/wp\/v2\/media?parent=50393"}],"wp:term":[{"taxonomy":"product_brand","embeddable":true,"href":"https:\/\/www.techcloseoutlet.com\/index.php\/wp-json\/wp\/v2\/product_brand?post=50393"},{"taxonomy":"product_cat","embeddable":true,"href":"https:\/\/www.techcloseoutlet.com\/index.php\/wp-json\/wp\/v2\/product_cat?post=50393"},{"taxonomy":"product_tag","embeddable":true,"href":"https:\/\/www.techcloseoutlet.com\/index.php\/wp-json\/wp\/v2\/product_tag?post=50393"},{"taxonomy":"woo-feed-brand","embeddable":true,"href":"https:\/\/www.techcloseoutlet.com\/index.php\/wp-json\/wp\/v2\/woo-feed-brand?post=50393"}],"curies":[{"name":"wp","href":"https:\/\/api.w.org\/{rel}","templated":true}]}}