{"id":50392,"date":"2025-10-20T14:42:06","date_gmt":"2025-10-20T14:42:06","guid":{"rendered":"https:\/\/www.techcloseoutlet.com\/index.php\/product\/auricolare-mono-bluetooth-sennheiser-ezx-70\/"},"modified":"2025-10-20T14:42:06","modified_gmt":"2025-10-20T14:42:06","slug":"auricolare-mono-bluetooth-sennheiser-ezx-70","status":"publish","type":"product","link":"https:\/\/www.techcloseoutlet.com\/index.php\/product\/auricolare-mono-bluetooth-sennheiser-ezx-70\/?lang=it","title":{"rendered":"Auricolare mono Bluetooth Sennheiser EZX 70"},"content":{"rendered":"<p>L&#8217;auricolare mono Bluetooth\u00ae Sennheiser EZX 70 \u00e8 il compagno perfetto per smartphone a mani libere in viaggio. Ti consente di effettuare conversazioni pi\u00f9 sicure durante la guida o in qualsiasi altro momento in cui hai bisogno di avere le mani libere. \u00c8 facile da usare grazie al pulsante multifunzione e all&#8217;interruttore di accensione\/spegnimento dedicato, e si ricarica rapidamente e facilmente con il cavo di ricarica USB. Goditi funzionalit\u00e0 come voce e audio HD per un&#8217;esperienza audio ottimale, istruzioni vocali e streaming A2DP che ti consente di ascoltare contenuti mobili come musica, indicazioni stradali e podcast tramite Bluetooth\u00ae tra una chiamata e l&#8217;altra. Offre fino a 8 ore di autonomia in conversazione.<\/p>\n","protected":false},"excerpt":{"rendered":"<p>L&#8217;auricolare mono Bluetooth\u00ae Sennheiser EZX 70 \u00e8 il compagno perfetto per smartphone a mani libere in viaggio. Ti consente di effettuare conversazioni pi\u00f9 sicure durante la guida o in qualsiasi altro momento in cui hai bisogno di avere le mani libere. \u00c8 facile da usare grazie al pulsante multifunzione e all&#8217;interruttore di accensione\/spegnimento dedicato, e si ricarica rapidamente e facilmente con il cavo di ricarica USB. Goditi funzionalit\u00e0 come voce e audio HD per un&#8217;esperienza audio ottimale, istruzioni vocali e streaming A2DP che ti consente di ascoltare contenuti mobili come musica, indicazioni stradali e podcast tramite Bluetooth\u00ae tra una chiamata e l&#8217;altra. Offre fino a 8 ore di autonomia in conversazione.<\/p>\n","protected":false},"featured_media":50310,"comment_status":"open","ping_status":"closed","template":"","meta":[],"product_brand":[],"product_cat":[45],"product_tag":[],"woo-feed-brand":[],"class_list":{"0":"post-50392","1":"product","2":"type-product","3":"status-publish","4":"has-post-thumbnail","6":"product_cat-cuffie","8":"entry","9":"has-media","11":"first","12":"instock","13":"taxable","14":"shipping-taxable","15":"purchasable","16":"product-type-simple","17":"has-product-nav","18":"col","19":"span_1_of_3","20":"owp-content-center","21":"owp-thumbs-layout-horizontal","22":"owp-btn-normal","23":"owp-tabs-layout-horizontal","24":"has-no-thumbnails"},"exclude_global_add_ons":[],"addons":[],"jetpack_sharing_enabled":true,"_links":{"self":[{"href":"https:\/\/www.techcloseoutlet.com\/index.php\/wp-json\/wp\/v2\/product\/50392","targetHints":{"allow":["GET"]}}],"collection":[{"href":"https:\/\/www.techcloseoutlet.com\/index.php\/wp-json\/wp\/v2\/product"}],"about":[{"href":"https:\/\/www.techcloseoutlet.com\/index.php\/wp-json\/wp\/v2\/types\/product"}],"replies":[{"embeddable":true,"href":"https:\/\/www.techcloseoutlet.com\/index.php\/wp-json\/wp\/v2\/comments?post=50392"}],"wp:featuredmedia":[{"embeddable":true,"href":"https:\/\/www.techcloseoutlet.com\/index.php\/wp-json\/wp\/v2\/media\/50310"}],"wp:attachment":[{"href":"https:\/\/www.techcloseoutlet.com\/index.php\/wp-json\/wp\/v2\/media?parent=50392"}],"wp:term":[{"taxonomy":"product_brand","embeddable":true,"href":"https:\/\/www.techcloseoutlet.com\/index.php\/wp-json\/wp\/v2\/product_brand?post=50392"},{"taxonomy":"product_cat","embeddable":true,"href":"https:\/\/www.techcloseoutlet.com\/index.php\/wp-json\/wp\/v2\/product_cat?post=50392"},{"taxonomy":"product_tag","embeddable":true,"href":"https:\/\/www.techcloseoutlet.com\/index.php\/wp-json\/wp\/v2\/product_tag?post=50392"},{"taxonomy":"woo-feed-brand","embeddable":true,"href":"https:\/\/www.techcloseoutlet.com\/index.php\/wp-json\/wp\/v2\/woo-feed-brand?post=50392"}],"curies":[{"name":"wp","href":"https:\/\/api.w.org\/{rel}","templated":true}]}}