{"id":50386,"date":"2025-10-20T14:38:52","date_gmt":"2025-10-20T14:38:52","guid":{"rendered":"https:\/\/www.techcloseoutlet.com\/index.php\/product\/sistema-di-cuffie-wireless-rf-sennheiser-rs-195-rinnovato\/"},"modified":"2025-10-20T14:38:52","modified_gmt":"2025-10-20T14:38:52","slug":"sistema-di-cuffie-wireless-rf-sennheiser-rs-195-rinnovato","status":"publish","type":"product","link":"https:\/\/www.techcloseoutlet.com\/index.php\/product\/sistema-di-cuffie-wireless-rf-sennheiser-rs-195-rinnovato\/?lang=it","title":{"rendered":"Sistema di cuffie wireless RF Sennheiser RS \u200b\u200b195 rinnovato"},"content":{"rendered":"<p>Le cuffie RS 195 ti collegano a musica, TV e film con una qualit\u00e0 audio senza pari, con la facilit\u00e0 d&#8217;uso e il comfort che ci si aspetta dalle cuffie Sennheiser. Le cuffie wireless offrono la libert\u00e0 di ascoltare con un profilo uditivo personalizzato in pura chiarezza digitale. Sorgenti analogiche da 3,5 mm e RCA. Rapporto segnale\/rumore &#8211; Ingresso analogico: tipico 85 dBA a 1 Vrms, Ingresso digitale: &gt; 90 dBA.<\/p>\n<p>Sistema di cuffie circumaurali chiuse con eccellente trasmissione audio digitale wireless, con portata fino a 100 m (in linea d&#8217;aria). Tecnologia di connettivit\u00e0: wireless.<br \/>\nPreimpostazioni di amplificazione dell&#8217;udito selezionabili con una modalit\u00e0 aggiuntiva di soppressione del rumore per dialoghi pi\u00f9 chiari e un&#8217;intelligibilit\u00e0 vocale superiore. Modalit\u00e0 di ascolto musicale per una gamma dinamica pi\u00f9 ampia.<br \/>\nIl trasmettitore multifunzione supporta ingressi sia digitali che analogici, oltre al controllo automatico e manuale del livello, e funziona anche come base di ricarica facile e docking station per le cuffie.<br \/>\nNon compatibile con la tecnologia Bluetooth. Compatibile con ingressi audio analogici e digitali, nonch\u00e9 con commutazione tra gli ingressi. THD, distorsione armonica totale: &lt;0,5% a 1 kHz, 100 dB SPL.<br \/>\nDue anni di garanzia se acquistato presso un rivenditore autorizzato Sennheiser.<br \/>\nNOTA: consultare il Manuale d&#8217;uso nelle Specifiche Tecniche prima dell&#8217;uso.<br \/>\nTipo di alimentazione: Batteria.<\/p>\n","protected":false},"excerpt":{"rendered":"<p>Le cuffie RS 195 ti collegano a musica, TV e film con una qualit\u00e0 audio senza pari, con la facilit\u00e0 d&#8217;uso e il comfort che ci si aspetta dalle cuffie Sennheiser. Le cuffie wireless offrono la libert\u00e0 di ascoltare con un profilo uditivo personalizzato in pura chiarezza digitale. Sorgenti analogiche da 3,5 mm e RCA. Rapporto segnale\/rumore &#8211; Ingresso analogico: tipico 85 dBA a 1 Vrms, Ingresso digitale: > 90 dBA.<\/p>\n<p>Sistema di cuffie circumaurali chiuse con eccellente trasmissione audio digitale wireless, con portata fino a 100 m (in linea d&#8217;aria). Tecnologia di connettivit\u00e0: wireless.<br \/>\nPreimpostazioni di amplificazione dell&#8217;udito selezionabili con una modalit\u00e0 aggiuntiva di soppressione del rumore per dialoghi pi\u00f9 chiari e un&#8217;intelligibilit\u00e0 vocale superiore. Modalit\u00e0 di ascolto musicale per una gamma dinamica pi\u00f9 ampia.<br \/>\nIl trasmettitore multifunzione supporta ingressi sia digitali che analogici, oltre al controllo automatico e manuale del livello, e funziona anche come base di ricarica facile e docking station per le cuffie.<br \/>\nNon compatibile con la tecnologia Bluetooth. Compatibile con ingressi audio analogici e digitali, nonch\u00e9 con commutazione tra gli ingressi. THD, distorsione armonica totale: <0,5% a 1 kHz, 100 dB SPL.\nDue anni di garanzia se acquistato presso un rivenditore autorizzato Sennheiser.\nNOTA: consultare il Manuale d'uso nelle Specifiche Tecniche prima dell'uso.\nTipo di alimentazione: Batteria.\n<\/p>\n","protected":false},"featured_media":50342,"comment_status":"open","ping_status":"closed","template":"","meta":[],"product_brand":[],"product_cat":[45],"product_tag":[],"woo-feed-brand":[],"class_list":{"0":"post-50386","1":"product","2":"type-product","3":"status-publish","4":"has-post-thumbnail","6":"product_cat-cuffie","8":"entry","9":"has-media","11":"first","12":"instock","13":"sale","14":"taxable","15":"shipping-taxable","16":"purchasable","17":"product-type-simple","18":"has-product-nav","19":"col","20":"span_1_of_3","21":"owp-content-center","22":"owp-thumbs-layout-horizontal","23":"owp-btn-normal","24":"owp-tabs-layout-horizontal","25":"has-no-thumbnails"},"exclude_global_add_ons":[],"addons":[],"jetpack_sharing_enabled":true,"_links":{"self":[{"href":"https:\/\/www.techcloseoutlet.com\/index.php\/wp-json\/wp\/v2\/product\/50386","targetHints":{"allow":["GET"]}}],"collection":[{"href":"https:\/\/www.techcloseoutlet.com\/index.php\/wp-json\/wp\/v2\/product"}],"about":[{"href":"https:\/\/www.techcloseoutlet.com\/index.php\/wp-json\/wp\/v2\/types\/product"}],"replies":[{"embeddable":true,"href":"https:\/\/www.techcloseoutlet.com\/index.php\/wp-json\/wp\/v2\/comments?post=50386"}],"wp:featuredmedia":[{"embeddable":true,"href":"https:\/\/www.techcloseoutlet.com\/index.php\/wp-json\/wp\/v2\/media\/50342"}],"wp:attachment":[{"href":"https:\/\/www.techcloseoutlet.com\/index.php\/wp-json\/wp\/v2\/media?parent=50386"}],"wp:term":[{"taxonomy":"product_brand","embeddable":true,"href":"https:\/\/www.techcloseoutlet.com\/index.php\/wp-json\/wp\/v2\/product_brand?post=50386"},{"taxonomy":"product_cat","embeddable":true,"href":"https:\/\/www.techcloseoutlet.com\/index.php\/wp-json\/wp\/v2\/product_cat?post=50386"},{"taxonomy":"product_tag","embeddable":true,"href":"https:\/\/www.techcloseoutlet.com\/index.php\/wp-json\/wp\/v2\/product_tag?post=50386"},{"taxonomy":"woo-feed-brand","embeddable":true,"href":"https:\/\/www.techcloseoutlet.com\/index.php\/wp-json\/wp\/v2\/woo-feed-brand?post=50386"}],"curies":[{"name":"wp","href":"https:\/\/api.w.org\/{rel}","templated":true}]}}