{"id":50378,"date":"2025-10-20T14:18:49","date_gmt":"2025-10-20T14:18:49","guid":{"rendered":"https:\/\/www.techcloseoutlet.com\/index.php\/product\/sennheiser-cuffie-wireless-con-cancellazione-del-rumore-hd-458bt-esclusiva-hd-458bt-nero-rosso\/"},"modified":"2025-10-20T14:18:49","modified_gmt":"2025-10-20T14:18:49","slug":"sennheiser-cuffie-wireless-con-cancellazione-del-rumore-hd-458bt-esclusiva-hd-458bt-nero-rosso","status":"publish","type":"product","link":"https:\/\/www.techcloseoutlet.com\/index.php\/product\/sennheiser-cuffie-wireless-con-cancellazione-del-rumore-hd-458bt-esclusiva-hd-458bt-nero-rosso\/?lang=it","title":{"rendered":"Sennheiser &#8211; Cuffie wireless con cancellazione del rumore HD 458BT (esclusiva HD 458BT) &#8211; Nero\/Rosso"},"content":{"rendered":"<p>Cancellazione attiva del rumore,<br \/>\nCancellazione attiva del rumore per un ascolto senza interruzioni.<\/p>\n<p>Qualit\u00e0 audio superiore,<br \/>\nAudio wireless superiore con bassi dinamici profondi e supporto codec Bluetooth 5.0 di alta qualit\u00e0, inclusi AAC e AptX con AptX a bassa latenza per mantenere l&#8217;audio perfettamente sincronizzato con l&#8217;azione sullo schermo durante la visione di video.<\/p>\n<p>Durata della batteria,<br \/>\n30 ore di durata della batteria con cancellazione attiva del rumore, Bluetooth attivo e connessione USB-C per una ricarica rapida.<\/p>\n<p>Manufatti di qualit\u00e0,<br \/>\nRealizzati con materiali di alta qualit\u00e0 per una durata eccezionale e un design minimalista.<\/p>\n<p>Comandi intuitivi,<br \/>\nComandi intuitivi e microfono per il controllo di musica e chiamate, incluso un pulsante Voice Assistant dedicato per Siri e Google Assistant.<\/p>\n<p>App complementare,<br \/>\nL&#8217;app gratuita Sennheiser Smart Control (disponibile su dispositivi Apple e Android), con modalit\u00e0 audio selezionabili, consente di personalizzare l&#8217;esperienza audio in base alla playlist da viaggio. Modalit\u00e0 podcast dedicata che ottimizza l&#8217;intelligibilit\u00e0 di podcast, audiolibri e altri contenuti vocali.<\/p>\n","protected":false},"excerpt":{"rendered":"<p>Cancellazione attiva del rumore,<br \/>\nCancellazione attiva del rumore per un ascolto senza interruzioni.<\/p>\n<p>Qualit\u00e0 audio superiore,<br \/>\nAudio wireless superiore con bassi dinamici profondi e supporto codec Bluetooth 5.0 di alta qualit\u00e0, inclusi AAC e AptX con AptX a bassa latenza per mantenere l&#8217;audio perfettamente sincronizzato con l&#8217;azione sullo schermo durante la visione di video.<\/p>\n<p>Durata della batteria,<br \/>\n30 ore di durata della batteria con cancellazione attiva del rumore, Bluetooth attivo e connessione USB-C per una ricarica rapida.<\/p>\n<p>Manufatti di qualit\u00e0,<br \/>\nRealizzati con materiali di alta qualit\u00e0 per una durata eccezionale e un design minimalista.<\/p>\n<p>Comandi intuitivi,<br \/>\nComandi intuitivi e microfono per il controllo di musica e chiamate, incluso un pulsante Voice Assistant dedicato per Siri e Google Assistant.<\/p>\n<p>App complementare,<br \/>\nL&#8217;app gratuita Sennheiser Smart Control (disponibile su dispositivi Apple e Android), con modalit\u00e0 audio selezionabili, consente di personalizzare l&#8217;esperienza audio in base alla playlist da viaggio. Modalit\u00e0 podcast dedicata che ottimizza l&#8217;intelligibilit\u00e0 di podcast, audiolibri e altri contenuti vocali.<\/p>\n","protected":false},"featured_media":50365,"comment_status":"open","ping_status":"closed","template":"","meta":[],"product_brand":[],"product_cat":[45],"product_tag":[],"woo-feed-brand":[],"class_list":{"0":"post-50378","1":"product","2":"type-product","3":"status-publish","4":"has-post-thumbnail","6":"product_cat-cuffie","8":"entry","9":"has-media","11":"first","12":"instock","13":"sale","14":"taxable","15":"shipping-taxable","16":"purchasable","17":"product-type-simple","18":"has-product-nav","19":"col","20":"span_1_of_3","21":"owp-content-center","22":"owp-thumbs-layout-horizontal","23":"owp-btn-normal","24":"owp-tabs-layout-horizontal","25":"has-no-thumbnails"},"exclude_global_add_ons":[],"addons":[],"jetpack_sharing_enabled":true,"_links":{"self":[{"href":"https:\/\/www.techcloseoutlet.com\/index.php\/wp-json\/wp\/v2\/product\/50378","targetHints":{"allow":["GET"]}}],"collection":[{"href":"https:\/\/www.techcloseoutlet.com\/index.php\/wp-json\/wp\/v2\/product"}],"about":[{"href":"https:\/\/www.techcloseoutlet.com\/index.php\/wp-json\/wp\/v2\/types\/product"}],"replies":[{"embeddable":true,"href":"https:\/\/www.techcloseoutlet.com\/index.php\/wp-json\/wp\/v2\/comments?post=50378"}],"wp:featuredmedia":[{"embeddable":true,"href":"https:\/\/www.techcloseoutlet.com\/index.php\/wp-json\/wp\/v2\/media\/50365"}],"wp:attachment":[{"href":"https:\/\/www.techcloseoutlet.com\/index.php\/wp-json\/wp\/v2\/media?parent=50378"}],"wp:term":[{"taxonomy":"product_brand","embeddable":true,"href":"https:\/\/www.techcloseoutlet.com\/index.php\/wp-json\/wp\/v2\/product_brand?post=50378"},{"taxonomy":"product_cat","embeddable":true,"href":"https:\/\/www.techcloseoutlet.com\/index.php\/wp-json\/wp\/v2\/product_cat?post=50378"},{"taxonomy":"product_tag","embeddable":true,"href":"https:\/\/www.techcloseoutlet.com\/index.php\/wp-json\/wp\/v2\/product_tag?post=50378"},{"taxonomy":"woo-feed-brand","embeddable":true,"href":"https:\/\/www.techcloseoutlet.com\/index.php\/wp-json\/wp\/v2\/woo-feed-brand?post=50378"}],"curies":[{"name":"wp","href":"https:\/\/api.w.org\/{rel}","templated":true}]}}