{"id":50377,"date":"2025-10-20T14:17:37","date_gmt":"2025-10-20T14:17:37","guid":{"rendered":"https:\/\/www.techcloseoutlet.com\/index.php\/product\/sennheiser-hd-458bt-kabelloser-kopfhoerer-mit-geraeuschunterdrueckung-exklusiv-beim-hd-458bt-schwarz-rot\/"},"modified":"2026-04-18T00:51:01","modified_gmt":"2026-04-18T00:51:01","slug":"sennheiser-hd-458bt-kabelloser-kopfhoerer-mit-geraeuschunterdrueckung-exklusiv-beim-hd-458bt-schwarz-rot","status":"publish","type":"product","link":"https:\/\/www.techcloseoutlet.com\/index.php\/product\/sennheiser-hd-458bt-kabelloser-kopfhoerer-mit-geraeuschunterdrueckung-exklusiv-beim-hd-458bt-schwarz-rot\/?lang=de","title":{"rendered":"Erneuert Sennheiser \u2013 HD 458BT Kabelloser Kopfh\u00f6rer mit Ger\u00e4uschunterdr\u00fcckung (exklusiv beim HD 458BT) \u2013 Schwarz\/Rot"},"content":{"rendered":"<p>Aktive Ger\u00e4uschunterdr\u00fcckung<br \/>\nAktive Ger\u00e4uschunterdr\u00fcckung f\u00fcr ungest\u00f6rten H\u00f6rgenuss.<\/p>\n<p>\u00dcberragende Klangqualit\u00e4t<br \/>\n\u00dcberragender kabelloser Sound mit tiefem, dynamischem Bass und hochwertiger Bluetooth 5.0-Codec-Unterst\u00fctzung, einschlie\u00dflich AAC und AptX mit AptX Low Latency, sorgt f\u00fcr perfekte Synchronisation des Tons mit dem Bildschirmgeschehen beim Ansehen von Videos.<\/p>\n<p>Akkulaufzeit<br \/>\n30 Stunden Akkulaufzeit mit aktiver Ger\u00e4uschunterdr\u00fcckung, aktiviertem Bluetooth und USB-C-Anschluss f\u00fcr schnelles Laden.<\/p>\n<p>Hochwertige Verarbeitung<br \/>\nHergestellt aus hochwertigen Materialien f\u00fcr herausragende Langlebigkeit und minimalistisches Design.<\/p>\n<p>Intuitive Steuerung<br \/>\nIntuitive Steuerung und Mikrofon f\u00fcr Musik- und Anrufsteuerung, einschlie\u00dflich einer speziellen Sprachassistenten-Taste f\u00fcr Siri und Google Assistant.<\/p>\n<p>Begleit-App<br \/>\nMit der kostenlosen Sennheiser Smart Control App (verf\u00fcgbar f\u00fcr Apple- und Android-Ger\u00e4te) k\u00f6nnen Sie mit w\u00e4hlbaren Klangmodi das Klangerlebnis an Ihre Reise-Playlist anpassen. Ein spezieller Podcast-Modus optimiert die Verst\u00e4ndlichkeit von Podcasts, H\u00f6rb\u00fcchern und anderen Sprachinhalten.<\/p>\n","protected":false},"excerpt":{"rendered":"<p>Aktive Ger\u00e4uschunterdr\u00fcckung<br \/>\nAktive Ger\u00e4uschunterdr\u00fcckung f\u00fcr ungest\u00f6rten H\u00f6rgenuss.<\/p>\n<p>\u00dcberragende Klangqualit\u00e4t<br \/>\n\u00dcberragender kabelloser Sound mit tiefem, dynamischem Bass und hochwertiger Bluetooth 5.0-Codec-Unterst\u00fctzung, einschlie\u00dflich AAC und AptX mit AptX Low Latency, sorgt f\u00fcr perfekte Synchronisation des Tons mit dem Bildschirmgeschehen beim Ansehen von Videos.<\/p>\n<p>Akkulaufzeit<br \/>\n30 Stunden Akkulaufzeit mit aktiver Ger\u00e4uschunterdr\u00fcckung, aktiviertem Bluetooth und USB-C-Anschluss f\u00fcr schnelles Laden.<\/p>\n<p>Hochwertige Verarbeitung<br \/>\nHergestellt aus hochwertigen Materialien f\u00fcr herausragende Langlebigkeit und minimalistisches Design.<\/p>\n<p>Intuitive Steuerung<br \/>\nIntuitive Steuerung und Mikrofon f\u00fcr Musik- und Anrufsteuerung, einschlie\u00dflich einer speziellen Sprachassistenten-Taste f\u00fcr Siri und Google Assistant.<\/p>\n<p>Begleit-App<br \/>\nMit der kostenlosen Sennheiser Smart Control App (verf\u00fcgbar f\u00fcr Apple- und Android-Ger\u00e4te) k\u00f6nnen Sie mit w\u00e4hlbaren Klangmodi das Klangerlebnis an Ihre Reise-Playlist anpassen. Ein spezieller Podcast-Modus optimiert die Verst\u00e4ndlichkeit von Podcasts, H\u00f6rb\u00fcchern und anderen Sprachinhalten.<\/p>\n","protected":false},"featured_media":50364,"comment_status":"open","ping_status":"closed","template":"","meta":[],"product_brand":[],"product_cat":[48],"product_tag":[],"woo-feed-brand":[],"class_list":{"0":"post-50377","1":"product","2":"type-product","3":"status-publish","4":"has-post-thumbnail","6":"product_cat-kopfhorer","8":"entry","9":"has-media","11":"first","12":"instock","13":"sale","14":"taxable","15":"shipping-taxable","16":"purchasable","17":"product-type-simple","18":"has-product-nav","19":"col","20":"span_1_of_3","21":"owp-content-center","22":"owp-thumbs-layout-horizontal","23":"owp-btn-normal","24":"owp-tabs-layout-horizontal","25":"has-no-thumbnails"},"exclude_global_add_ons":[],"addons":[],"jetpack_sharing_enabled":true,"_links":{"self":[{"href":"https:\/\/www.techcloseoutlet.com\/index.php\/wp-json\/wp\/v2\/product\/50377","targetHints":{"allow":["GET"]}}],"collection":[{"href":"https:\/\/www.techcloseoutlet.com\/index.php\/wp-json\/wp\/v2\/product"}],"about":[{"href":"https:\/\/www.techcloseoutlet.com\/index.php\/wp-json\/wp\/v2\/types\/product"}],"replies":[{"embeddable":true,"href":"https:\/\/www.techcloseoutlet.com\/index.php\/wp-json\/wp\/v2\/comments?post=50377"}],"wp:featuredmedia":[{"embeddable":true,"href":"https:\/\/www.techcloseoutlet.com\/index.php\/wp-json\/wp\/v2\/media\/50364"}],"wp:attachment":[{"href":"https:\/\/www.techcloseoutlet.com\/index.php\/wp-json\/wp\/v2\/media?parent=50377"}],"wp:term":[{"taxonomy":"product_brand","embeddable":true,"href":"https:\/\/www.techcloseoutlet.com\/index.php\/wp-json\/wp\/v2\/product_brand?post=50377"},{"taxonomy":"product_cat","embeddable":true,"href":"https:\/\/www.techcloseoutlet.com\/index.php\/wp-json\/wp\/v2\/product_cat?post=50377"},{"taxonomy":"product_tag","embeddable":true,"href":"https:\/\/www.techcloseoutlet.com\/index.php\/wp-json\/wp\/v2\/product_tag?post=50377"},{"taxonomy":"woo-feed-brand","embeddable":true,"href":"https:\/\/www.techcloseoutlet.com\/index.php\/wp-json\/wp\/v2\/woo-feed-brand?post=50377"}],"curies":[{"name":"wp","href":"https:\/\/api.w.org\/{rel}","templated":true}]}}