{"id":50374,"date":"2025-10-20T14:16:06","date_gmt":"2025-10-20T14:16:06","guid":{"rendered":"https:\/\/www.techcloseoutlet.com\/index.php\/product\/erneuerter-digitaler-kabelloser-kopfhoerer-sennheiser-rs-180-mit-sender\/"},"modified":"2025-10-20T14:16:06","modified_gmt":"2025-10-20T14:16:06","slug":"erneuerter-digitaler-kabelloser-kopfhoerer-sennheiser-rs-180-mit-sender","status":"publish","type":"product","link":"https:\/\/www.techcloseoutlet.com\/index.php\/product\/erneuerter-digitaler-kabelloser-kopfhoerer-sennheiser-rs-180-mit-sender\/?lang=de","title":{"rendered":"Erneuerter digitaler kabelloser Kopfh\u00f6rer Sennheiser RS \u200b\u200b180 mit Sender"},"content":{"rendered":"<p>Mit dem kabellosen Kopfh\u00f6rer RS \u200b\u200b180 von Sennheiser genie\u00dfen Sie unkomprimierten Klang in CD-Qualit\u00e4t \u2013 ganz ohne Kabelsalat. Das System umfasst einen ohrumschlie\u00dfenden Kopfh\u00f6rer und einen Basissender. Der Sender l\u00e4sst sich an Ihren CD-Player, Computer, Ihr Heimkino oder andere Audioger\u00e4te anschlie\u00dfen. Er nutzt die KLEER-Funktechnologie, um unkomprimiertes digitales Audio bis zu 100 Meter weit an den Kopfh\u00f6rer zu \u00fcbertragen. Die KLEER-Technologie sorgt f\u00fcr eine automatische, st\u00f6rungsfreie Kopplung zwischen Sender und Kopfh\u00f6rer, sodass keine Feinabstimmung erforderlich ist. Der Sender dient gleichzeitig als Dock und Ladestation f\u00fcr den Kopfh\u00f6rer.<\/p>\n","protected":false},"excerpt":{"rendered":"<p>Mit dem kabellosen Kopfh\u00f6rer RS \u200b\u200b180 von Sennheiser genie\u00dfen Sie unkomprimierten Klang in CD-Qualit\u00e4t \u2013 ganz ohne Kabelsalat. Das System umfasst einen ohrumschlie\u00dfenden Kopfh\u00f6rer und einen Basissender. Der Sender l\u00e4sst sich an Ihren CD-Player, Computer, Ihr Heimkino oder andere Audioger\u00e4te anschlie\u00dfen. Er nutzt die KLEER-Funktechnologie, um unkomprimiertes digitales Audio bis zu 100 Meter weit an den Kopfh\u00f6rer zu \u00fcbertragen. Die KLEER-Technologie sorgt f\u00fcr eine automatische, st\u00f6rungsfreie Kopplung zwischen Sender und Kopfh\u00f6rer, sodass keine Feinabstimmung erforderlich ist. Der Sender dient gleichzeitig als Dock und Ladestation f\u00fcr den Kopfh\u00f6rer.<\/p>\n","protected":false},"featured_media":50349,"comment_status":"open","ping_status":"closed","template":"","meta":[],"product_brand":[],"product_cat":[48],"product_tag":[],"woo-feed-brand":[],"class_list":{"0":"post-50374","1":"product","2":"type-product","3":"status-publish","4":"has-post-thumbnail","6":"product_cat-kopfhorer","8":"entry","9":"has-media","11":"first","12":"instock","13":"sale","14":"taxable","15":"shipping-taxable","16":"purchasable","17":"product-type-simple","18":"has-product-nav","19":"col","20":"span_1_of_3","21":"owp-content-center","22":"owp-thumbs-layout-horizontal","23":"owp-btn-normal","24":"owp-tabs-layout-horizontal","25":"has-no-thumbnails"},"exclude_global_add_ons":[],"addons":[],"jetpack_sharing_enabled":true,"_links":{"self":[{"href":"https:\/\/www.techcloseoutlet.com\/index.php\/wp-json\/wp\/v2\/product\/50374","targetHints":{"allow":["GET"]}}],"collection":[{"href":"https:\/\/www.techcloseoutlet.com\/index.php\/wp-json\/wp\/v2\/product"}],"about":[{"href":"https:\/\/www.techcloseoutlet.com\/index.php\/wp-json\/wp\/v2\/types\/product"}],"replies":[{"embeddable":true,"href":"https:\/\/www.techcloseoutlet.com\/index.php\/wp-json\/wp\/v2\/comments?post=50374"}],"wp:featuredmedia":[{"embeddable":true,"href":"https:\/\/www.techcloseoutlet.com\/index.php\/wp-json\/wp\/v2\/media\/50349"}],"wp:attachment":[{"href":"https:\/\/www.techcloseoutlet.com\/index.php\/wp-json\/wp\/v2\/media?parent=50374"}],"wp:term":[{"taxonomy":"product_brand","embeddable":true,"href":"https:\/\/www.techcloseoutlet.com\/index.php\/wp-json\/wp\/v2\/product_brand?post=50374"},{"taxonomy":"product_cat","embeddable":true,"href":"https:\/\/www.techcloseoutlet.com\/index.php\/wp-json\/wp\/v2\/product_cat?post=50374"},{"taxonomy":"product_tag","embeddable":true,"href":"https:\/\/www.techcloseoutlet.com\/index.php\/wp-json\/wp\/v2\/product_tag?post=50374"},{"taxonomy":"woo-feed-brand","embeddable":true,"href":"https:\/\/www.techcloseoutlet.com\/index.php\/wp-json\/wp\/v2\/woo-feed-brand?post=50374"}],"curies":[{"name":"wp","href":"https:\/\/api.w.org\/{rel}","templated":true}]}}