{"id":50373,"date":"2025-10-20T14:15:39","date_gmt":"2025-10-20T14:15:39","guid":{"rendered":"https:\/\/www.techcloseoutlet.com\/index.php\/product\/sennheiser-accentum-true-wireless-earbuds-kristallklarer-klang-mit-hybrid-anc-ergonomisches-design-28-stunden-akkulaufzeit-touch-oberflaeche-schwarz\/"},"modified":"2026-04-18T00:56:14","modified_gmt":"2026-04-18T00:56:14","slug":"sennheiser-accentum-true-wireless-earbuds-kristallklarer-klang-mit-hybrid-anc-ergonomisches-design-28-stunden-akkulaufzeit-touch-oberflaeche-schwarz","status":"publish","type":"product","link":"https:\/\/www.techcloseoutlet.com\/index.php\/product\/sennheiser-accentum-true-wireless-earbuds-kristallklarer-klang-mit-hybrid-anc-ergonomisches-design-28-stunden-akkulaufzeit-touch-oberflaeche-schwarz\/?lang=de","title":{"rendered":"Erneuert Sennheiser ACCENTUM True Wireless Earbuds \u2013 Kristallklarer Klang mit Hybrid ANC, ergonomisches Design, 28 Stunden Akkulaufzeit, Touch-Oberfl\u00e4che, Schwarz"},"content":{"rendered":"<p>Ergonomischer Komfort und sicherer Sitz: Genie\u00dfen Sie den ganzen Tag lang H\u00f6rgenuss mit weichen Silikonaufs\u00e4tzen, die auf Grundlage umfangreicher ergonomischer Forschung im In-Ear-Bereich entwickelt wurden und f\u00fcr unvergleichlichen Tragekomfort sorgen.<\/p>\n<p>Sennheiser Signature-Klangqualit\u00e4t: Au\u00dfergew\u00f6hnlicher Klang mit TrueResponse-Technologie, anpassbar \u00fcber die Smart Control App f\u00fcr ein personalisiertes Klangerlebnis von tiefen B\u00e4ssen bis zu kristallklaren H\u00f6hen.<\/p>\n<p>Hybride aktive Ger\u00e4uschunterdr\u00fcckung: Blenden Sie die Welt aus und tauchen Sie mit effektiver Ger\u00e4uschunterdr\u00fcckung in Ihre Musik ein oder wechseln Sie in den Transparenzmodus, um mit Ihrer Umgebung verbunden zu bleiben.<\/p>\n<p>Ganzt\u00e4giger Akku und bequemes Laden: Energie f\u00fcr den ganzen Tag mit 8 Stunden Spielzeit und zus\u00e4tzlichen 20 Stunden \u00fcber das Ladeetui, mit praktischen kabellosen Qi- und USB-C-Ladeoptionen.<\/p>\n<p>Erweiterte Konnektivit\u00e4t und Steuerung: Erleben Sie nahtloses Pairing mit Bluetooth 5.3, anpassbare Touch-Bedienelemente f\u00fcr Audio und Anrufe sowie Dual-Mikrofon-Technologie f\u00fcr klare Gespr\u00e4che.<\/p>\n","protected":false},"excerpt":{"rendered":"<p>Ergonomischer Komfort und sicherer Sitz: Genie\u00dfen Sie den ganzen Tag lang H\u00f6rgenuss mit weichen Silikonaufs\u00e4tzen, die auf Grundlage umfangreicher ergonomischer Forschung im In-Ear-Bereich entwickelt wurden und f\u00fcr unvergleichlichen Tragekomfort sorgen.<\/p>\n<p>Sennheiser Signature-Klangqualit\u00e4t: Au\u00dfergew\u00f6hnlicher Klang mit TrueResponse-Technologie, anpassbar \u00fcber die Smart Control App f\u00fcr ein personalisiertes Klangerlebnis von tiefen B\u00e4ssen bis zu kristallklaren H\u00f6hen.<\/p>\n<p>Hybride aktive Ger\u00e4uschunterdr\u00fcckung: Blenden Sie die Welt aus und tauchen Sie mit effektiver Ger\u00e4uschunterdr\u00fcckung in Ihre Musik ein oder wechseln Sie in den Transparenzmodus, um mit Ihrer Umgebung verbunden zu bleiben.<\/p>\n<p>Ganzt\u00e4giger Akku und bequemes Laden: Energie f\u00fcr den ganzen Tag mit 8 Stunden Spielzeit und zus\u00e4tzlichen 20 Stunden \u00fcber das Ladeetui, mit praktischen kabellosen Qi- und USB-C-Ladeoptionen.<\/p>\n<p>Erweiterte Konnektivit\u00e4t und Steuerung: Erleben Sie nahtloses Pairing mit Bluetooth 5.3, anpassbare Touch-Bedienelemente f\u00fcr Audio und Anrufe sowie Dual-Mikrofon-Technologie f\u00fcr klare Gespr\u00e4che.<\/p>\n","protected":false},"featured_media":50345,"comment_status":"open","ping_status":"closed","template":"","meta":[],"product_brand":[],"product_cat":[48],"product_tag":[],"woo-feed-brand":[],"class_list":{"0":"post-50373","1":"product","2":"type-product","3":"status-publish","4":"has-post-thumbnail","6":"product_cat-kopfhorer","8":"entry","9":"has-media","11":"first","12":"instock","13":"sale","14":"taxable","15":"shipping-taxable","16":"purchasable","17":"product-type-simple","18":"has-product-nav","19":"col","20":"span_1_of_3","21":"owp-content-center","22":"owp-thumbs-layout-horizontal","23":"owp-btn-normal","24":"owp-tabs-layout-horizontal","25":"has-no-thumbnails"},"exclude_global_add_ons":[],"addons":[],"jetpack_sharing_enabled":true,"_links":{"self":[{"href":"https:\/\/www.techcloseoutlet.com\/index.php\/wp-json\/wp\/v2\/product\/50373","targetHints":{"allow":["GET"]}}],"collection":[{"href":"https:\/\/www.techcloseoutlet.com\/index.php\/wp-json\/wp\/v2\/product"}],"about":[{"href":"https:\/\/www.techcloseoutlet.com\/index.php\/wp-json\/wp\/v2\/types\/product"}],"replies":[{"embeddable":true,"href":"https:\/\/www.techcloseoutlet.com\/index.php\/wp-json\/wp\/v2\/comments?post=50373"}],"wp:featuredmedia":[{"embeddable":true,"href":"https:\/\/www.techcloseoutlet.com\/index.php\/wp-json\/wp\/v2\/media\/50345"}],"wp:attachment":[{"href":"https:\/\/www.techcloseoutlet.com\/index.php\/wp-json\/wp\/v2\/media?parent=50373"}],"wp:term":[{"taxonomy":"product_brand","embeddable":true,"href":"https:\/\/www.techcloseoutlet.com\/index.php\/wp-json\/wp\/v2\/product_brand?post=50373"},{"taxonomy":"product_cat","embeddable":true,"href":"https:\/\/www.techcloseoutlet.com\/index.php\/wp-json\/wp\/v2\/product_cat?post=50373"},{"taxonomy":"product_tag","embeddable":true,"href":"https:\/\/www.techcloseoutlet.com\/index.php\/wp-json\/wp\/v2\/product_tag?post=50373"},{"taxonomy":"woo-feed-brand","embeddable":true,"href":"https:\/\/www.techcloseoutlet.com\/index.php\/wp-json\/wp\/v2\/woo-feed-brand?post=50373"}],"curies":[{"name":"wp","href":"https:\/\/api.w.org\/{rel}","templated":true}]}}