{"id":50372,"date":"2025-10-20T14:15:09","date_gmt":"2025-10-20T14:15:09","guid":{"rendered":"https:\/\/www.techcloseoutlet.com\/index.php\/product\/erneuertes-sennheiser-consumer-audio-sennheiser-rs-195-rf-wireless-kopfhoerersystem\/"},"modified":"2025-10-20T14:15:09","modified_gmt":"2025-10-20T14:15:09","slug":"erneuertes-sennheiser-consumer-audio-sennheiser-rs-195-rf-wireless-kopfhoerersystem","status":"publish","type":"product","link":"https:\/\/www.techcloseoutlet.com\/index.php\/product\/erneuertes-sennheiser-consumer-audio-sennheiser-rs-195-rf-wireless-kopfhoerersystem\/?lang=de","title":{"rendered":"Erneuertes Sennheiser Consumer Audio Sennheiser RS \u200b\u200b195 RF Wireless-Kopfh\u00f6rersystem"},"content":{"rendered":"<p>Der RS \u200b\u200b195 verbindet Sie mit Musik, Fernsehen und Filmen \u2013 mit unvergleichlicher Klangqualit\u00e4t und dem gewohnten Bedienkomfort von Sennheiser-Kopfh\u00f6rern. Der kabellose Kopfh\u00f6rer bietet Ihnen die Freiheit, mit einem individuellen H\u00f6rprofil in digitaler Klarheit zu h\u00f6ren. Analoge Quellen: 3,5 mm und Cinch. Signal-Rausch-Verh\u00e4ltnis \u2013 Analogeingang: typ. 85 dBA bei 1 Vrms, Digitaleingang: &gt; 90 dBA.<\/p>\n<p>Geschlossenes, ohrumschlie\u00dfendes Kopfh\u00f6rersystem mit exzellenter digitaler kabelloser Audio\u00fcbertragung und einer Reichweite von bis zu 100 m (Sichtlinie). Konnektivit\u00e4tstechnologie: Kabellos.<\/p>\n<p>W\u00e4hlbare H\u00f6rverst\u00e4rkungsvoreinstellungen mit zus\u00e4tzlichem Rauschunterdr\u00fcckungsmodus f\u00fcr klarere Dialoge und hervorragende Sprachverst\u00e4ndlichkeit. Musikh\u00f6rmodus f\u00fcr erweiterten Dynamikumfang.<br \/>\nDer Mehrzwecksender unterst\u00fctzt sowohl digitale als auch analoge Eing\u00e4nge sowie automatische und manuelle Pegelregelung \u2013 dient auch als Ladestation und Dockingstation f\u00fcr die Kopfh\u00f6rer.<br \/>\nNicht kompatibel mit Bluetooth-Technologie. Kompatibel mit analogen und digitalen Audioeing\u00e4ngen sowie Umschaltung zwischen den Eing\u00e4ngen. Klirrfaktor (THD): &lt;0,5 % bei 1 kHz, 100 dB SPL.<br \/>\nZwei Jahre Garantie beim Kauf bei einem autorisierten Sennheiser-H\u00e4ndler.<br \/>\nHINWEIS: Lesen Sie vor der Verwendung die Bedienungsanleitung in den technischen Daten.<br \/>\nStromversorgung: Batterie.<\/p>\n","protected":false},"excerpt":{"rendered":"<p>Der RS \u200b\u200b195 verbindet Sie mit Musik, Fernsehen und Filmen \u2013 mit unvergleichlicher Klangqualit\u00e4t und dem gewohnten Bedienkomfort von Sennheiser-Kopfh\u00f6rern. Der kabellose Kopfh\u00f6rer bietet Ihnen die Freiheit, mit einem individuellen H\u00f6rprofil in digitaler Klarheit zu h\u00f6ren. Analoge Quellen: 3,5 mm und Cinch. Signal-Rausch-Verh\u00e4ltnis \u2013 Analogeingang: typ. 85 dBA bei 1 Vrms, Digitaleingang: > 90 dBA.<\/p>\n<p>Geschlossenes, ohrumschlie\u00dfendes Kopfh\u00f6rersystem mit exzellenter digitaler kabelloser Audio\u00fcbertragung und einer Reichweite von bis zu 100 m (Sichtlinie). Konnektivit\u00e4tstechnologie: Kabellos.<\/p>\n<p>W\u00e4hlbare H\u00f6rverst\u00e4rkungsvoreinstellungen mit zus\u00e4tzlichem Rauschunterdr\u00fcckungsmodus f\u00fcr klarere Dialoge und hervorragende Sprachverst\u00e4ndlichkeit. Musikh\u00f6rmodus f\u00fcr erweiterten Dynamikumfang.<br \/>\nDer Mehrzwecksender unterst\u00fctzt sowohl digitale als auch analoge Eing\u00e4nge sowie automatische und manuelle Pegelregelung \u2013 dient auch als Ladestation und Dockingstation f\u00fcr die Kopfh\u00f6rer.<br \/>\nNicht kompatibel mit Bluetooth-Technologie. Kompatibel mit analogen und digitalen Audioeing\u00e4ngen sowie Umschaltung zwischen den Eing\u00e4ngen. Klirrfaktor (THD): <0,5 % bei 1 kHz, 100 dB SPL.\nZwei Jahre Garantie beim Kauf bei einem autorisierten Sennheiser-H\u00e4ndler.\nHINWEIS: Lesen Sie vor der Verwendung die Bedienungsanleitung in den technischen Daten.\nStromversorgung: Batterie.\n<\/p>\n","protected":false},"featured_media":50341,"comment_status":"open","ping_status":"closed","template":"","meta":[],"product_brand":[],"product_cat":[48],"product_tag":[],"woo-feed-brand":[],"class_list":{"0":"post-50372","1":"product","2":"type-product","3":"status-publish","4":"has-post-thumbnail","6":"product_cat-kopfhorer","8":"entry","9":"has-media","11":"first","12":"instock","13":"sale","14":"taxable","15":"shipping-taxable","16":"purchasable","17":"product-type-simple","18":"has-product-nav","19":"col","20":"span_1_of_3","21":"owp-content-center","22":"owp-thumbs-layout-horizontal","23":"owp-btn-normal","24":"owp-tabs-layout-horizontal","25":"has-no-thumbnails"},"exclude_global_add_ons":[],"addons":[],"jetpack_sharing_enabled":true,"_links":{"self":[{"href":"https:\/\/www.techcloseoutlet.com\/index.php\/wp-json\/wp\/v2\/product\/50372","targetHints":{"allow":["GET"]}}],"collection":[{"href":"https:\/\/www.techcloseoutlet.com\/index.php\/wp-json\/wp\/v2\/product"}],"about":[{"href":"https:\/\/www.techcloseoutlet.com\/index.php\/wp-json\/wp\/v2\/types\/product"}],"replies":[{"embeddable":true,"href":"https:\/\/www.techcloseoutlet.com\/index.php\/wp-json\/wp\/v2\/comments?post=50372"}],"wp:featuredmedia":[{"embeddable":true,"href":"https:\/\/www.techcloseoutlet.com\/index.php\/wp-json\/wp\/v2\/media\/50341"}],"wp:attachment":[{"href":"https:\/\/www.techcloseoutlet.com\/index.php\/wp-json\/wp\/v2\/media?parent=50372"}],"wp:term":[{"taxonomy":"product_brand","embeddable":true,"href":"https:\/\/www.techcloseoutlet.com\/index.php\/wp-json\/wp\/v2\/product_brand?post=50372"},{"taxonomy":"product_cat","embeddable":true,"href":"https:\/\/www.techcloseoutlet.com\/index.php\/wp-json\/wp\/v2\/product_cat?post=50372"},{"taxonomy":"product_tag","embeddable":true,"href":"https:\/\/www.techcloseoutlet.com\/index.php\/wp-json\/wp\/v2\/product_tag?post=50372"},{"taxonomy":"woo-feed-brand","embeddable":true,"href":"https:\/\/www.techcloseoutlet.com\/index.php\/wp-json\/wp\/v2\/woo-feed-brand?post=50372"}],"curies":[{"name":"wp","href":"https:\/\/api.w.org\/{rel}","templated":true}]}}