{"id":50371,"date":"2025-10-20T14:14:39","date_gmt":"2025-10-20T14:14:39","guid":{"rendered":"https:\/\/www.techcloseoutlet.com\/index.php\/product\/sennheiser-momentum-3-kabelloser-kopfhoerer-mit-geraeuschunterdrueckung-alexa-auto-ein-aus-smart-pause-funktion-und-smart-control-app-schwarz\/"},"modified":"2026-04-18T00:56:19","modified_gmt":"2026-04-18T00:56:19","slug":"sennheiser-momentum-3-kabelloser-kopfhoerer-mit-geraeuschunterdrueckung-alexa-auto-ein-aus-smart-pause-funktion-und-smart-control-app-schwarz","status":"publish","type":"product","link":"https:\/\/www.techcloseoutlet.com\/index.php\/product\/sennheiser-momentum-3-kabelloser-kopfhoerer-mit-geraeuschunterdrueckung-alexa-auto-ein-aus-smart-pause-funktion-und-smart-control-app-schwarz\/?lang=de","title":{"rendered":"Erneuert SENNHEISER Momentum 3 Kabelloser Kopfh\u00f6rer mit Ger\u00e4uschunterdr\u00fcckung, Alexa, Auto-Ein\/Aus, Smart-Pause-Funktion und Smart-Control-App, Schwarz"},"content":{"rendered":"<p>Mit aktiver Ger\u00e4uschunterdr\u00fcckung, innovativem Transparent Hearing und Sennheisers propriet\u00e4ren Neodym-Wandlern liefert der Momentum 3 Wireless einen au\u00dfergew\u00f6hnlichen Klang wie kein anderer Bluetooth-Kopfh\u00f6rer bisher. Freuen Sie sich auf fortschrittliche Funktionen wie Smart Pause und Auto On\/Off, Bluetooth 5.0-kompatible Konnektivit\u00e4t und 17 Stunden Akkulaufzeit \u2013 alles in zeitlos elegantem Design und erstklassiger Verarbeitung.<\/p>\n<p>Auto On\/Off und Smart Pause verpassen dank nahtloser Ein-\/Aus- und Pausenfunktion keinen Beat mehr; spielt Ihre Musik schneller ab als jeder andere Kopfh\u00f6rer.<\/p>\n<p>Aktive Ger\u00e4uschunterdr\u00fcckung und Transparent Hearing: Der Momentum 3 Wireless passt sich Ihrer Umgebung an, wo immer Sie sich befinden.<\/p>\n<p>\u00c4u\u00dferst bequeme, weiche Ohrpolster und ein Kopfb\u00fcgel aus echtem Leder sorgen f\u00fcr au\u00dfergew\u00f6hnlichen Tragekomfort auch bei langen H\u00f6rsessions.<\/p>\n<p>Die Drei-Tasten-Oberfl\u00e4che erm\u00f6glicht eine einfache Bedienung ohne Handbuch.<\/p>\n<p>Der automatische Pairing-Modus erleichtert die Einrichtung des Momentum 3 Wireless bei der ersten Aktivierung.<\/p>\n<p data-start=\"38\" data-end=\"349\"><strong data-start=\"38\" data-end=\"50\">Zustand:<\/strong> Dieses Modell wurde vom Hersteller eingestellt. Der Artikel ist <strong data-start=\"115\" data-end=\"127\">erneuert<\/strong>, das hei\u00dft, er stammt aus \u00dcberbest\u00e4nden oder Kundenr\u00fccksendungen und wurde gr\u00fcndlich gereinigt, gepr\u00fcft und getestet, um volle Funktionsf\u00e4higkeit sicherzustellen. Geringe kosmetische Gebrauchsspuren k\u00f6nnen vorhanden sein.<\/p>\n","protected":false},"excerpt":{"rendered":"<p>Mit aktiver Ger\u00e4uschunterdr\u00fcckung, innovativem Transparent Hearing und Sennheisers propriet\u00e4ren Neodym-Wandlern liefert der Momentum 3 Wireless einen au\u00dfergew\u00f6hnlichen Klang wie kein anderer Bluetooth-Kopfh\u00f6rer bisher. Freuen Sie sich auf fortschrittliche Funktionen wie Smart Pause und Auto On\/Off, Bluetooth 5.0-kompatible Konnektivit\u00e4t und 17 Stunden Akkulaufzeit \u2013 alles in zeitlos elegantem Design und erstklassiger Verarbeitung.<\/p>\n<p>Auto On\/Off und Smart Pause verpassen dank nahtloser Ein-\/Aus- und Pausenfunktion keinen Beat mehr; spielt Ihre Musik schneller ab als jeder andere Kopfh\u00f6rer.<\/p>\n<p>Aktive Ger\u00e4uschunterdr\u00fcckung und Transparent Hearing: Der Momentum 3 Wireless passt sich Ihrer Umgebung an, wo immer Sie sich befinden.<\/p>\n<p>\u00c4u\u00dferst bequeme, weiche Ohrpolster und ein Kopfb\u00fcgel aus echtem Leder sorgen f\u00fcr au\u00dfergew\u00f6hnlichen Tragekomfort auch bei langen H\u00f6rsessions.<\/p>\n<p>Die Drei-Tasten-Oberfl\u00e4che erm\u00f6glicht eine einfache Bedienung ohne Handbuch.<\/p>\n<p>Der automatische Pairing-Modus erleichtert die Einrichtung des Momentum 3 Wireless bei der ersten Aktivierung.<\/p>\n","protected":false},"featured_media":50337,"comment_status":"open","ping_status":"closed","template":"","meta":[],"product_brand":[],"product_cat":[48],"product_tag":[],"woo-feed-brand":[],"class_list":{"0":"post-50371","1":"product","2":"type-product","3":"status-publish","4":"has-post-thumbnail","6":"product_cat-kopfhorer","8":"entry","9":"has-media","11":"first","12":"instock","13":"sale","14":"taxable","15":"shipping-taxable","16":"purchasable","17":"product-type-simple","18":"has-product-nav","19":"col","20":"span_1_of_3","21":"owp-content-center","22":"owp-thumbs-layout-horizontal","23":"owp-btn-normal","24":"owp-tabs-layout-horizontal","25":"has-no-thumbnails"},"exclude_global_add_ons":[],"addons":[],"jetpack_sharing_enabled":true,"_links":{"self":[{"href":"https:\/\/www.techcloseoutlet.com\/index.php\/wp-json\/wp\/v2\/product\/50371","targetHints":{"allow":["GET"]}}],"collection":[{"href":"https:\/\/www.techcloseoutlet.com\/index.php\/wp-json\/wp\/v2\/product"}],"about":[{"href":"https:\/\/www.techcloseoutlet.com\/index.php\/wp-json\/wp\/v2\/types\/product"}],"replies":[{"embeddable":true,"href":"https:\/\/www.techcloseoutlet.com\/index.php\/wp-json\/wp\/v2\/comments?post=50371"}],"wp:featuredmedia":[{"embeddable":true,"href":"https:\/\/www.techcloseoutlet.com\/index.php\/wp-json\/wp\/v2\/media\/50337"}],"wp:attachment":[{"href":"https:\/\/www.techcloseoutlet.com\/index.php\/wp-json\/wp\/v2\/media?parent=50371"}],"wp:term":[{"taxonomy":"product_brand","embeddable":true,"href":"https:\/\/www.techcloseoutlet.com\/index.php\/wp-json\/wp\/v2\/product_brand?post=50371"},{"taxonomy":"product_cat","embeddable":true,"href":"https:\/\/www.techcloseoutlet.com\/index.php\/wp-json\/wp\/v2\/product_cat?post=50371"},{"taxonomy":"product_tag","embeddable":true,"href":"https:\/\/www.techcloseoutlet.com\/index.php\/wp-json\/wp\/v2\/product_tag?post=50371"},{"taxonomy":"woo-feed-brand","embeddable":true,"href":"https:\/\/www.techcloseoutlet.com\/index.php\/wp-json\/wp\/v2\/woo-feed-brand?post=50371"}],"curies":[{"name":"wp","href":"https:\/\/api.w.org\/{rel}","templated":true}]}}