{"id":50369,"date":"2025-10-20T14:13:36","date_gmt":"2025-10-20T14:13:36","guid":{"rendered":"https:\/\/www.techcloseoutlet.com\/index.php\/product\/sennheiser-px-685i-sport-headset-mit-inline-fernbedienung-mikrofon-weisses-kopfband-weisses-kabel\/"},"modified":"2026-04-18T00:57:31","modified_gmt":"2026-04-18T00:57:31","slug":"sennheiser-px-685i-sport-headset-mit-inline-fernbedienung-mikrofon-weisses-kopfband-weisses-kabel","status":"publish","type":"product","link":"https:\/\/www.techcloseoutlet.com\/index.php\/product\/sennheiser-px-685i-sport-headset-mit-inline-fernbedienung-mikrofon-weisses-kopfband-weisses-kabel\/?lang=de","title":{"rendered":"Erneuert Sennheiser PX 685i Sport-Headset mit Inline-Fernbedienung\/Mikrofon (wei\u00dfes Kopfband \/ wei\u00dfes Kabel)"},"content":{"rendered":"<p>Das wei\u00dfe PX 685i Sport-Headset von Sennheiser verf\u00fcgt \u00fcber leistungsstarke Treiber und erm\u00f6glicht trotz nur teilweiser Isolierung eine optimale Situationswahrnehmung. Das verstellbare Headset mit Kopfb\u00fcgel bietet zudem einen bequemen Sitz mit rutschfester Polsterung, die schwei\u00df- und wasserabweisend ist. Das wei\u00dfe, para-Aramid-verst\u00e4rkte Kabel des PX 685i verf\u00fcgt \u00fcber eine integrierte Inline-Fernbedienung und ein Mikrofon und ist mit allen iPad-, iPod-, iPhone- und miCoach-Modellen kompatibel \u2013 sowie f\u00fcr den konventionellen Betrieb mit CD-Playern und AV-Systemen geeignet.<\/p>\n","protected":false},"excerpt":{"rendered":"<p>Das wei\u00dfe PX 685i Sport-Headset von Sennheiser verf\u00fcgt \u00fcber leistungsstarke Treiber und erm\u00f6glicht trotz nur teilweiser Isolierung eine optimale Situationswahrnehmung. Das verstellbare Headset mit Kopfb\u00fcgel bietet zudem einen bequemen Sitz mit rutschfester Polsterung, die schwei\u00df- und wasserabweisend ist. Das wei\u00dfe, para-Aramid-verst\u00e4rkte Kabel des PX 685i verf\u00fcgt \u00fcber eine integrierte Inline-Fernbedienung und ein Mikrofon und ist mit allen iPad-, iPod-, iPhone- und miCoach-Modellen kompatibel \u2013 sowie f\u00fcr den konventionellen Betrieb mit CD-Playern und AV-Systemen geeignet.<\/p>\n","protected":false},"featured_media":50321,"comment_status":"open","ping_status":"closed","template":"","meta":[],"product_brand":[],"product_cat":[48],"product_tag":[],"woo-feed-brand":[],"class_list":{"0":"post-50369","1":"product","2":"type-product","3":"status-publish","4":"has-post-thumbnail","6":"product_cat-kopfhorer","8":"entry","9":"has-media","11":"first","12":"instock","13":"sale","14":"taxable","15":"shipping-taxable","16":"purchasable","17":"product-type-simple","18":"has-product-nav","19":"col","20":"span_1_of_3","21":"owp-content-center","22":"owp-thumbs-layout-horizontal","23":"owp-btn-normal","24":"owp-tabs-layout-horizontal","25":"has-no-thumbnails"},"exclude_global_add_ons":[],"addons":[],"jetpack_sharing_enabled":true,"_links":{"self":[{"href":"https:\/\/www.techcloseoutlet.com\/index.php\/wp-json\/wp\/v2\/product\/50369","targetHints":{"allow":["GET"]}}],"collection":[{"href":"https:\/\/www.techcloseoutlet.com\/index.php\/wp-json\/wp\/v2\/product"}],"about":[{"href":"https:\/\/www.techcloseoutlet.com\/index.php\/wp-json\/wp\/v2\/types\/product"}],"replies":[{"embeddable":true,"href":"https:\/\/www.techcloseoutlet.com\/index.php\/wp-json\/wp\/v2\/comments?post=50369"}],"wp:featuredmedia":[{"embeddable":true,"href":"https:\/\/www.techcloseoutlet.com\/index.php\/wp-json\/wp\/v2\/media\/50321"}],"wp:attachment":[{"href":"https:\/\/www.techcloseoutlet.com\/index.php\/wp-json\/wp\/v2\/media?parent=50369"}],"wp:term":[{"taxonomy":"product_brand","embeddable":true,"href":"https:\/\/www.techcloseoutlet.com\/index.php\/wp-json\/wp\/v2\/product_brand?post=50369"},{"taxonomy":"product_cat","embeddable":true,"href":"https:\/\/www.techcloseoutlet.com\/index.php\/wp-json\/wp\/v2\/product_cat?post=50369"},{"taxonomy":"product_tag","embeddable":true,"href":"https:\/\/www.techcloseoutlet.com\/index.php\/wp-json\/wp\/v2\/product_tag?post=50369"},{"taxonomy":"woo-feed-brand","embeddable":true,"href":"https:\/\/www.techcloseoutlet.com\/index.php\/wp-json\/wp\/v2\/woo-feed-brand?post=50369"}],"curies":[{"name":"wp","href":"https:\/\/api.w.org\/{rel}","templated":true}]}}