{"id":50368,"date":"2025-10-20T14:13:05","date_gmt":"2025-10-20T14:13:05","guid":{"rendered":"https:\/\/www.techcloseoutlet.com\/index.php\/product\/sennheiser-gsp-600-professionelles-gaming-headset\/"},"modified":"2026-04-18T00:57:34","modified_gmt":"2026-04-18T00:57:34","slug":"sennheiser-gsp-600-professionelles-gaming-headset","status":"publish","type":"product","link":"https:\/\/www.techcloseoutlet.com\/index.php\/product\/sennheiser-gsp-600-professionelles-gaming-headset\/?lang=de","title":{"rendered":"Erneuert Sennheiser GSP 600 Professionelles Gaming-Headset"},"content":{"rendered":"<p>In Deutschland entwickelte Sennheiser-Wandler sorgen f\u00fcr au\u00dfergew\u00f6hnliche Klangklarheit mit hervorragender Dynamik und erweiterter Basswiedergabe. Das geschlossene Akustikdesign, die ergonomischen Ohrpolster und das fortschrittliche Scharniersystem sorgen f\u00fcr eine hervorragende passive Ger\u00e4uschd\u00e4mpfung.<\/p>\n<p>Hochentwickeltes Mikrofon mit Ger\u00e4uschunterdr\u00fcckung in Broadcast-Qualit\u00e4t f\u00fcr kristallklare Kommunikation im Spiel. Das neue Kopfb\u00fcgeldesign bietet einen einstellbaren Anpressdruck f\u00fcr eine individuelle Passform f\u00fcr jeden Benutzer.<\/p>\n<p>Produktspezifische Verwendungsm\u00f6glichkeiten: Privat, Gaming, Business, Ger\u00e4uschkontrolle: Aktive Ger\u00e4uschunterdr\u00fcckung.<\/p>\n<p>Ohrposition: \u00dcber dem Ohr, Artikelgewicht: 0,68 kg.<br \/>\nProduktabmessungen: 14,3 x 8,9 x 19,8 cm, Batterien: 1 Lithium-Ionen-Batterie erforderlich.<\/p>\n","protected":false},"excerpt":{"rendered":"<p>In Deutschland entwickelte Sennheiser-Wandler sorgen f\u00fcr au\u00dfergew\u00f6hnliche Klangklarheit mit hervorragender Dynamik und erweiterter Basswiedergabe. Das geschlossene Akustikdesign, die ergonomischen Ohrpolster und das fortschrittliche Scharniersystem sorgen f\u00fcr eine hervorragende passive Ger\u00e4uschd\u00e4mpfung.<\/p>\n<p>Hochentwickeltes Mikrofon mit Ger\u00e4uschunterdr\u00fcckung in Broadcast-Qualit\u00e4t f\u00fcr kristallklare Kommunikation im Spiel. Das neue Kopfb\u00fcgeldesign bietet einen einstellbaren Anpressdruck f\u00fcr eine individuelle Passform f\u00fcr jeden Benutzer.<\/p>\n<p>Produktspezifische Verwendungsm\u00f6glichkeiten: Privat, Gaming, Business, Ger\u00e4uschkontrolle: Aktive Ger\u00e4uschunterdr\u00fcckung.<\/p>\n<p>Ohrposition: \u00dcber dem Ohr, Artikelgewicht: 0,68 kg.<br \/>\nProduktabmessungen: 14,3 x 8,9 x 19,8 cm, Batterien: 1 Lithium-Ionen-Batterie erforderlich.<\/p>\n","protected":false},"featured_media":50317,"comment_status":"open","ping_status":"closed","template":"","meta":[],"product_brand":[],"product_cat":[48],"product_tag":[],"woo-feed-brand":[],"class_list":{"0":"post-50368","1":"product","2":"type-product","3":"status-publish","4":"has-post-thumbnail","6":"product_cat-kopfhorer","8":"entry","9":"has-media","11":"first","12":"instock","13":"sale","14":"taxable","15":"shipping-taxable","16":"purchasable","17":"product-type-simple","18":"has-product-nav","19":"col","20":"span_1_of_3","21":"owp-content-center","22":"owp-thumbs-layout-horizontal","23":"owp-btn-normal","24":"owp-tabs-layout-horizontal","25":"has-no-thumbnails"},"exclude_global_add_ons":[],"addons":[],"jetpack_sharing_enabled":true,"_links":{"self":[{"href":"https:\/\/www.techcloseoutlet.com\/index.php\/wp-json\/wp\/v2\/product\/50368","targetHints":{"allow":["GET"]}}],"collection":[{"href":"https:\/\/www.techcloseoutlet.com\/index.php\/wp-json\/wp\/v2\/product"}],"about":[{"href":"https:\/\/www.techcloseoutlet.com\/index.php\/wp-json\/wp\/v2\/types\/product"}],"replies":[{"embeddable":true,"href":"https:\/\/www.techcloseoutlet.com\/index.php\/wp-json\/wp\/v2\/comments?post=50368"}],"wp:featuredmedia":[{"embeddable":true,"href":"https:\/\/www.techcloseoutlet.com\/index.php\/wp-json\/wp\/v2\/media\/50317"}],"wp:attachment":[{"href":"https:\/\/www.techcloseoutlet.com\/index.php\/wp-json\/wp\/v2\/media?parent=50368"}],"wp:term":[{"taxonomy":"product_brand","embeddable":true,"href":"https:\/\/www.techcloseoutlet.com\/index.php\/wp-json\/wp\/v2\/product_brand?post=50368"},{"taxonomy":"product_cat","embeddable":true,"href":"https:\/\/www.techcloseoutlet.com\/index.php\/wp-json\/wp\/v2\/product_cat?post=50368"},{"taxonomy":"product_tag","embeddable":true,"href":"https:\/\/www.techcloseoutlet.com\/index.php\/wp-json\/wp\/v2\/product_tag?post=50368"},{"taxonomy":"woo-feed-brand","embeddable":true,"href":"https:\/\/www.techcloseoutlet.com\/index.php\/wp-json\/wp\/v2\/woo-feed-brand?post=50368"}],"curies":[{"name":"wp","href":"https:\/\/api.w.org\/{rel}","templated":true}]}}