{"id":50366,"date":"2025-10-20T14:07:36","date_gmt":"2025-10-20T14:07:36","guid":{"rendered":"https:\/\/www.techcloseoutlet.com\/index.php\/product\/sennheiser-ezx-70-bluetooth-mono-headset\/"},"modified":"2026-04-18T00:58:56","modified_gmt":"2026-04-18T00:58:56","slug":"sennheiser-ezx-70-bluetooth-mono-headset","status":"publish","type":"product","link":"https:\/\/www.techcloseoutlet.com\/index.php\/product\/sennheiser-ezx-70-bluetooth-mono-headset\/?lang=de","title":{"rendered":"Erneuert Sennheiser EZX 70 Bluetooth-Mono-Headset"},"content":{"rendered":"<p>Das Sennheiser EZX 70 Bluetooth\u00ae Mono-Headset ist der perfekte Begleiter f\u00fcr Ihr Smartphone und Ihre Freisprecheinrichtung. Es erm\u00f6glicht Ihnen sichere Gespr\u00e4che w\u00e4hrend der Fahrt oder wann immer Sie die H\u00e4nde frei haben m\u00f6chten. Dank der Multifunktionstaste und des Ein-\/Ausschalters ist es einfach zu bedienen und mit dem USB-Ladekabel schnell und einfach aufzuladen. Genie\u00dfen Sie Funktionen wie HD-Sprache und -Sound f\u00fcr ein optimales Klangerlebnis, Sprachansagen und A2DP-Streaming, mit dem Sie zwischen Anrufen Ihre mobilen Inhalte wie Musik, Routenf\u00fchrung und Podcasts \u00fcber Bluetooth\u00ae h\u00f6ren k\u00f6nnen. Es bietet bis zu 8 Stunden Sprechzeit.<\/p>\n","protected":false},"excerpt":{"rendered":"<p>Das Sennheiser EZX 70 Bluetooth\u00ae Mono-Headset ist der perfekte Begleiter f\u00fcr Ihr Smartphone und Ihre Freisprecheinrichtung. Es erm\u00f6glicht Ihnen sichere Gespr\u00e4che w\u00e4hrend der Fahrt oder wann immer Sie die H\u00e4nde frei haben m\u00f6chten. Dank der Multifunktionstaste und des Ein-\/Ausschalters ist es einfach zu bedienen und mit dem USB-Ladekabel schnell und einfach aufzuladen. Genie\u00dfen Sie Funktionen wie HD-Sprache und -Sound f\u00fcr ein optimales Klangerlebnis, Sprachansagen und A2DP-Streaming, mit dem Sie zwischen Anrufen Ihre mobilen Inhalte wie Musik, Routenf\u00fchrung und Podcasts \u00fcber Bluetooth\u00ae h\u00f6ren k\u00f6nnen. Es bietet bis zu 8 Stunden Sprechzeit.<\/p>\n","protected":false},"featured_media":50309,"comment_status":"open","ping_status":"closed","template":"","meta":[],"product_brand":[],"product_cat":[48],"product_tag":[],"woo-feed-brand":[],"class_list":{"0":"post-50366","1":"product","2":"type-product","3":"status-publish","4":"has-post-thumbnail","6":"product_cat-kopfhorer","8":"entry","9":"has-media","11":"first","12":"instock","13":"taxable","14":"shipping-taxable","15":"purchasable","16":"product-type-simple","17":"has-product-nav","18":"col","19":"span_1_of_3","20":"owp-content-center","21":"owp-thumbs-layout-horizontal","22":"owp-btn-normal","23":"owp-tabs-layout-horizontal","24":"has-no-thumbnails"},"exclude_global_add_ons":[],"addons":[],"jetpack_sharing_enabled":true,"_links":{"self":[{"href":"https:\/\/www.techcloseoutlet.com\/index.php\/wp-json\/wp\/v2\/product\/50366","targetHints":{"allow":["GET"]}}],"collection":[{"href":"https:\/\/www.techcloseoutlet.com\/index.php\/wp-json\/wp\/v2\/product"}],"about":[{"href":"https:\/\/www.techcloseoutlet.com\/index.php\/wp-json\/wp\/v2\/types\/product"}],"replies":[{"embeddable":true,"href":"https:\/\/www.techcloseoutlet.com\/index.php\/wp-json\/wp\/v2\/comments?post=50366"}],"wp:featuredmedia":[{"embeddable":true,"href":"https:\/\/www.techcloseoutlet.com\/index.php\/wp-json\/wp\/v2\/media\/50309"}],"wp:attachment":[{"href":"https:\/\/www.techcloseoutlet.com\/index.php\/wp-json\/wp\/v2\/media?parent=50366"}],"wp:term":[{"taxonomy":"product_brand","embeddable":true,"href":"https:\/\/www.techcloseoutlet.com\/index.php\/wp-json\/wp\/v2\/product_brand?post=50366"},{"taxonomy":"product_cat","embeddable":true,"href":"https:\/\/www.techcloseoutlet.com\/index.php\/wp-json\/wp\/v2\/product_cat?post=50366"},{"taxonomy":"product_tag","embeddable":true,"href":"https:\/\/www.techcloseoutlet.com\/index.php\/wp-json\/wp\/v2\/product_tag?post=50366"},{"taxonomy":"woo-feed-brand","embeddable":true,"href":"https:\/\/www.techcloseoutlet.com\/index.php\/wp-json\/wp\/v2\/woo-feed-brand?post=50366"}],"curies":[{"name":"wp","href":"https:\/\/api.w.org\/{rel}","templated":true}]}}