{"id":50295,"date":"2025-10-19T16:28:29","date_gmt":"2025-10-19T16:28:29","guid":{"rendered":"https:\/\/www.techcloseoutlet.com\/index.php\/product\/sennheiser-pxc-550-ii-kabelloser-over-ear-kopfhoerer-mit-geraeuschunterdrueckung-schwarz\/"},"modified":"2026-04-18T00:58:59","modified_gmt":"2026-04-18T00:58:59","slug":"sennheiser-pxc-550-ii-kabelloser-over-ear-kopfhoerer-mit-geraeuschunterdrueckung-schwarz","status":"publish","type":"product","link":"https:\/\/www.techcloseoutlet.com\/index.php\/product\/sennheiser-pxc-550-ii-kabelloser-over-ear-kopfhoerer-mit-geraeuschunterdrueckung-schwarz\/?lang=de","title":{"rendered":"Erneuert Sennheiser \u2013 PXC 550-II Kabelloser Over-Ear-Kopfh\u00f6rer mit Ger\u00e4uschunterdr\u00fcckung \u2013 Schwarz"},"content":{"rendered":"<p>Der Sennheiser PXC 550-II Wireless ist ein solider, vielseitiger Kopfh\u00f6rer. Diese hochwertig aussehenden Over-Ears \u00e4hneln stark ihrem Vorg\u00e4nger, dem Sennheiser PXC 550 Wireless. Der auff\u00e4lligste Unterschied ist die deutlich verbesserte ANC-Leistung. Ihr Klangprofil ist sehr ausgewogen und sie sollten f\u00fcr die meisten Musikgenres vielseitig genug sein. Wie das Vorg\u00e4ngermodell bieten sie einen bequemen und stabilen Sitz und sind daher auch f\u00fcr diejenigen eine gute Wahl, die Over-Ear-Kopfh\u00f6rer im Fitnessstudio bevorzugen.<\/p>\n<p>Der Sennheiser PXC 550-II eignet sich hervorragend f\u00fcr den Weg zur Arbeit oder auf Reisen. Dank der guten Polsterung sind sie bequem und k\u00f6nnen auch \u00fcber l\u00e4ngere Zeit ohne Erm\u00fcdungserscheinungen oder Schmerzen getragen werden. Die Akkulaufzeit ist zudem sehr gut und eignet sich daher ideal f\u00fcr lange Fl\u00fcge. Auch die ANC-Leistung ist hervorragend und sie schirmen Motorenger\u00e4usche im Flugzeug oder Bus effektiv ab. Leider sind sie nicht besonders tragbar, lassen sich jedoch flach zusammenfalten und werden mit einer weichen Tragetasche geliefert, die ihnen einen gewissen Schutz bietet.<\/p>\n","protected":false},"excerpt":{"rendered":"<p>Der Sennheiser PXC 550-II Wireless ist ein solider, vielseitiger Kopfh\u00f6rer. Diese hochwertig aussehenden Over-Ears \u00e4hneln stark ihrem Vorg\u00e4nger, dem Sennheiser PXC 550 Wireless. Der auff\u00e4lligste Unterschied ist die deutlich verbesserte ANC-Leistung. Ihr Klangprofil ist sehr ausgewogen und sie sollten f\u00fcr die meisten Musikgenres vielseitig genug sein. Wie das Vorg\u00e4ngermodell bieten sie einen bequemen und stabilen Sitz und sind daher auch f\u00fcr diejenigen eine gute Wahl, die Over-Ear-Kopfh\u00f6rer im Fitnessstudio bevorzugen.<\/p>\n<p>Der Sennheiser PXC 550-II eignet sich hervorragend f\u00fcr den Weg zur Arbeit oder auf Reisen. Dank der guten Polsterung sind sie bequem und k\u00f6nnen auch \u00fcber l\u00e4ngere Zeit ohne Erm\u00fcdungserscheinungen oder Schmerzen getragen werden. Die Akkulaufzeit ist zudem sehr gut und eignet sich daher ideal f\u00fcr lange Fl\u00fcge. Auch die ANC-Leistung ist hervorragend und sie schirmen Motorenger\u00e4usche im Flugzeug oder Bus effektiv ab. Leider sind sie nicht besonders tragbar, lassen sich jedoch flach zusammenfalten und werden mit einer weichen Tragetasche geliefert, die ihnen einen gewissen Schutz bietet.<\/p>\n","protected":false},"featured_media":50286,"comment_status":"open","ping_status":"closed","template":"","meta":[],"product_brand":[],"product_cat":[48],"product_tag":[],"woo-feed-brand":[],"class_list":{"0":"post-50295","1":"product","2":"type-product","3":"status-publish","4":"has-post-thumbnail","6":"product_cat-kopfhorer","8":"entry","9":"has-media","11":"first","12":"instock","13":"sale","14":"taxable","15":"shipping-taxable","16":"purchasable","17":"product-type-simple","18":"has-product-nav","19":"col","20":"span_1_of_3","21":"owp-content-center","22":"owp-thumbs-layout-horizontal","23":"owp-btn-normal","24":"owp-tabs-layout-horizontal","25":"has-no-thumbnails"},"exclude_global_add_ons":[],"addons":[],"jetpack_sharing_enabled":true,"_links":{"self":[{"href":"https:\/\/www.techcloseoutlet.com\/index.php\/wp-json\/wp\/v2\/product\/50295","targetHints":{"allow":["GET"]}}],"collection":[{"href":"https:\/\/www.techcloseoutlet.com\/index.php\/wp-json\/wp\/v2\/product"}],"about":[{"href":"https:\/\/www.techcloseoutlet.com\/index.php\/wp-json\/wp\/v2\/types\/product"}],"replies":[{"embeddable":true,"href":"https:\/\/www.techcloseoutlet.com\/index.php\/wp-json\/wp\/v2\/comments?post=50295"}],"wp:featuredmedia":[{"embeddable":true,"href":"https:\/\/www.techcloseoutlet.com\/index.php\/wp-json\/wp\/v2\/media\/50286"}],"wp:attachment":[{"href":"https:\/\/www.techcloseoutlet.com\/index.php\/wp-json\/wp\/v2\/media?parent=50295"}],"wp:term":[{"taxonomy":"product_brand","embeddable":true,"href":"https:\/\/www.techcloseoutlet.com\/index.php\/wp-json\/wp\/v2\/product_brand?post=50295"},{"taxonomy":"product_cat","embeddable":true,"href":"https:\/\/www.techcloseoutlet.com\/index.php\/wp-json\/wp\/v2\/product_cat?post=50295"},{"taxonomy":"product_tag","embeddable":true,"href":"https:\/\/www.techcloseoutlet.com\/index.php\/wp-json\/wp\/v2\/product_tag?post=50295"},{"taxonomy":"woo-feed-brand","embeddable":true,"href":"https:\/\/www.techcloseoutlet.com\/index.php\/wp-json\/wp\/v2\/woo-feed-brand?post=50295"}],"curies":[{"name":"wp","href":"https:\/\/api.w.org\/{rel}","templated":true}]}}