{"id":50294,"date":"2025-10-19T16:27:54","date_gmt":"2025-10-19T16:27:54","guid":{"rendered":"https:\/\/www.techcloseoutlet.com\/index.php\/product\/sennheiser-consumer-audio-btd-600-bluetooth-dongle-usb-a-usb-c-adapter-mit-aptx-audiocodecs-fuer-stabilen-sound-musik-hoeren-anrufe-taetigen-und-videos-ansehen\/"},"modified":"2025-10-19T16:27:54","modified_gmt":"2025-10-19T16:27:54","slug":"sennheiser-consumer-audio-btd-600-bluetooth-dongle-usb-a-usb-c-adapter-mit-aptx-audiocodecs-fuer-stabilen-sound-musik-hoeren-anrufe-taetigen-und-videos-ansehen","status":"publish","type":"product","link":"https:\/\/www.techcloseoutlet.com\/index.php\/product\/sennheiser-consumer-audio-btd-600-bluetooth-dongle-usb-a-usb-c-adapter-mit-aptx-audiocodecs-fuer-stabilen-sound-musik-hoeren-anrufe-taetigen-und-videos-ansehen\/?lang=de","title":{"rendered":"Sennheiser Consumer Audio BTD 600 Bluetooth\u00ae-Dongle \u2013 USB-A\/USB-C-Adapter mit AptX-Audiocodecs f\u00fcr stabilen Sound \u2013 Musik h\u00f6ren, Anrufe t\u00e4tigen und Videos ansehen"},"content":{"rendered":"<p>Mit kabellosen Hi-Fi-Kopfh\u00f6rern k\u00f6nnen Sie sich mit fast jedem Ger\u00e4t verbinden, auch mit Computern. Allerdings m\u00fcssen Sie m\u00f6glicherweise zuerst Bluetooth\u00ae aktivieren oder Einstellungen an Ihrem PC oder Mac konfigurieren, was m\u00fchsam sein kann. Die Audioexperten von Sennheiser haben den BTD 600 Bluetooth\u00ae Dongle entwickelt, der sich ohne Konfiguration perfekt mit all unseren Bluetooth\u00ae-Kopfh\u00f6rern koppeln l\u00e4sst. Es ist kinderleicht: Einfach einstecken, Kopfh\u00f6rer einmal koppeln, fertig. Sie k\u00f6nnen den BTD 600 sogar an einen anderen Computer anschlie\u00dfen und weiterh\u00f6ren \u2013 alles ohne erneutes Koppeln. Im Lieferumfang ist ein praktischer USB-C-Adapter enthalten, der in den USB-A-Dongle passt, sodass Sie beide Anschl\u00fcsse verwenden k\u00f6nnen. Sie erhalten Bluetooth\u00ae 5.2 und die neuesten aptX-Audiocodecs f\u00fcr hochwertigen Klang mit geringer Latenz und absolut zuverl\u00e4ssige Verbindungen. Er eignet sich hervorragend zum Musikh\u00f6ren, Telefonieren und Ansehen von Videos. Die fortschrittlichen Codecs erm\u00f6glichen die \u00dcbertragung von Musik in nahezu CD-Qualit\u00e4t oder eine hervorragende Sprachsynchronisation beim Abspielen von Videos und Telefonieren. Die Anruf- und Musiksteuerung am Kopfh\u00f6rer funktioniert ebenfalls weiterhin. Mit dem BTD 600 holen Sie jederzeit das Beste aus Ihrem Kopfh\u00f6rer heraus. Bei dieser guten Audioqualit\u00e4t ist es, als ob das Kabel unsichtbar w\u00e4re.<\/p>\n","protected":false},"excerpt":{"rendered":"<p>Mit kabellosen Hi-Fi-Kopfh\u00f6rern k\u00f6nnen Sie sich mit fast jedem Ger\u00e4t verbinden, auch mit Computern. Allerdings m\u00fcssen Sie m\u00f6glicherweise zuerst Bluetooth\u00ae aktivieren oder Einstellungen an Ihrem PC oder Mac konfigurieren, was m\u00fchsam sein kann. Die Audioexperten von Sennheiser haben den BTD 600 Bluetooth\u00ae Dongle entwickelt, der sich ohne Konfiguration perfekt mit all unseren Bluetooth\u00ae-Kopfh\u00f6rern koppeln l\u00e4sst. Es ist kinderleicht: Einfach einstecken, Kopfh\u00f6rer einmal koppeln, fertig. Sie k\u00f6nnen den BTD 600 sogar an einen anderen Computer anschlie\u00dfen und weiterh\u00f6ren \u2013 alles ohne erneutes Koppeln. Im Lieferumfang ist ein praktischer USB-C-Adapter enthalten, der in den USB-A-Dongle passt, sodass Sie beide Anschl\u00fcsse verwenden k\u00f6nnen. Sie erhalten Bluetooth\u00ae 5.2 und die neuesten aptX-Audiocodecs f\u00fcr hochwertigen Klang mit geringer Latenz und absolut zuverl\u00e4ssige Verbindungen. Er eignet sich hervorragend zum Musikh\u00f6ren, Telefonieren und Ansehen von Videos. Die fortschrittlichen Codecs erm\u00f6glichen die \u00dcbertragung von Musik in nahezu CD-Qualit\u00e4t oder eine hervorragende Sprachsynchronisation beim Abspielen von Videos und Telefonieren. Die Anruf- und Musiksteuerung am Kopfh\u00f6rer funktioniert ebenfalls weiterhin. Mit dem BTD 600 holen Sie jederzeit das Beste aus Ihrem Kopfh\u00f6rer heraus. Bei dieser guten Audioqualit\u00e4t ist es, als ob das Kabel unsichtbar w\u00e4re.<\/p>\n","protected":false},"featured_media":50282,"comment_status":"open","ping_status":"closed","template":"","meta":[],"product_brand":[],"product_cat":[48],"product_tag":[],"woo-feed-brand":[],"class_list":{"0":"post-50294","1":"product","2":"type-product","3":"status-publish","4":"has-post-thumbnail","6":"product_cat-kopfhorer","8":"entry","9":"has-media","11":"first","12":"instock","13":"taxable","14":"shipping-taxable","15":"purchasable","16":"product-type-simple","17":"has-product-nav","18":"col","19":"span_1_of_3","20":"owp-content-center","21":"owp-thumbs-layout-horizontal","22":"owp-btn-normal","23":"owp-tabs-layout-horizontal","24":"has-no-thumbnails"},"exclude_global_add_ons":[],"addons":[],"jetpack_sharing_enabled":true,"_links":{"self":[{"href":"https:\/\/www.techcloseoutlet.com\/index.php\/wp-json\/wp\/v2\/product\/50294","targetHints":{"allow":["GET"]}}],"collection":[{"href":"https:\/\/www.techcloseoutlet.com\/index.php\/wp-json\/wp\/v2\/product"}],"about":[{"href":"https:\/\/www.techcloseoutlet.com\/index.php\/wp-json\/wp\/v2\/types\/product"}],"replies":[{"embeddable":true,"href":"https:\/\/www.techcloseoutlet.com\/index.php\/wp-json\/wp\/v2\/comments?post=50294"}],"wp:featuredmedia":[{"embeddable":true,"href":"https:\/\/www.techcloseoutlet.com\/index.php\/wp-json\/wp\/v2\/media\/50282"}],"wp:attachment":[{"href":"https:\/\/www.techcloseoutlet.com\/index.php\/wp-json\/wp\/v2\/media?parent=50294"}],"wp:term":[{"taxonomy":"product_brand","embeddable":true,"href":"https:\/\/www.techcloseoutlet.com\/index.php\/wp-json\/wp\/v2\/product_brand?post=50294"},{"taxonomy":"product_cat","embeddable":true,"href":"https:\/\/www.techcloseoutlet.com\/index.php\/wp-json\/wp\/v2\/product_cat?post=50294"},{"taxonomy":"product_tag","embeddable":true,"href":"https:\/\/www.techcloseoutlet.com\/index.php\/wp-json\/wp\/v2\/product_tag?post=50294"},{"taxonomy":"woo-feed-brand","embeddable":true,"href":"https:\/\/www.techcloseoutlet.com\/index.php\/wp-json\/wp\/v2\/woo-feed-brand?post=50294"}],"curies":[{"name":"wp","href":"https:\/\/api.w.org\/{rel}","templated":true}]}}