{"id":50293,"date":"2025-10-19T16:27:08","date_gmt":"2025-10-19T16:27:08","guid":{"rendered":"https:\/\/www.techcloseoutlet.com\/index.php\/product\/sennheiser-consumer-audio-cx-true-wireless-earbuds-bluetooth-in-ear-kopfhoerer-mit-passiver-geraeuschunterdrueckung-anpassbarer-touch-steuerung-bass-boost-ipx4-und-27-stunden-akkulaufzeit\/"},"modified":"2026-04-18T00:59:04","modified_gmt":"2026-04-18T00:59:04","slug":"sennheiser-consumer-audio-cx-true-wireless-earbuds-bluetooth-in-ear-kopfhoerer-mit-passiver-geraeuschunterdrueckung-anpassbarer-touch-steuerung-bass-boost-ipx4-und-27-stunden-akkulaufzeit","status":"publish","type":"product","link":"https:\/\/www.techcloseoutlet.com\/index.php\/product\/sennheiser-consumer-audio-cx-true-wireless-earbuds-bluetooth-in-ear-kopfhoerer-mit-passiver-geraeuschunterdrueckung-anpassbarer-touch-steuerung-bass-boost-ipx4-und-27-stunden-akkulaufzeit\/?lang=de","title":{"rendered":"Erneuert Sennheiser Consumer Audio CX True Wireless Earbuds \u2013 Bluetooth-In-Ear-Kopfh\u00f6rer mit passiver Ger\u00e4uschunterdr\u00fcckung, anpassbarer Touch-Steuerung, Bass Boost, IPX4 und 27 Stunden Akkulaufzeit, Schwarz"},"content":{"rendered":"<p>Mit dem CX True Wireless genie\u00dfen Sie \u00fcberragenden, kristallklaren Klang, eine hervorragende Akkulaufzeit und eine kinderleichte Bedienung f\u00fcr ein herausragendes Audioerlebnis im Alltag. Genie\u00dfen Sie den charakteristischen Sennheiser-Sound mit unseren dynamischen 7-mm-Treibern f\u00fcr 9 Stunden Wiedergabezeit und 18 Stunden Akkulaufzeit durch Aufladen unterwegs. Erleben Sie exzellente passive Ger\u00e4uschunterdr\u00fcckung durch das ergonomische Design mit sicherem Sitz. Dank intuitiver Touch-Bedienelemente f\u00fcr Audio, Anrufe und Sprachassistenten ist die Steuerung unterwegs m\u00fchelos. Bass Boost und der integrierte EQ erm\u00f6glichen Ihnen, das Klangerlebnis ganz nach Ihrem Geschmack anzupassen.<\/p>\n<p>Erleben Sie \u00fcberragenden Klang ohne Kompromisse: Angetrieben von in Deutschland hergestellten 7-mm-TrueResponse-Wandlern mit einer breiten Palette an Bluetooth-Codec-Unterst\u00fctzung (AAC, aptX, SBC). Hinweis: Wenn die Gr\u00f6\u00dfe der Ohrst\u00f6psel nicht zu Ihren Geh\u00f6rg\u00e4ngen passt oder das Headset nicht richtig sitzt, ist die Klangqualit\u00e4t oder die Anrufleistung m\u00f6glicherweise beeintr\u00e4chtigt. Wechseln Sie die Ohrst\u00f6psel gegen solche aus, die besser in Ihren Ohren sitzen.<br \/>\nProdukthinweis: Wenn die Gr\u00f6\u00dfe der Ohrst\u00f6psel nicht zu Ihren Geh\u00f6rg\u00e4ngen passt oder das Headset nicht richtig sitzt, kann die Klangqualit\u00e4t oder die Anrufleistung beeintr\u00e4chtigt werden. Wechseln Sie die Ohrst\u00f6psel gegen solche aus, die besser in Ihren Ohren sitzen.<\/p>\n<p>Lange Akkulaufzeit: Genie\u00dfen Sie bis zu 27 Stunden Musikwiedergabe mit dem im Lieferumfang enthaltenen hochwertigen Etui und laden Sie die Ohrst\u00f6psel unterwegs auf.<\/p>\n<p>Passive Ger\u00e4uschunterdr\u00fcckung und leichtes, ergonomisches Design: Das ergonomische Design bietet optimalen Tragekomfort und sicheren Sitz mit Ohradaptern in 4 Gr\u00f6\u00dfen f\u00fcr hervorragende passive Ger\u00e4uschunterdr\u00fcckung.<\/p>\n<p>Vollst\u00e4ndig digitale Steuerung: Mit unserer Smart Control App f\u00fcr iOS\/Android k\u00f6nnen Sie die Funktionen der Ohrst\u00f6psel individuell an Ihre t\u00e4glichen Bed\u00fcrfnisse anpassen und problemlos koppeln. Vollst\u00e4ndig anpassbare Bedienelemente f\u00fcr Musik, Anrufe und Sprachassistent.<\/p>\n<p>Bass Boost: Spezielle EQ-Voreinstellungen k\u00f6nnen \u00fcber unsere App f\u00fcr intensivere B\u00e4sse aktiviert werden. Sennheiser nutzt jahrzehntelange Erfahrung, um die Welt der Audiotechnologie f\u00fcr neue, einzigartige Klangerlebnisse voranzutreiben.<\/p>\n<p>IPX4-Spritzwasserschutz: Genie\u00dfen Sie ein herausragendes Klangerlebnis, egal wo Sie sind.<\/p>\n","protected":false},"excerpt":{"rendered":"<p>Mit dem CX True Wireless genie\u00dfen Sie \u00fcberragenden, kristallklaren Klang, eine hervorragende Akkulaufzeit und eine kinderleichte Bedienung f\u00fcr ein herausragendes Audioerlebnis im Alltag. Genie\u00dfen Sie den charakteristischen Sennheiser-Sound mit unseren dynamischen 7-mm-Treibern f\u00fcr 9 Stunden Wiedergabezeit und 18 Stunden Akkulaufzeit durch Aufladen unterwegs. Erleben Sie exzellente passive Ger\u00e4uschunterdr\u00fcckung durch das ergonomische Design mit sicherem Sitz. Dank intuitiver Touch-Bedienelemente f\u00fcr Audio, Anrufe und Sprachassistenten ist die Steuerung unterwegs m\u00fchelos. Bass Boost und der integrierte EQ erm\u00f6glichen Ihnen, das Klangerlebnis ganz nach Ihrem Geschmack anzupassen.<\/p>\n<p>Erleben Sie \u00fcberragenden Klang ohne Kompromisse: Angetrieben von in Deutschland hergestellten 7-mm-TrueResponse-Wandlern mit einer breiten Palette an Bluetooth-Codec-Unterst\u00fctzung (AAC, aptX, SBC). Hinweis: Wenn die Gr\u00f6\u00dfe der Ohrst\u00f6psel nicht zu Ihren Geh\u00f6rg\u00e4ngen passt oder das Headset nicht richtig sitzt, ist die Klangqualit\u00e4t oder die Anrufleistung m\u00f6glicherweise beeintr\u00e4chtigt. Wechseln Sie die Ohrst\u00f6psel gegen solche aus, die besser in Ihren Ohren sitzen.<br \/>\nProdukthinweis: Wenn die Gr\u00f6\u00dfe der Ohrst\u00f6psel nicht zu Ihren Geh\u00f6rg\u00e4ngen passt oder das Headset nicht richtig sitzt, kann die Klangqualit\u00e4t oder die Anrufleistung beeintr\u00e4chtigt werden. Wechseln Sie die Ohrst\u00f6psel gegen solche aus, die besser in Ihren Ohren sitzen.<\/p>\n<p>Lange Akkulaufzeit: Genie\u00dfen Sie bis zu 27 Stunden Musikwiedergabe mit dem im Lieferumfang enthaltenen hochwertigen Etui und laden Sie die Ohrst\u00f6psel unterwegs auf.<\/p>\n<p>Passive Ger\u00e4uschunterdr\u00fcckung und leichtes, ergonomisches Design: Das ergonomische Design bietet optimalen Tragekomfort und sicheren Sitz mit Ohradaptern in 4 Gr\u00f6\u00dfen f\u00fcr hervorragende passive Ger\u00e4uschunterdr\u00fcckung.<\/p>\n<p>Vollst\u00e4ndig digitale Steuerung: Mit unserer Smart Control App f\u00fcr iOS\/Android k\u00f6nnen Sie die Funktionen der Ohrst\u00f6psel individuell an Ihre t\u00e4glichen Bed\u00fcrfnisse anpassen und problemlos koppeln. Vollst\u00e4ndig anpassbare Bedienelemente f\u00fcr Musik, Anrufe und Sprachassistent.<\/p>\n<p>Bass Boost: Spezielle EQ-Voreinstellungen k\u00f6nnen \u00fcber unsere App f\u00fcr intensivere B\u00e4sse aktiviert werden. Sennheiser nutzt jahrzehntelange Erfahrung, um die Welt der Audiotechnologie f\u00fcr neue, einzigartige Klangerlebnisse voranzutreiben.<\/p>\n<p>IPX4-Spritzwasserschutz: Genie\u00dfen Sie ein herausragendes Klangerlebnis, egal wo Sie sind.<\/p>\n","protected":false},"featured_media":50278,"comment_status":"open","ping_status":"closed","template":"","meta":[],"product_brand":[],"product_cat":[48],"product_tag":[],"woo-feed-brand":[],"class_list":{"0":"post-50293","1":"product","2":"type-product","3":"status-publish","4":"has-post-thumbnail","6":"product_cat-kopfhorer","8":"entry","9":"has-media","11":"first","12":"instock","13":"sale","14":"taxable","15":"shipping-taxable","16":"purchasable","17":"product-type-simple","18":"has-product-nav","19":"col","20":"span_1_of_3","21":"owp-content-center","22":"owp-thumbs-layout-horizontal","23":"owp-btn-normal","24":"owp-tabs-layout-horizontal","25":"has-no-thumbnails"},"exclude_global_add_ons":[],"addons":[],"jetpack_sharing_enabled":true,"_links":{"self":[{"href":"https:\/\/www.techcloseoutlet.com\/index.php\/wp-json\/wp\/v2\/product\/50293","targetHints":{"allow":["GET"]}}],"collection":[{"href":"https:\/\/www.techcloseoutlet.com\/index.php\/wp-json\/wp\/v2\/product"}],"about":[{"href":"https:\/\/www.techcloseoutlet.com\/index.php\/wp-json\/wp\/v2\/types\/product"}],"replies":[{"embeddable":true,"href":"https:\/\/www.techcloseoutlet.com\/index.php\/wp-json\/wp\/v2\/comments?post=50293"}],"wp:featuredmedia":[{"embeddable":true,"href":"https:\/\/www.techcloseoutlet.com\/index.php\/wp-json\/wp\/v2\/media\/50278"}],"wp:attachment":[{"href":"https:\/\/www.techcloseoutlet.com\/index.php\/wp-json\/wp\/v2\/media?parent=50293"}],"wp:term":[{"taxonomy":"product_brand","embeddable":true,"href":"https:\/\/www.techcloseoutlet.com\/index.php\/wp-json\/wp\/v2\/product_brand?post=50293"},{"taxonomy":"product_cat","embeddable":true,"href":"https:\/\/www.techcloseoutlet.com\/index.php\/wp-json\/wp\/v2\/product_cat?post=50293"},{"taxonomy":"product_tag","embeddable":true,"href":"https:\/\/www.techcloseoutlet.com\/index.php\/wp-json\/wp\/v2\/product_tag?post=50293"},{"taxonomy":"woo-feed-brand","embeddable":true,"href":"https:\/\/www.techcloseoutlet.com\/index.php\/wp-json\/wp\/v2\/woo-feed-brand?post=50293"}],"curies":[{"name":"wp","href":"https:\/\/api.w.org\/{rel}","templated":true}]}}