{"id":50291,"date":"2025-10-19T16:25:51","date_gmt":"2025-10-19T16:25:51","guid":{"rendered":"https:\/\/www.techcloseoutlet.com\/index.php\/product\/erneuerte-sennheiser-consumer-audio-momentum-true-wireless-3-ohrhoerer-bluetooth-in-ear-kopfhoerer-fuer-musik-anrufe-mit-anc-multipoint-konnektivitaet-ipx4-qi-laden-28-stunden-akkulaufz\/"},"modified":"2025-10-19T16:25:51","modified_gmt":"2025-10-19T16:25:51","slug":"erneuerte-sennheiser-consumer-audio-momentum-true-wireless-3-ohrhoerer-bluetooth-in-ear-kopfhoerer-fuer-musik-anrufe-mit-anc-multipoint-konnektivitaet-ipx4-qi-laden-28-stunden-akkulaufz","status":"publish","type":"product","link":"https:\/\/www.techcloseoutlet.com\/index.php\/product\/erneuerte-sennheiser-consumer-audio-momentum-true-wireless-3-ohrhoerer-bluetooth-in-ear-kopfhoerer-fuer-musik-anrufe-mit-anc-multipoint-konnektivitaet-ipx4-qi-laden-28-stunden-akkulaufz\/?lang=de","title":{"rendered":"Erneuerte Sennheiser Consumer Audio MOMENTUM True Wireless 3 Ohrh\u00f6rer \u2013 Bluetooth-In-Ear-Kopfh\u00f6rer f\u00fcr Musik, Anrufe mit ANC, Multipoint-Konnektivit\u00e4t, IPX4, Qi-Laden, 28 Stunden Akkulaufzeit, kompaktes Design \u2013 Schwarz"},"content":{"rendered":"<p>Hinweis: Wenn die Gr\u00f6\u00dfe der Ohrst\u00f6psel nicht zu Ihren Geh\u00f6rg\u00e4ngen passt oder das Headset nicht richtig sitzt, kann es zu Klang- und Anrufproblemen kommen. Wechseln Sie die Ohrst\u00f6psel gegen solche aus, die besser in Ihrem Ohr sitzen. Spezielle Anwendungsgebiete: Reisen, Sport und Training.<\/p>\n<p>\u00dcberragender Klang dank TrueResponse-Wandler und aptX Adaptive f\u00fcr h\u00f6chste Klangaufl\u00f6sung.<\/p>\n<p>Individuelles Klangerlebnis dank integriertem Equalizer und Voreinstellungen, einschlie\u00dflich Bass Boost, und Klangpersonalisierung f\u00fcr ma\u00dfgeschneiderten Klang.<\/p>\n<p>Multipoint erm\u00f6glicht die Verbindung mit zwei Ger\u00e4ten.<\/p>\n<p>Kompaktes, ergonomisches Design mit Silikon-Ohradaptern (XS, S, M, L) und -Flossen (S, M, L) f\u00fcr optimalen Tragekomfort und sicheren Sitz.<\/p>\n<p>Kontrollieren Sie Ihre Umgebung mit der adaptiven Ger\u00e4uschunterdr\u00fcckung f\u00fcr immersive Musik ohne Ablenkungen und bleiben Sie mit dem Transparenzmodus mit der Welt um Sie herum in Kontakt.<br \/>\nDie hochwertige Sprachaufnahme der drei fortschrittlichen Mikrofone mit Ger\u00e4uschunterdr\u00fcckung an jedem Ohrh\u00f6rer sorgt f\u00fcr klare Sprache und blendet Umgebungsger\u00e4usche aus.<br \/>\nIPX4-Spritzwasserschutz f\u00fcr problemlosen Einsatz auf Reisen, beim Pendeln oder beim Sport.<br \/>\nBis zu 28 Stunden Wiedergabezeit \u2013 die Akkulaufzeit betr\u00e4gt 7 Stunden und kann mit dem Ladecase unterwegs um bis zu 21 Stunden verl\u00e4ngert werden. Praktisches kabelloses Qi-Laden f\u00fcr das Case.<\/p>\n","protected":false},"excerpt":{"rendered":"<p>Hinweis: Wenn die Gr\u00f6\u00dfe der Ohrst\u00f6psel nicht zu Ihren Geh\u00f6rg\u00e4ngen passt oder das Headset nicht richtig sitzt, kann es zu Klang- und Anrufproblemen kommen. Wechseln Sie die Ohrst\u00f6psel gegen solche aus, die besser in Ihrem Ohr sitzen. Spezielle Anwendungsgebiete: Reisen, Sport und Training.<\/p>\n<p>\u00dcberragender Klang dank TrueResponse-Wandler und aptX Adaptive f\u00fcr h\u00f6chste Klangaufl\u00f6sung.<\/p>\n<p>Individuelles Klangerlebnis dank integriertem Equalizer und Voreinstellungen, einschlie\u00dflich Bass Boost, und Klangpersonalisierung f\u00fcr ma\u00dfgeschneiderten Klang.<\/p>\n<p>Multipoint erm\u00f6glicht die Verbindung mit zwei Ger\u00e4ten.<\/p>\n<p>Kompaktes, ergonomisches Design mit Silikon-Ohradaptern (XS, S, M, L) und -Flossen (S, M, L) f\u00fcr optimalen Tragekomfort und sicheren Sitz.<\/p>\n<p>Kontrollieren Sie Ihre Umgebung mit der adaptiven Ger\u00e4uschunterdr\u00fcckung f\u00fcr immersive Musik ohne Ablenkungen und bleiben Sie mit dem Transparenzmodus mit der Welt um Sie herum in Kontakt.<br \/>\nDie hochwertige Sprachaufnahme der drei fortschrittlichen Mikrofone mit Ger\u00e4uschunterdr\u00fcckung an jedem Ohrh\u00f6rer sorgt f\u00fcr klare Sprache und blendet Umgebungsger\u00e4usche aus.<br \/>\nIPX4-Spritzwasserschutz f\u00fcr problemlosen Einsatz auf Reisen, beim Pendeln oder beim Sport.<br \/>\nBis zu 28 Stunden Wiedergabezeit \u2013 die Akkulaufzeit betr\u00e4gt 7 Stunden und kann mit dem Ladecase unterwegs um bis zu 21 Stunden verl\u00e4ngert werden. Praktisches kabelloses Qi-Laden f\u00fcr das Case.<\/p>\n","protected":false},"featured_media":50270,"comment_status":"open","ping_status":"closed","template":"","meta":[],"product_brand":[],"product_cat":[48],"product_tag":[],"woo-feed-brand":[],"class_list":{"0":"post-50291","1":"product","2":"type-product","3":"status-publish","4":"has-post-thumbnail","6":"product_cat-kopfhorer","8":"entry","9":"has-media","11":"first","12":"instock","13":"sale","14":"taxable","15":"shipping-taxable","16":"purchasable","17":"product-type-simple","18":"has-product-nav","19":"col","20":"span_1_of_3","21":"owp-content-center","22":"owp-thumbs-layout-horizontal","23":"owp-btn-normal","24":"owp-tabs-layout-horizontal","25":"has-no-thumbnails"},"exclude_global_add_ons":[],"addons":[],"jetpack_sharing_enabled":true,"_links":{"self":[{"href":"https:\/\/www.techcloseoutlet.com\/index.php\/wp-json\/wp\/v2\/product\/50291","targetHints":{"allow":["GET"]}}],"collection":[{"href":"https:\/\/www.techcloseoutlet.com\/index.php\/wp-json\/wp\/v2\/product"}],"about":[{"href":"https:\/\/www.techcloseoutlet.com\/index.php\/wp-json\/wp\/v2\/types\/product"}],"replies":[{"embeddable":true,"href":"https:\/\/www.techcloseoutlet.com\/index.php\/wp-json\/wp\/v2\/comments?post=50291"}],"wp:featuredmedia":[{"embeddable":true,"href":"https:\/\/www.techcloseoutlet.com\/index.php\/wp-json\/wp\/v2\/media\/50270"}],"wp:attachment":[{"href":"https:\/\/www.techcloseoutlet.com\/index.php\/wp-json\/wp\/v2\/media?parent=50291"}],"wp:term":[{"taxonomy":"product_brand","embeddable":true,"href":"https:\/\/www.techcloseoutlet.com\/index.php\/wp-json\/wp\/v2\/product_brand?post=50291"},{"taxonomy":"product_cat","embeddable":true,"href":"https:\/\/www.techcloseoutlet.com\/index.php\/wp-json\/wp\/v2\/product_cat?post=50291"},{"taxonomy":"product_tag","embeddable":true,"href":"https:\/\/www.techcloseoutlet.com\/index.php\/wp-json\/wp\/v2\/product_tag?post=50291"},{"taxonomy":"woo-feed-brand","embeddable":true,"href":"https:\/\/www.techcloseoutlet.com\/index.php\/wp-json\/wp\/v2\/woo-feed-brand?post=50291"}],"curies":[{"name":"wp","href":"https:\/\/api.w.org\/{rel}","templated":true}]}}