{"id":50290,"date":"2025-10-19T16:25:20","date_gmt":"2025-10-19T16:25:20","guid":{"rendered":"https:\/\/www.techcloseoutlet.com\/index.php\/product\/sennheiser-pro-audio-professional-hd-200-pro-over-ear-studiokopfhoerer\/"},"modified":"2026-04-18T01:00:01","modified_gmt":"2026-04-18T01:00:01","slug":"sennheiser-pro-audio-professional-hd-200-pro-over-ear-studiokopfhoerer","status":"publish","type":"product","link":"https:\/\/www.techcloseoutlet.com\/index.php\/product\/sennheiser-pro-audio-professional-hd-200-pro-over-ear-studiokopfhoerer\/?lang=de","title":{"rendered":"Erneuert Sennheiser Pro Audio Professional HD 200 PRO Over-Ear-Studiokopfh\u00f6rer"},"content":{"rendered":"<p>Der HD 200 PRO Monitoring-Kopfh\u00f6rer sorgt f\u00fcr detailreichen und kraftvollen Studiosound \u2013 egal wo Sie sind. Ob Sie zu Hause, im Proberaum, auf der B\u00fchne oder einfach nur beim Musikh\u00f6ren Ihre Lieblingsmusik aufnehmen \u2013 der HD 200 PRO ist Ihr idealer Begleiter f\u00fcr jede Monitoring-Aufgabe.<\/p>\n<p>Geschlossenes, ohrumschlie\u00dfendes Kopfh\u00f6rerdesign reduziert Umgebungsger\u00e4usche.<br \/>\nSennheisers patentierte Schallwandler liefern eine hervorragende Stereo-Klangwiedergabe mit kraftvollem, druckvollem Bass.<br \/>\nWeiche Ohrpolster und ein ergonomisches Design sorgen f\u00fcr optimalen Sitz und Tragekomfort.<\/p>\n","protected":false},"excerpt":{"rendered":"<p>Der HD 200 PRO Monitoring-Kopfh\u00f6rer sorgt f\u00fcr detailreichen und kraftvollen Studiosound \u2013 egal wo Sie sind. Ob Sie zu Hause, im Proberaum, auf der B\u00fchne oder einfach nur beim Musikh\u00f6ren Ihre Lieblingsmusik aufnehmen \u2013 der HD 200 PRO ist Ihr idealer Begleiter f\u00fcr jede Monitoring-Aufgabe.<\/p>\n<p>Geschlossenes, ohrumschlie\u00dfendes Kopfh\u00f6rerdesign reduziert Umgebungsger\u00e4usche.<br \/>\nSennheisers patentierte Schallwandler liefern eine hervorragende Stereo-Klangwiedergabe mit kraftvollem, druckvollem Bass.<br \/>\nWeiche Ohrpolster und ein ergonomisches Design sorgen f\u00fcr optimalen Sitz und Tragekomfort.<\/p>\n","protected":false},"featured_media":50266,"comment_status":"open","ping_status":"closed","template":"","meta":[],"product_brand":[],"product_cat":[48],"product_tag":[],"woo-feed-brand":[],"class_list":{"0":"post-50290","1":"product","2":"type-product","3":"status-publish","4":"has-post-thumbnail","6":"product_cat-kopfhorer","8":"entry","9":"has-media","11":"first","12":"instock","13":"sale","14":"taxable","15":"shipping-taxable","16":"purchasable","17":"product-type-simple","18":"has-product-nav","19":"col","20":"span_1_of_3","21":"owp-content-center","22":"owp-thumbs-layout-horizontal","23":"owp-btn-normal","24":"owp-tabs-layout-horizontal","25":"has-no-thumbnails"},"exclude_global_add_ons":[],"addons":[],"jetpack_sharing_enabled":true,"_links":{"self":[{"href":"https:\/\/www.techcloseoutlet.com\/index.php\/wp-json\/wp\/v2\/product\/50290","targetHints":{"allow":["GET"]}}],"collection":[{"href":"https:\/\/www.techcloseoutlet.com\/index.php\/wp-json\/wp\/v2\/product"}],"about":[{"href":"https:\/\/www.techcloseoutlet.com\/index.php\/wp-json\/wp\/v2\/types\/product"}],"replies":[{"embeddable":true,"href":"https:\/\/www.techcloseoutlet.com\/index.php\/wp-json\/wp\/v2\/comments?post=50290"}],"wp:featuredmedia":[{"embeddable":true,"href":"https:\/\/www.techcloseoutlet.com\/index.php\/wp-json\/wp\/v2\/media\/50266"}],"wp:attachment":[{"href":"https:\/\/www.techcloseoutlet.com\/index.php\/wp-json\/wp\/v2\/media?parent=50290"}],"wp:term":[{"taxonomy":"product_brand","embeddable":true,"href":"https:\/\/www.techcloseoutlet.com\/index.php\/wp-json\/wp\/v2\/product_brand?post=50290"},{"taxonomy":"product_cat","embeddable":true,"href":"https:\/\/www.techcloseoutlet.com\/index.php\/wp-json\/wp\/v2\/product_cat?post=50290"},{"taxonomy":"product_tag","embeddable":true,"href":"https:\/\/www.techcloseoutlet.com\/index.php\/wp-json\/wp\/v2\/product_tag?post=50290"},{"taxonomy":"woo-feed-brand","embeddable":true,"href":"https:\/\/www.techcloseoutlet.com\/index.php\/wp-json\/wp\/v2\/woo-feed-brand?post=50290"}],"curies":[{"name":"wp","href":"https:\/\/api.w.org\/{rel}","templated":true}]}}