{"id":50289,"date":"2025-10-19T16:24:53","date_gmt":"2025-10-19T16:24:53","guid":{"rendered":"https:\/\/www.techcloseoutlet.com\/index.php\/product\/sennheiser-cx-7-00bt-kabelloser-in-ear-kopfhoerer-schwarz\/"},"modified":"2026-04-18T01:00:04","modified_gmt":"2026-04-18T01:00:04","slug":"sennheiser-cx-7-00bt-kabelloser-in-ear-kopfhoerer-schwarz","status":"publish","type":"product","link":"https:\/\/www.techcloseoutlet.com\/index.php\/product\/sennheiser-cx-7-00bt-kabelloser-in-ear-kopfhoerer-schwarz\/?lang=de","title":{"rendered":"Erneuert Sennheiser \u2013 CX 7.00BT Kabelloser In-Ear-Kopfh\u00f6rer \u2013 Schwarz"},"content":{"rendered":"<p>Bluetooth 4.1-Funktechnologie<br \/>\nMit Qualcomm apt-X-Unterst\u00fctzung und bequemer Mehrfachverbindung mit bis zu zwei Ger\u00e4ten gleichzeitig.<\/p>\n<p>Eingebauter Lithium-Ionen-Polymer-Akku<br \/>\nMit einer Akkulaufzeit von bis zu 10 Stunden mit einer einzigen Ladung und 1,5 Stunden Schnellladezeit per USB sind Sie lange unterwegs.<\/p>\n<p>Hochwertiges integriertes Mikrofon<br \/>\nF\u00fcr m\u00fchelose Kommunikation<\/p>\n<p>Passive Ger\u00e4uschunterdr\u00fcckung<br \/>\nSorgt f\u00fcr eine hervorragende D\u00e4mpfung von Umgebungsger\u00e4uschen.<\/p>\n","protected":false},"excerpt":{"rendered":"<p>Bluetooth 4.1-Funktechnologie<br \/>\nMit Qualcomm apt-X-Unterst\u00fctzung und bequemer Mehrfachverbindung mit bis zu zwei Ger\u00e4ten gleichzeitig.<\/p>\n<p>Eingebauter Lithium-Ionen-Polymer-Akku<br \/>\nMit einer Akkulaufzeit von bis zu 10 Stunden mit einer einzigen Ladung und 1,5 Stunden Schnellladezeit per USB sind Sie lange unterwegs.<\/p>\n<p>Hochwertiges integriertes Mikrofon<br \/>\nF\u00fcr m\u00fchelose Kommunikation<\/p>\n<p>Passive Ger\u00e4uschunterdr\u00fcckung<br \/>\nSorgt f\u00fcr eine hervorragende D\u00e4mpfung von Umgebungsger\u00e4uschen.<\/p>\n","protected":false},"featured_media":50261,"comment_status":"open","ping_status":"closed","template":"","meta":[],"product_brand":[],"product_cat":[48],"product_tag":[],"woo-feed-brand":[],"class_list":{"0":"post-50289","1":"product","2":"type-product","3":"status-publish","4":"has-post-thumbnail","6":"product_cat-kopfhorer","8":"entry","9":"has-media","11":"first","12":"instock","13":"sale","14":"taxable","15":"shipping-taxable","16":"purchasable","17":"product-type-simple","18":"has-product-nav","19":"col","20":"span_1_of_3","21":"owp-content-center","22":"owp-thumbs-layout-horizontal","23":"owp-btn-normal","24":"owp-tabs-layout-horizontal","25":"has-no-thumbnails"},"exclude_global_add_ons":[],"addons":[],"jetpack_sharing_enabled":true,"_links":{"self":[{"href":"https:\/\/www.techcloseoutlet.com\/index.php\/wp-json\/wp\/v2\/product\/50289","targetHints":{"allow":["GET"]}}],"collection":[{"href":"https:\/\/www.techcloseoutlet.com\/index.php\/wp-json\/wp\/v2\/product"}],"about":[{"href":"https:\/\/www.techcloseoutlet.com\/index.php\/wp-json\/wp\/v2\/types\/product"}],"replies":[{"embeddable":true,"href":"https:\/\/www.techcloseoutlet.com\/index.php\/wp-json\/wp\/v2\/comments?post=50289"}],"wp:featuredmedia":[{"embeddable":true,"href":"https:\/\/www.techcloseoutlet.com\/index.php\/wp-json\/wp\/v2\/media\/50261"}],"wp:attachment":[{"href":"https:\/\/www.techcloseoutlet.com\/index.php\/wp-json\/wp\/v2\/media?parent=50289"}],"wp:term":[{"taxonomy":"product_brand","embeddable":true,"href":"https:\/\/www.techcloseoutlet.com\/index.php\/wp-json\/wp\/v2\/product_brand?post=50289"},{"taxonomy":"product_cat","embeddable":true,"href":"https:\/\/www.techcloseoutlet.com\/index.php\/wp-json\/wp\/v2\/product_cat?post=50289"},{"taxonomy":"product_tag","embeddable":true,"href":"https:\/\/www.techcloseoutlet.com\/index.php\/wp-json\/wp\/v2\/product_tag?post=50289"},{"taxonomy":"woo-feed-brand","embeddable":true,"href":"https:\/\/www.techcloseoutlet.com\/index.php\/wp-json\/wp\/v2\/woo-feed-brand?post=50289"}],"curies":[{"name":"wp","href":"https:\/\/api.w.org\/{rel}","templated":true}]}}