{"id":49820,"date":"2025-09-29T15:57:55","date_gmt":"2025-09-29T15:57:55","guid":{"rendered":"https:\/\/www.techcloseoutlet.com\/index.php\/product\/cuffie-wireless-sennheiser-rs-120-w-on-ear-rinnovate-per-un-ascolto-tv-cristallino-con-3-modalita-audio-design-leggero-facile-controllo-del-volume-portata-di-60-m-e-comoda-combina\/"},"modified":"2025-09-29T15:57:55","modified_gmt":"2025-09-29T15:57:55","slug":"cuffie-wireless-sennheiser-rs-120-w-on-ear-rinnovate-per-un-ascolto-tv-cristallino-con-3-modalita-audio-design-leggero-facile-controllo-del-volume-portata-di-60-m-e-comoda-combina","status":"publish","type":"product","link":"https:\/\/www.techcloseoutlet.com\/index.php\/product\/cuffie-wireless-sennheiser-rs-120-w-on-ear-rinnovate-per-un-ascolto-tv-cristallino-con-3-modalita-audio-design-leggero-facile-controllo-del-volume-portata-di-60-m-e-comoda-combina\/?lang=it","title":{"rendered":"Cuffie wireless Sennheiser RS \u200b\u200b120-W on-ear rinnovate per un ascolto TV cristallino con 3 modalit\u00e0 audio, design leggero, facile controllo del volume, portata di 60 m e comoda combinazione trasmettitore\/caricabatterie &#8211; Nero"},"content":{"rendered":"<p>Audio Sennheiser di alta qualit\u00e0: migliora l&#8217;ascolto della TV con un suono stereo cristallino, dettagliato e ben bilanciato. Tipo di controllo: Volume.<br \/>\nModalit\u00e0 audio: tre profili di ascolto &#8211; Parlato, Musica, Neutro &#8211; per regolare l&#8217;audio in base alle tue preferenze per TV, musica, podcast e streaming video.<br \/>\nControllo del volume semplice: la manopola di controllo ergonomica direttamente sulle cuffie offre una regolazione intuitiva del volume.<br \/>\nComfort eccezionale: cuffie on-ear leggere con archetto a bassa pressione per un comfort ottimale durante lunghe sessioni TV.<br \/>\nLunga durata della batteria: fino a 20 ore di riproduzione con le batterie AAA ricaricabili.<br \/>\nPortata fino a 60 m: la trasmissione wireless digitale garantisce l&#8217;assenza di interferenze analogiche per un ascolto libero in tutta la casa.<br \/>\nTrasmettitore\/base di ricarica combinata: facile collegamento ai televisori tramite connettori RCA o da 3,5 mm, offrendo al contempo una comoda stazione di ricarica per le cuffie.<br \/>\nLe nuove RS 120-W ti consentono di ottenere il massimo dalla tua esperienza TV grazie all&#8217;audio Sennheiser di alta qualit\u00e0. L&#8217;ultima versione delle cuffie TV dello specialista dell&#8217;audio si basa sul successo della popolare serie RS di Sennheiser, introducendo la trasmissione LE Audio avanzata per un suono digitale cristallino. Il design migliorato presenta inoltre controlli pi\u00f9 intuitivi per un&#8217;interazione semplice e intuitiva e tre nuove modalit\u00e0 audio per personalizzare l&#8217;esperienza di ascolto, inclusa una modalit\u00e0 perfetta per la musica. E con un comfort eccezionale e un&#8217;eccellente durata della batteria, \u00e8 un compagno affidabile per l&#8217;ascolto quotidiano.<\/p>\n","protected":false},"excerpt":{"rendered":"<p>Audio Sennheiser di alta qualit\u00e0: migliora l&#8217;ascolto della TV con un suono stereo cristallino, dettagliato e ben bilanciato. Tipo di controllo: Volume.<br \/>\nModalit\u00e0 audio: tre profili di ascolto &#8211; Parlato, Musica, Neutro &#8211; per regolare l&#8217;audio in base alle tue preferenze per TV, musica, podcast e streaming video.<br \/>\nControllo del volume semplice: la manopola di controllo ergonomica direttamente sulle cuffie offre una regolazione intuitiva del volume.<br \/>\nComfort eccezionale: cuffie on-ear leggere con archetto a bassa pressione per un comfort ottimale durante lunghe sessioni TV.<br \/>\nLunga durata della batteria: fino a 20 ore di riproduzione con le batterie AAA ricaricabili.<br \/>\nPortata fino a 60 m: la trasmissione wireless digitale garantisce l&#8217;assenza di interferenze analogiche per un ascolto libero in tutta la casa.<br \/>\nTrasmettitore\/base di ricarica combinata: facile collegamento ai televisori tramite connettori RCA o da 3,5 mm, offrendo al contempo una comoda stazione di ricarica per le cuffie.<br \/>\nLe nuove RS 120-W ti consentono di ottenere il massimo dalla tua esperienza TV grazie all&#8217;audio Sennheiser di alta qualit\u00e0. L&#8217;ultima versione delle cuffie TV dello specialista dell&#8217;audio si basa sul successo della popolare serie RS di Sennheiser, introducendo la trasmissione LE Audio avanzata per un suono digitale cristallino. Il design migliorato presenta inoltre controlli pi\u00f9 intuitivi per un&#8217;interazione semplice e intuitiva e tre nuove modalit\u00e0 audio per personalizzare l&#8217;esperienza di ascolto, inclusa una modalit\u00e0 perfetta per la musica. E con un comfort eccezionale e un&#8217;eccellente durata della batteria, \u00e8 un compagno affidabile per l&#8217;ascolto quotidiano.<\/p>\n","protected":false},"featured_media":49804,"comment_status":"open","ping_status":"closed","template":"","meta":[],"product_brand":[],"product_cat":[45],"product_tag":[],"woo-feed-brand":[],"class_list":{"0":"post-49820","1":"product","2":"type-product","3":"status-publish","4":"has-post-thumbnail","6":"product_cat-cuffie","8":"entry","9":"has-media","11":"first","12":"instock","13":"sale","14":"taxable","15":"shipping-taxable","16":"purchasable","17":"product-type-simple","18":"has-product-nav","19":"col","20":"span_1_of_3","21":"owp-content-center","22":"owp-thumbs-layout-horizontal","23":"owp-btn-normal","24":"owp-tabs-layout-horizontal","25":"has-no-thumbnails"},"exclude_global_add_ons":[],"addons":[],"jetpack_sharing_enabled":true,"_links":{"self":[{"href":"https:\/\/www.techcloseoutlet.com\/index.php\/wp-json\/wp\/v2\/product\/49820","targetHints":{"allow":["GET"]}}],"collection":[{"href":"https:\/\/www.techcloseoutlet.com\/index.php\/wp-json\/wp\/v2\/product"}],"about":[{"href":"https:\/\/www.techcloseoutlet.com\/index.php\/wp-json\/wp\/v2\/types\/product"}],"replies":[{"embeddable":true,"href":"https:\/\/www.techcloseoutlet.com\/index.php\/wp-json\/wp\/v2\/comments?post=49820"}],"wp:featuredmedia":[{"embeddable":true,"href":"https:\/\/www.techcloseoutlet.com\/index.php\/wp-json\/wp\/v2\/media\/49804"}],"wp:attachment":[{"href":"https:\/\/www.techcloseoutlet.com\/index.php\/wp-json\/wp\/v2\/media?parent=49820"}],"wp:term":[{"taxonomy":"product_brand","embeddable":true,"href":"https:\/\/www.techcloseoutlet.com\/index.php\/wp-json\/wp\/v2\/product_brand?post=49820"},{"taxonomy":"product_cat","embeddable":true,"href":"https:\/\/www.techcloseoutlet.com\/index.php\/wp-json\/wp\/v2\/product_cat?post=49820"},{"taxonomy":"product_tag","embeddable":true,"href":"https:\/\/www.techcloseoutlet.com\/index.php\/wp-json\/wp\/v2\/product_tag?post=49820"},{"taxonomy":"woo-feed-brand","embeddable":true,"href":"https:\/\/www.techcloseoutlet.com\/index.php\/wp-json\/wp\/v2\/woo-feed-brand?post=49820"}],"curies":[{"name":"wp","href":"https:\/\/api.w.org\/{rel}","templated":true}]}}