{"id":49817,"date":"2025-09-29T15:56:08","date_gmt":"2025-09-29T15:56:08","guid":{"rendered":"https:\/\/www.techcloseoutlet.com\/index.php\/product\/erneuert-sennheiser-sport-true-wireless-ohrhoerer-bluetooth-in-ear-ohrhoerer-fuer-einen-sportlichen-lebensstil-musikhoeren-und-telefonieren-mit-adaptable-acoustics-funktion-und-noise-cancel\/"},"modified":"2025-09-29T15:56:08","modified_gmt":"2025-09-29T15:56:08","slug":"erneuert-sennheiser-sport-true-wireless-ohrhoerer-bluetooth-in-ear-ohrhoerer-fuer-einen-sportlichen-lebensstil-musikhoeren-und-telefonieren-mit-adaptable-acoustics-funktion-und-noise-cancel","status":"publish","type":"product","link":"https:\/\/www.techcloseoutlet.com\/index.php\/product\/erneuert-sennheiser-sport-true-wireless-ohrhoerer-bluetooth-in-ear-ohrhoerer-fuer-einen-sportlichen-lebensstil-musikhoeren-und-telefonieren-mit-adaptable-acoustics-funktion-und-noise-cancel\/?lang=de","title":{"rendered":"erneuert Sennheiser Sport True Wireless Ohrh\u00f6rer \u2013 Bluetooth-In-Ear-Ohrh\u00f6rer f\u00fcr einen sportlichen Lebensstil, Musikh\u00f6ren und Telefonieren mit Adaptable Acoustics-Funktion und Noise Cancellation, Schwarz"},"content":{"rendered":"<ul class=\"a-unordered-list a-vertical a-spacing-mini\">\n<li class=\"a-spacing-mini\"><span class=\"a-list-item\">\u00dcBERRAGENDER SOUND, KEINE KOMPROMISSE: Angetrieben von Sennheiser TrueResponse-Wandler, personalisiert mit integriertem Equalizer und einer Vielzahl von Bluetooth-Codecs (AAC, aptX, SBC)<\/span><\/li>\n<li class=\"a-spacing-mini\"><span class=\"a-list-item\">ANPASSUNGSF\u00c4HIGE AKUSTIK: Offene Ohradapter zur Situationswahrnehmung, sodass Sie mit der Welt im Einklang bleiben k\u00f6nnen, und geschlossene Ohradapter zur passiven Ger\u00e4uschminimierung, um Ablenkungen zu blockieren, damit Sie sich auf Ihr Training konzentrieren k\u00f6nnen<\/span><\/li>\n<li class=\"a-spacing-mini\"><span class=\"a-list-item\">SICHERE, MASSGESCHNEIDERTE PASSFORM: Kompaktes, ergonomisches Design, austauschbare Flossen und eine Auswahl an Ohradaptern sorgen f\u00fcr optimalen Komfort und eine sichere Passform<\/span><\/li>\n<li class=\"a-spacing-mini\"><span class=\"a-list-item\">IP54 DUST, SPLASH &amp; SWEAT: Genie\u00dfen Sie ein herausragendes Audioerlebnis, egal wo Sie sich befinden oder wie sehr Sie Ihre Grenzen \u00fcberschreiten<\/span><\/li>\n<li class=\"a-spacing-mini\"><span class=\"a-list-item\">LANGE AKKULAUFZEIT: Mit der hochwertigen H\u00fclle, die im Lieferumfang des Produkts enthalten ist, k\u00f6nnen Sie unterwegs bis zu 27 Stunden Musik abspielen<\/span><\/li>\n<li class=\"a-spacing-mini\"><span class=\"a-list-item\">VOLLST\u00c4NDIGE DIGITALE STEUERUNG: Mit unserer Smart Control App f\u00fcr iOS\/Android k\u00f6nnen die Ohrh\u00f6rer-Funktionen an Ihre t\u00e4glichen Bed\u00fcrfnisse angepasst werden; vollst\u00e4ndig anpassbare Steuerungen f\u00fcr Musik, Anrufe und Sprachassistenten sowie unabh\u00e4ngige Ohrh\u00f6rer-Nutzung<\/span><\/li>\n<\/ul>\n","protected":false},"excerpt":{"rendered":"<p>\u00dcBERRAGENDER SOUND, KEINE KOMPROMISSE: Angetrieben von Sennheiser TrueResponse-Wandler, personalisiert mit integriertem Equalizer und einer Vielzahl von Bluetooth-Codecs (AAC, aptX, SBC)<br \/>\nANPASSUNGSF\u00c4HIGE AKUSTIK: Offene Ohradapter zur Situationswahrnehmung, sodass Sie mit der Welt im Einklang bleiben k\u00f6nnen, und geschlossene Ohradapter zur passiven Ger\u00e4uschminimierung, um Ablenkungen zu blockieren, damit Sie sich auf Ihr Training konzentrieren k\u00f6nnen<br \/>\nSICHERE, MASSGESCHNEIDERTE PASSFORM: Kompaktes, ergonomisches Design, austauschbare Flossen und eine Auswahl an Ohradaptern sorgen f\u00fcr optimalen Komfort und eine sichere Passform<br \/>\nIP54 DUST, SPLASH &#038; SWEAT: Genie\u00dfen Sie ein herausragendes Audioerlebnis, egal wo Sie sich befinden oder wie sehr Sie Ihre Grenzen \u00fcberschreiten<br \/>\nLANGE AKKULAUFZEIT: Mit der hochwertigen H\u00fclle, die im Lieferumfang des Produkts enthalten ist, k\u00f6nnen Sie unterwegs bis zu 27 Stunden Musik abspielen<br \/>\nVOLLST\u00c4NDIGE DIGITALE STEUERUNG: Mit unserer Smart Control App f\u00fcr iOS\/Android k\u00f6nnen die Ohrh\u00f6rer-Funktionen an Ihre t\u00e4glichen Bed\u00fcrfnisse angepasst werden; vollst\u00e4ndig anpassbare Steuerungen f\u00fcr Musik, Anrufe und Sprachassistenten sowie unabh\u00e4ngige Ohrh\u00f6rer-Nutzung<\/p>\n","protected":false},"featured_media":49795,"comment_status":"open","ping_status":"closed","template":"","meta":[],"product_brand":[],"product_cat":[48],"product_tag":[],"woo-feed-brand":[],"class_list":{"0":"post-49817","1":"product","2":"type-product","3":"status-publish","4":"has-post-thumbnail","6":"product_cat-kopfhorer","8":"entry","9":"has-media","11":"first","12":"instock","13":"sale","14":"taxable","15":"shipping-taxable","16":"purchasable","17":"product-type-simple","18":"has-product-nav","19":"col","20":"span_1_of_3","21":"owp-content-center","22":"owp-thumbs-layout-horizontal","23":"owp-btn-normal","24":"owp-tabs-layout-horizontal","25":"has-no-thumbnails"},"exclude_global_add_ons":[],"addons":[],"jetpack_sharing_enabled":true,"_links":{"self":[{"href":"https:\/\/www.techcloseoutlet.com\/index.php\/wp-json\/wp\/v2\/product\/49817","targetHints":{"allow":["GET"]}}],"collection":[{"href":"https:\/\/www.techcloseoutlet.com\/index.php\/wp-json\/wp\/v2\/product"}],"about":[{"href":"https:\/\/www.techcloseoutlet.com\/index.php\/wp-json\/wp\/v2\/types\/product"}],"replies":[{"embeddable":true,"href":"https:\/\/www.techcloseoutlet.com\/index.php\/wp-json\/wp\/v2\/comments?post=49817"}],"wp:featuredmedia":[{"embeddable":true,"href":"https:\/\/www.techcloseoutlet.com\/index.php\/wp-json\/wp\/v2\/media\/49795"}],"wp:attachment":[{"href":"https:\/\/www.techcloseoutlet.com\/index.php\/wp-json\/wp\/v2\/media?parent=49817"}],"wp:term":[{"taxonomy":"product_brand","embeddable":true,"href":"https:\/\/www.techcloseoutlet.com\/index.php\/wp-json\/wp\/v2\/product_brand?post=49817"},{"taxonomy":"product_cat","embeddable":true,"href":"https:\/\/www.techcloseoutlet.com\/index.php\/wp-json\/wp\/v2\/product_cat?post=49817"},{"taxonomy":"product_tag","embeddable":true,"href":"https:\/\/www.techcloseoutlet.com\/index.php\/wp-json\/wp\/v2\/product_tag?post=49817"},{"taxonomy":"woo-feed-brand","embeddable":true,"href":"https:\/\/www.techcloseoutlet.com\/index.php\/wp-json\/wp\/v2\/woo-feed-brand?post=49817"}],"curies":[{"name":"wp","href":"https:\/\/api.w.org\/{rel}","templated":true}]}}