{"id":49816,"date":"2025-09-29T15:55:28","date_gmt":"2025-09-29T15:55:28","guid":{"rendered":"https:\/\/www.techcloseoutlet.com\/index.php\/product\/erneuert-sennheiser-rs-175-digitaler-drahtloser-over-ear-kopfhoerer-bassverstaerkung-und-surround-sound-fuer-heim-und-tv-entertainment-systeme-schwarz\/"},"modified":"2025-09-29T15:55:28","modified_gmt":"2025-09-29T15:55:28","slug":"erneuert-sennheiser-rs-175-digitaler-drahtloser-over-ear-kopfhoerer-bassverstaerkung-und-surround-sound-fuer-heim-und-tv-entertainment-systeme-schwarz","status":"publish","type":"product","link":"https:\/\/www.techcloseoutlet.com\/index.php\/product\/erneuert-sennheiser-rs-175-digitaler-drahtloser-over-ear-kopfhoerer-bassverstaerkung-und-surround-sound-fuer-heim-und-tv-entertainment-systeme-schwarz\/?lang=de","title":{"rendered":"erneuert Sennheiser RS 175 Digitaler drahtloser Over-Ear-Kopfh\u00f6rer &#8211; Bassverst\u00e4rkung und Surround-Sound f\u00fcr Heim- und TV-Entertainment-Systeme, schwarz"},"content":{"rendered":"<ul class=\"a-unordered-list a-vertical a-spacing-mini\">\n<li class=\"a-spacing-mini\"><span class=\"a-list-item\">Geschlossene, ergonomische, ohrumschlie\u00dfende Funkkopfh\u00f6rer mit hervorragender digitaler drahtloser Audio\u00fcbertragung f\u00fcr bis zu 2 Personen.<\/span><\/li>\n<li class=\"a-spacing-mini\"><span class=\"a-list-item\">Au\u00dfergew\u00f6hnliche digitale Hifi Klangklarheit und Relaisreichweite von bis zu 100 m (Sichtverbindung)<\/span><\/li>\n<li class=\"a-spacing-mini\"><span class=\"a-list-item\">Erm\u00f6glicht das Umschalten zwischen dynamischem Bass und virtuellem Surround Sound f\u00fcr die situative Soundanpassung f\u00fcr dein Home Entertainment<\/span><\/li>\n<li class=\"a-spacing-mini\"><span class=\"a-list-item\">Unterst\u00fctzt analoge und digitale Audio-Eing\u00e4nge und erlaubt das Umschalten zwischen diesen Eing\u00e4ngen mit oder ohne Kabel.<\/span><\/li>\n<li class=\"a-spacing-mini\"><span class=\"a-list-item\">Mehrzweck-Sender fungiert auch als &#8216;leicht aufladbare&#8217; Halterung zum schnellen Aufladen und als Docking-Station zur Erhaltung der Standby-Leistung<\/span><\/li>\n<\/ul>\n","protected":false},"excerpt":{"rendered":"<p>Geschlossene, ergonomische, ohrumschlie\u00dfende Funkkopfh\u00f6rer mit hervorragender digitaler drahtloser Audio\u00fcbertragung f\u00fcr bis zu 2 Personen.<br \/>\nAu\u00dfergew\u00f6hnliche digitale Hifi Klangklarheit und Relaisreichweite von bis zu 100 m (Sichtverbindung)<br \/>\nErm\u00f6glicht das Umschalten zwischen dynamischem Bass und virtuellem Surround Sound f\u00fcr die situative Soundanpassung f\u00fcr dein Home Entertainment<br \/>\nUnterst\u00fctzt analoge und digitale Audio-Eing\u00e4nge und erlaubt das Umschalten zwischen diesen Eing\u00e4ngen mit oder ohne Kabel.<br \/>\nMehrzweck-Sender fungiert auch als &#8216;leicht aufladbare&#8217; Halterung zum schnellen Aufladen und als Docking-Station zur Erhaltung der Standby-Leistung<\/p>\n","protected":false},"featured_media":49799,"comment_status":"open","ping_status":"closed","template":"","meta":[],"product_brand":[],"product_cat":[48],"product_tag":[],"woo-feed-brand":[],"class_list":{"0":"post-49816","1":"product","2":"type-product","3":"status-publish","4":"has-post-thumbnail","6":"product_cat-kopfhorer","8":"entry","9":"has-media","11":"first","12":"instock","13":"sale","14":"taxable","15":"shipping-taxable","16":"purchasable","17":"product-type-simple","18":"has-product-nav","19":"col","20":"span_1_of_3","21":"owp-content-center","22":"owp-thumbs-layout-horizontal","23":"owp-btn-normal","24":"owp-tabs-layout-horizontal","25":"has-no-thumbnails"},"exclude_global_add_ons":[],"addons":[],"jetpack_sharing_enabled":true,"_links":{"self":[{"href":"https:\/\/www.techcloseoutlet.com\/index.php\/wp-json\/wp\/v2\/product\/49816","targetHints":{"allow":["GET"]}}],"collection":[{"href":"https:\/\/www.techcloseoutlet.com\/index.php\/wp-json\/wp\/v2\/product"}],"about":[{"href":"https:\/\/www.techcloseoutlet.com\/index.php\/wp-json\/wp\/v2\/types\/product"}],"replies":[{"embeddable":true,"href":"https:\/\/www.techcloseoutlet.com\/index.php\/wp-json\/wp\/v2\/comments?post=49816"}],"wp:featuredmedia":[{"embeddable":true,"href":"https:\/\/www.techcloseoutlet.com\/index.php\/wp-json\/wp\/v2\/media\/49799"}],"wp:attachment":[{"href":"https:\/\/www.techcloseoutlet.com\/index.php\/wp-json\/wp\/v2\/media?parent=49816"}],"wp:term":[{"taxonomy":"product_brand","embeddable":true,"href":"https:\/\/www.techcloseoutlet.com\/index.php\/wp-json\/wp\/v2\/product_brand?post=49816"},{"taxonomy":"product_cat","embeddable":true,"href":"https:\/\/www.techcloseoutlet.com\/index.php\/wp-json\/wp\/v2\/product_cat?post=49816"},{"taxonomy":"product_tag","embeddable":true,"href":"https:\/\/www.techcloseoutlet.com\/index.php\/wp-json\/wp\/v2\/product_tag?post=49816"},{"taxonomy":"woo-feed-brand","embeddable":true,"href":"https:\/\/www.techcloseoutlet.com\/index.php\/wp-json\/wp\/v2\/woo-feed-brand?post=49816"}],"curies":[{"name":"wp","href":"https:\/\/api.w.org\/{rel}","templated":true}]}}