{"id":49815,"date":"2025-09-29T15:54:55","date_gmt":"2025-09-29T15:54:55","guid":{"rendered":"https:\/\/www.techcloseoutlet.com\/index.php\/product\/erneuert-sennheiser-rs-120-w-wireless-on-ear-kopfhoerer-fuer-kristallklaren-fernsehton-leichtes-design-3-klangmodi-60-m-signalreichweite-inkl-kombi-sender-ladegeraet-schwarz\/"},"modified":"2025-09-29T15:54:55","modified_gmt":"2025-09-29T15:54:55","slug":"erneuert-sennheiser-rs-120-w-wireless-on-ear-kopfhoerer-fuer-kristallklaren-fernsehton-leichtes-design-3-klangmodi-60-m-signalreichweite-inkl-kombi-sender-ladegeraet-schwarz","status":"publish","type":"product","link":"https:\/\/www.techcloseoutlet.com\/index.php\/product\/erneuert-sennheiser-rs-120-w-wireless-on-ear-kopfhoerer-fuer-kristallklaren-fernsehton-leichtes-design-3-klangmodi-60-m-signalreichweite-inkl-kombi-sender-ladegeraet-schwarz\/?lang=de","title":{"rendered":"erneuert Sennheiser RS 120-W Wireless On-Ear-Kopfh\u00f6rer f\u00fcr kristallklaren Fernsehton &#8211; leichtes Design, 3 Klangmodi, 60 m Signalreichweite, inkl. Kombi-Sender\/Ladeger\u00e4t &#8211; Schwarz"},"content":{"rendered":"<ul class=\"a-unordered-list a-vertical a-spacing-mini\">\n<li class=\"a-spacing-mini\"><span class=\"a-list-item\">Kristallklarer Sennheiser-Klang mit 3 H\u00f6rprofilen: Sprach-, Musik- und neutrale Klangmodi erm\u00f6glichen das Anpassen von TV-, Musik-, Podcast- oder Videostreaming ganz nach individuellen Bed\u00fcrfnissen<\/span><\/li>\n<li class=\"a-spacing-mini\"><span class=\"a-list-item\">Ergonomische Lautst\u00e4rkeregelung: Die Stereo-Kopfh\u00f6rer verf\u00fcgen \u00fcber einen intuitiven Lautst\u00e4rke-Drehregler &#8211; f\u00fcr maximalen Bedienkomfort w\u00e4hrend Deiner Lieblingsserie<\/span><\/li>\n<li class=\"a-spacing-mini\"><span class=\"a-list-item\">Hoher Tragekomfort und lange Wiedergabezeit: Das leichte Design mit drucklosen Kopfb\u00fcgeln bietet lang anhaltenden Komfort &#8211; bis zu 20 Std. Akkulaufzeit durch wiederaufladbare AAA-NiMH-Batterien<\/span><\/li>\n<li class=\"a-spacing-mini\"><span class=\"a-list-item\">F\u00fcr gemeinsame Fernseherlebnisse: Dank der kabellosen Signal\u00fcbertragung mittels Sendeger\u00e4t k\u00f6nnen sich mehrere Nutzer innerhalb von 60 m frei bewegen &#8211; f\u00fcr ein einzigartiges TV-Erlebnis im ganzen Haus<\/span><\/li>\n<li class=\"a-spacing-mini\"><span class=\"a-list-item\">Mit zus\u00e4tzlicher SenderLadestation: Das Kombiger\u00e4t l\u00e4sst sich bequem per Cinch- oder 3,5-mm-Stecker an den Fernseher anschlie\u00c3\u0178en und bietet gleichzeitig eine praktische Ladestation f\u00fcr die Kopfh\u00f6rer<\/span><\/li>\n<\/ul>\n","protected":false},"excerpt":{"rendered":"<p>Kristallklarer Sennheiser-Klang mit 3 H\u00f6rprofilen: Sprach-, Musik- und neutrale Klangmodi erm\u00f6glichen das Anpassen von TV-, Musik-, Podcast- oder Videostreaming ganz nach individuellen Bed\u00fcrfnissen<br \/>\nErgonomische Lautst\u00e4rkeregelung: Die Stereo-Kopfh\u00f6rer verf\u00fcgen \u00fcber einen intuitiven Lautst\u00e4rke-Drehregler &#8211; f\u00fcr maximalen Bedienkomfort w\u00e4hrend Deiner Lieblingsserie<br \/>\nHoher Tragekomfort und lange Wiedergabezeit: Das leichte Design mit drucklosen Kopfb\u00fcgeln bietet lang anhaltenden Komfort &#8211; bis zu 20 Std. Akkulaufzeit durch wiederaufladbare AAA-NiMH-Batterien<br \/>\nF\u00fcr gemeinsame Fernseherlebnisse: Dank der kabellosen Signal\u00fcbertragung mittels Sendeger\u00e4t k\u00f6nnen sich mehrere Nutzer innerhalb von 60 m frei bewegen &#8211; f\u00fcr ein einzigartiges TV-Erlebnis im ganzen Haus<br \/>\nMit zus\u00e4tzlicher SenderLadestation: Das Kombiger\u00e4t l\u00e4sst sich bequem per Cinch- oder 3,5-mm-Stecker an den Fernseher anschlie\u00c3\u0178en und bietet gleichzeitig eine praktische Ladestation f\u00fcr die Kopfh\u00f6rer<\/p>\n","protected":false},"featured_media":49803,"comment_status":"open","ping_status":"closed","template":"","meta":[],"product_brand":[],"product_cat":[48],"product_tag":[],"woo-feed-brand":[],"class_list":{"0":"post-49815","1":"product","2":"type-product","3":"status-publish","4":"has-post-thumbnail","6":"product_cat-kopfhorer","8":"entry","9":"has-media","11":"first","12":"instock","13":"sale","14":"taxable","15":"shipping-taxable","16":"purchasable","17":"product-type-simple","18":"has-product-nav","19":"col","20":"span_1_of_3","21":"owp-content-center","22":"owp-thumbs-layout-horizontal","23":"owp-btn-normal","24":"owp-tabs-layout-horizontal","25":"has-no-thumbnails"},"exclude_global_add_ons":[],"addons":[],"jetpack_sharing_enabled":true,"_links":{"self":[{"href":"https:\/\/www.techcloseoutlet.com\/index.php\/wp-json\/wp\/v2\/product\/49815","targetHints":{"allow":["GET"]}}],"collection":[{"href":"https:\/\/www.techcloseoutlet.com\/index.php\/wp-json\/wp\/v2\/product"}],"about":[{"href":"https:\/\/www.techcloseoutlet.com\/index.php\/wp-json\/wp\/v2\/types\/product"}],"replies":[{"embeddable":true,"href":"https:\/\/www.techcloseoutlet.com\/index.php\/wp-json\/wp\/v2\/comments?post=49815"}],"wp:featuredmedia":[{"embeddable":true,"href":"https:\/\/www.techcloseoutlet.com\/index.php\/wp-json\/wp\/v2\/media\/49803"}],"wp:attachment":[{"href":"https:\/\/www.techcloseoutlet.com\/index.php\/wp-json\/wp\/v2\/media?parent=49815"}],"wp:term":[{"taxonomy":"product_brand","embeddable":true,"href":"https:\/\/www.techcloseoutlet.com\/index.php\/wp-json\/wp\/v2\/product_brand?post=49815"},{"taxonomy":"product_cat","embeddable":true,"href":"https:\/\/www.techcloseoutlet.com\/index.php\/wp-json\/wp\/v2\/product_cat?post=49815"},{"taxonomy":"product_tag","embeddable":true,"href":"https:\/\/www.techcloseoutlet.com\/index.php\/wp-json\/wp\/v2\/product_tag?post=49815"},{"taxonomy":"woo-feed-brand","embeddable":true,"href":"https:\/\/www.techcloseoutlet.com\/index.php\/wp-json\/wp\/v2\/woo-feed-brand?post=49815"}],"curies":[{"name":"wp","href":"https:\/\/api.w.org\/{rel}","templated":true}]}}