{"id":49814,"date":"2025-09-29T15:53:42","date_gmt":"2025-09-29T15:53:42","guid":{"rendered":"https:\/\/www.techcloseoutlet.com\/index.php\/product\/erneuert-sennheiser-hd-280-pro-geschlossener-over-ear-dj-monitoring-kopfhoerer-zusammenklappbares-design-schwenkbare-ohrmuscheln-3m-spiralkabel-1-4-klinkenadapter-enthalten-506845\/"},"modified":"2025-09-29T15:53:42","modified_gmt":"2025-09-29T15:53:42","slug":"erneuert-sennheiser-hd-280-pro-geschlossener-over-ear-dj-monitoring-kopfhoerer-zusammenklappbares-design-schwenkbare-ohrmuscheln-3m-spiralkabel-1-4-klinkenadapter-enthalten-506845","status":"publish","type":"product","link":"https:\/\/www.techcloseoutlet.com\/index.php\/product\/erneuert-sennheiser-hd-280-pro-geschlossener-over-ear-dj-monitoring-kopfhoerer-zusammenklappbares-design-schwenkbare-ohrmuscheln-3m-spiralkabel-1-4-klinkenadapter-enthalten-506845\/?lang=de","title":{"rendered":"erneuert Sennheiser HD 280 PRO Geschlossener Over-Ear DJ &#038; Monitoring Kopfh\u00f6rer | Zusammenklappbares Design &#038; schwenkbare Ohrmuscheln | 3m Spiralkabel &#038; 1\/4\u201c Klinkenadapter Enthalten (506845)"},"content":{"rendered":"<ul class=\"a-unordered-list a-vertical a-spacing-mini\">\n<li class=\"a-spacing-mini\"><span class=\"a-list-item\">HOHE GER\u00c4USCHD\u00c4MPFUNG: Genie\u00dfen Sie ein ablenkungsfreies H\u00f6rerlebnis mit der aggressiven Ger\u00e4uschisolierung des HD 280 Pro, perfekt f\u00fcr professionelle Umgebungen oder auf Reisen.<\/span><\/li>\n<li class=\"a-spacing-mini\"><span class=\"a-list-item\">GENAUE, LINEARE TONWIEDERGABE: H\u00f6ren Sie Ihre Musik so, wie es der K\u00fcnstler beabsichtigt hat, mit einer kristallklaren Klangqualit\u00e4t, die \u00fcber den Industriestandards liegt.<\/span><\/li>\n<li class=\"a-spacing-mini\"><span class=\"a-list-item\">WEICHE OHRPOLSTER F\u00dcR EINEN KOMFORTABELEN SITZ: Erleben Sie lang anhaltenden Komfort bei l\u00e4ngerem Tragen, perfekt f\u00fcr ganzt\u00e4gige Studio-Sessions oder lange Pendelfahrten.<\/span><\/li>\n<li class=\"a-spacing-mini\"><span class=\"a-list-item\">KLAPPBARE UND DREHBARE H\u00d6RMUSCHELN: Transportieren Sie Ihre Kopfh\u00f6rer ganz einfach mit dem einzigartigen faltbaren Design, das Platz spart und maximale Flexibilit\u00e4t f\u00fcr jede Anwendung bietet.<\/span><\/li>\n<li class=\"a-spacing-mini\"><span class=\"a-list-item\">MODULARES DESIGN F\u00dcR FLEXIBILIT\u00c4T: Passen Sie Ihr H\u00f6rerlebnis mit den schwenkbaren Ohrmuscheln an Ihre individuellen Vorlieben an, so dass der HD 280 Pro die perfekte Wahl f\u00fcr alle Nutzer ist.<\/span><\/li>\n<\/ul>\n","protected":false},"excerpt":{"rendered":"<p>HOHE GER\u00c4USCHD\u00c4MPFUNG: Genie\u00dfen Sie ein ablenkungsfreies H\u00f6rerlebnis mit der aggressiven Ger\u00e4uschisolierung des HD 280 Pro, perfekt f\u00fcr professionelle Umgebungen oder auf Reisen.<br \/>\nGENAUE, LINEARE TONWIEDERGABE: H\u00f6ren Sie Ihre Musik so, wie es der K\u00fcnstler beabsichtigt hat, mit einer kristallklaren Klangqualit\u00e4t, die \u00fcber den Industriestandards liegt.<br \/>\nWEICHE OHRPOLSTER F\u00dcR EINEN KOMFORTABELEN SITZ: Erleben Sie lang anhaltenden Komfort bei l\u00e4ngerem Tragen, perfekt f\u00fcr ganzt\u00e4gige Studio-Sessions oder lange Pendelfahrten.<br \/>\nKLAPPBARE UND DREHBARE H\u00d6RMUSCHELN: Transportieren Sie Ihre Kopfh\u00f6rer ganz einfach mit dem einzigartigen faltbaren Design, das Platz spart und maximale Flexibilit\u00e4t f\u00fcr jede Anwendung bietet.<br \/>\nMODULARES DESIGN F\u00dcR FLEXIBILIT\u00c4T: Passen Sie Ihr H\u00f6rerlebnis mit den schwenkbaren Ohrmuscheln an Ihre individuellen Vorlieben an, so dass der HD 280 Pro die perfekte Wahl f\u00fcr alle Nutzer ist.<\/p>\n","protected":false},"featured_media":49807,"comment_status":"open","ping_status":"closed","template":"","meta":[],"product_brand":[],"product_cat":[48],"product_tag":[],"woo-feed-brand":[],"class_list":{"0":"post-49814","1":"product","2":"type-product","3":"status-publish","4":"has-post-thumbnail","6":"product_cat-kopfhorer","8":"entry","9":"has-media","11":"first","12":"instock","13":"sale","14":"taxable","15":"shipping-taxable","16":"purchasable","17":"product-type-simple","18":"has-product-nav","19":"col","20":"span_1_of_3","21":"owp-content-center","22":"owp-thumbs-layout-horizontal","23":"owp-btn-normal","24":"owp-tabs-layout-horizontal","25":"has-no-thumbnails"},"exclude_global_add_ons":[],"addons":[],"jetpack_sharing_enabled":true,"_links":{"self":[{"href":"https:\/\/www.techcloseoutlet.com\/index.php\/wp-json\/wp\/v2\/product\/49814","targetHints":{"allow":["GET"]}}],"collection":[{"href":"https:\/\/www.techcloseoutlet.com\/index.php\/wp-json\/wp\/v2\/product"}],"about":[{"href":"https:\/\/www.techcloseoutlet.com\/index.php\/wp-json\/wp\/v2\/types\/product"}],"replies":[{"embeddable":true,"href":"https:\/\/www.techcloseoutlet.com\/index.php\/wp-json\/wp\/v2\/comments?post=49814"}],"wp:featuredmedia":[{"embeddable":true,"href":"https:\/\/www.techcloseoutlet.com\/index.php\/wp-json\/wp\/v2\/media\/49807"}],"wp:attachment":[{"href":"https:\/\/www.techcloseoutlet.com\/index.php\/wp-json\/wp\/v2\/media?parent=49814"}],"wp:term":[{"taxonomy":"product_brand","embeddable":true,"href":"https:\/\/www.techcloseoutlet.com\/index.php\/wp-json\/wp\/v2\/product_brand?post=49814"},{"taxonomy":"product_cat","embeddable":true,"href":"https:\/\/www.techcloseoutlet.com\/index.php\/wp-json\/wp\/v2\/product_cat?post=49814"},{"taxonomy":"product_tag","embeddable":true,"href":"https:\/\/www.techcloseoutlet.com\/index.php\/wp-json\/wp\/v2\/product_tag?post=49814"},{"taxonomy":"woo-feed-brand","embeddable":true,"href":"https:\/\/www.techcloseoutlet.com\/index.php\/wp-json\/wp\/v2\/woo-feed-brand?post=49814"}],"curies":[{"name":"wp","href":"https:\/\/api.w.org\/{rel}","templated":true}]}}