{"id":49813,"date":"2025-09-29T15:52:28","date_gmt":"2025-09-29T15:52:28","guid":{"rendered":"https:\/\/www.techcloseoutlet.com\/index.php\/product\/erneuert-sennheiser-hd-450bt-kabellose-kopfhoerer-mit-aktiver-geraeuschunterdrueckung-sprachsteuerung-und-langer-batterielebensdauer-schwarz\/"},"modified":"2025-09-29T15:52:28","modified_gmt":"2025-09-29T15:52:28","slug":"erneuert-sennheiser-hd-450bt-kabellose-kopfhoerer-mit-aktiver-geraeuschunterdrueckung-sprachsteuerung-und-langer-batterielebensdauer-schwarz","status":"publish","type":"product","link":"https:\/\/www.techcloseoutlet.com\/index.php\/product\/erneuert-sennheiser-hd-450bt-kabellose-kopfhoerer-mit-aktiver-geraeuschunterdrueckung-sprachsteuerung-und-langer-batterielebensdauer-schwarz\/?lang=de","title":{"rendered":"erneuert Sennheiser HD 450BT Kabellose Kopfh\u00f6rer mit aktiver Ger\u00e4uschunterdr\u00fcckung, Sprachsteuerung und langer Batterielebensdauer, schwarz"},"content":{"rendered":"<ul class=\"a-unordered-list a-vertical a-spacing-mini\">\n<li class=\"a-spacing-mini\"><span class=\"a-list-item\">Active Noise Cancellation f\u00fcr ungest\u00f6rten H\u00f6rgenuss: Das geschlossene On-Ear Design liefert auch in lauten Umgebungen hochwertige Audioqualit\u00e4t<\/span><\/li>\n<li class=\"a-spacing-mini\"><span class=\"a-list-item\">Gro\u00dfartigerkvabelloser Klang mit individuellem Lautst\u00e4rkeregler, tiefen dynamischen B\u00e4ssen, hochwertiger Codec-Unterst\u00fctzung einschlie\u00dflich AAC und AptX Low Latency<\/span><\/li>\n<li class=\"a-spacing-mini\"><span class=\"a-list-item\">Zuverl\u00e4ssiger Partner in Alltag: Bleiben Sie immer in Verbindung mit 30 Stunden Akkulaufzeit mit aktiviertem ANC und einer kurzen Ladezeit von 2 Stunden<\/span><\/li>\n<li class=\"a-spacing-mini\"><span class=\"a-list-item\">Personalisieren Sie Ihr Klangerlebnis: Sennheiser Smart Control App-Unterst\u00fctzung in 8 Sprachen bietet einen Equalizer, Podcast-Modus und Firmware-Updates. Bluetooth Version: 5.0<\/span><\/li>\n<li class=\"a-spacing-mini\"><span class=\"a-list-item\">Intuitive Bedienelemente an den H\u00f6rmuscheln: einschlie\u00dflich virtueller Assistenten-Tastschalter f\u00fcr Siri und Google Assistant<\/span><\/li>\n<li class=\"a-spacing-mini\"><span class=\"a-list-item\">H\u00f6rerlebnis der ganz besonderen Art, Faltbares Design<\/span><\/li>\n<\/ul>\n","protected":false},"excerpt":{"rendered":"<p>Active Noise Cancellation f\u00fcr ungest\u00f6rten H\u00f6rgenuss: Das geschlossene On-Ear Design liefert auch in lauten Umgebungen hochwertige Audioqualit\u00e4t<br \/>\nGro\u00dfartigerkvabelloser Klang mit individuellem Lautst\u00e4rkeregler, tiefen dynamischen B\u00e4ssen, hochwertiger Codec-Unterst\u00fctzung einschlie\u00dflich AAC und AptX Low Latency<br \/>\nZuverl\u00e4ssiger Partner in Alltag: Bleiben Sie immer in Verbindung mit 30 Stunden Akkulaufzeit mit aktiviertem ANC und einer kurzen Ladezeit von 2 Stunden<br \/>\nPersonalisieren Sie Ihr Klangerlebnis: Sennheiser Smart Control App-Unterst\u00fctzung in 8 Sprachen bietet einen Equalizer, Podcast-Modus und Firmware-Updates. Bluetooth Version: 5.0<br \/>\nIntuitive Bedienelemente an den H\u00f6rmuscheln: einschlie\u00dflich virtueller Assistenten-Tastschalter f\u00fcr Siri und Google Assistant<br \/>\nH\u00f6rerlebnis der ganz besonderen Art, Faltbares Design<\/p>\n","protected":false},"featured_media":49811,"comment_status":"open","ping_status":"closed","template":"","meta":[],"product_brand":[],"product_cat":[48],"product_tag":[],"woo-feed-brand":[],"class_list":{"0":"post-49813","1":"product","2":"type-product","3":"status-publish","4":"has-post-thumbnail","6":"product_cat-kopfhorer","8":"entry","9":"has-media","11":"first","12":"instock","13":"sale","14":"taxable","15":"shipping-taxable","16":"purchasable","17":"product-type-simple","18":"has-product-nav","19":"col","20":"span_1_of_3","21":"owp-content-center","22":"owp-thumbs-layout-horizontal","23":"owp-btn-normal","24":"owp-tabs-layout-horizontal","25":"has-no-thumbnails"},"exclude_global_add_ons":[],"addons":[],"jetpack_sharing_enabled":true,"_links":{"self":[{"href":"https:\/\/www.techcloseoutlet.com\/index.php\/wp-json\/wp\/v2\/product\/49813","targetHints":{"allow":["GET"]}}],"collection":[{"href":"https:\/\/www.techcloseoutlet.com\/index.php\/wp-json\/wp\/v2\/product"}],"about":[{"href":"https:\/\/www.techcloseoutlet.com\/index.php\/wp-json\/wp\/v2\/types\/product"}],"replies":[{"embeddable":true,"href":"https:\/\/www.techcloseoutlet.com\/index.php\/wp-json\/wp\/v2\/comments?post=49813"}],"wp:featuredmedia":[{"embeddable":true,"href":"https:\/\/www.techcloseoutlet.com\/index.php\/wp-json\/wp\/v2\/media\/49811"}],"wp:attachment":[{"href":"https:\/\/www.techcloseoutlet.com\/index.php\/wp-json\/wp\/v2\/media?parent=49813"}],"wp:term":[{"taxonomy":"product_brand","embeddable":true,"href":"https:\/\/www.techcloseoutlet.com\/index.php\/wp-json\/wp\/v2\/product_brand?post=49813"},{"taxonomy":"product_cat","embeddable":true,"href":"https:\/\/www.techcloseoutlet.com\/index.php\/wp-json\/wp\/v2\/product_cat?post=49813"},{"taxonomy":"product_tag","embeddable":true,"href":"https:\/\/www.techcloseoutlet.com\/index.php\/wp-json\/wp\/v2\/product_tag?post=49813"},{"taxonomy":"woo-feed-brand","embeddable":true,"href":"https:\/\/www.techcloseoutlet.com\/index.php\/wp-json\/wp\/v2\/woo-feed-brand?post=49813"}],"curies":[{"name":"wp","href":"https:\/\/api.w.org\/{rel}","templated":true}]}}