{"id":49700,"date":"2025-09-27T16:09:35","date_gmt":"2025-09-27T16:09:35","guid":{"rendered":"https:\/\/www.techcloseoutlet.com\/index.php\/product\/jbl-tune-760nc-kabellose-over-ear-bluetooth-kopfhoerer-mit-geraeuschunterdrueckung-schwarz-erneuert\/"},"modified":"2025-09-27T16:09:35","modified_gmt":"2025-09-27T16:09:35","slug":"jbl-tune-760nc-kabellose-over-ear-bluetooth-kopfhoerer-mit-geraeuschunterdrueckung-schwarz-erneuert","status":"publish","type":"product","link":"https:\/\/www.techcloseoutlet.com\/index.php\/product\/jbl-tune-760nc-kabellose-over-ear-bluetooth-kopfhoerer-mit-geraeuschunterdrueckung-schwarz-erneuert\/?lang=de","title":{"rendered":"JBL Tune 760NC Kabellose Over-Ear-Bluetooth-Kopfh\u00f6rer mit Ger\u00e4uschunterdr\u00fcckung \u2013 Schwarz (erneuert)"},"content":{"rendered":"<p>AKTIVE GER\u00c4USCHUNTERDR\u00dcCKUNG: H\u00f6ren Sie Ihre Musik. Blenden Sie den L\u00e4rm aus.<\/p>\n<p>JBL PURE BASS SOUND: Seit \u00fcber 70 Jahren entwickelt JBL den pr\u00e4zisen, beeindruckenden Sound, der in gro\u00dfen Veranstaltungsorten weltweit zu finden ist. Diese Kopfh\u00f6rer reproduzieren denselben JBL-Sound mit satten und kraftvollen B\u00e4ssen.<\/p>\n<p>35 STUNDEN AKKULAUFZEIT MIT BT+NC | 2 STUNDEN LADEZEIT: Genie\u00dfen Sie 35 Stunden kabellosen Musikgenuss mit aktiver Ger\u00e4uschunterdr\u00fcckung f\u00fcr langanhaltenden H\u00f6rgenuss oder 50 Stunden ohne ANC. Der Akku ist in nur 2 Stunden wiederaufladbar.<\/p>\n<p>FREISPRECHFUNKTION UND SPRACHSTEUERUNG: Steuern Sie Ihren Sound, verwalten Sie Ihre Anrufe und aktivieren Sie Sprachassistenten ganz einfach \u00fcber Ihre Kopfh\u00f6rer \u2013 mit der Taste an der Ohrmuschel.<\/p>\n<p>LEICHTGEWICHTIGES UND FALTBARES DESIGN: Dank des leichten und kompakten, faltbaren Designs sind diese Kopfh\u00f6rer immer und \u00fcberall einsatzbereit.<\/p>\n","protected":false},"excerpt":{"rendered":"<p>AKTIVE GER\u00c4USCHUNTERDR\u00dcCKUNG: H\u00f6ren Sie Ihre Musik. Blenden Sie den L\u00e4rm aus.<\/p>\n<p>JBL PURE BASS SOUND: Seit \u00fcber 70 Jahren entwickelt JBL den pr\u00e4zisen, beeindruckenden Sound, der in gro\u00dfen Veranstaltungsorten weltweit zu finden ist. Diese Kopfh\u00f6rer reproduzieren denselben JBL-Sound mit satten und kraftvollen B\u00e4ssen.<\/p>\n<p>35 STUNDEN AKKULAUFZEIT MIT BT+NC | 2 STUNDEN LADEZEIT: Genie\u00dfen Sie 35 Stunden kabellosen Musikgenuss mit aktiver Ger\u00e4uschunterdr\u00fcckung f\u00fcr langanhaltenden H\u00f6rgenuss oder 50 Stunden ohne ANC. Der Akku ist in nur 2 Stunden wiederaufladbar.<\/p>\n<p>FREISPRECHFUNKTION UND SPRACHSTEUERUNG: Steuern Sie Ihren Sound, verwalten Sie Ihre Anrufe und aktivieren Sie Sprachassistenten ganz einfach \u00fcber Ihre Kopfh\u00f6rer \u2013 mit der Taste an der Ohrmuschel.<\/p>\n<p>LEICHTGEWICHTIGES UND FALTBARES DESIGN: Dank des leichten und kompakten, faltbaren Designs sind diese Kopfh\u00f6rer immer und \u00fcberall einsatzbereit.<\/p>\n","protected":false},"featured_media":49689,"comment_status":"open","ping_status":"closed","template":"","meta":[],"product_brand":[],"product_cat":[48],"product_tag":[],"woo-feed-brand":[],"class_list":{"0":"post-49700","1":"product","2":"type-product","3":"status-publish","4":"has-post-thumbnail","6":"product_cat-kopfhorer","8":"entry","9":"has-media","11":"first","12":"instock","13":"sale","14":"taxable","15":"shipping-taxable","16":"purchasable","17":"product-type-simple","18":"has-product-nav","19":"col","20":"span_1_of_3","21":"owp-content-center","22":"owp-thumbs-layout-horizontal","23":"owp-btn-normal","24":"owp-tabs-layout-horizontal","25":"has-no-thumbnails"},"exclude_global_add_ons":[],"addons":[],"jetpack_sharing_enabled":true,"_links":{"self":[{"href":"https:\/\/www.techcloseoutlet.com\/index.php\/wp-json\/wp\/v2\/product\/49700","targetHints":{"allow":["GET"]}}],"collection":[{"href":"https:\/\/www.techcloseoutlet.com\/index.php\/wp-json\/wp\/v2\/product"}],"about":[{"href":"https:\/\/www.techcloseoutlet.com\/index.php\/wp-json\/wp\/v2\/types\/product"}],"replies":[{"embeddable":true,"href":"https:\/\/www.techcloseoutlet.com\/index.php\/wp-json\/wp\/v2\/comments?post=49700"}],"wp:featuredmedia":[{"embeddable":true,"href":"https:\/\/www.techcloseoutlet.com\/index.php\/wp-json\/wp\/v2\/media\/49689"}],"wp:attachment":[{"href":"https:\/\/www.techcloseoutlet.com\/index.php\/wp-json\/wp\/v2\/media?parent=49700"}],"wp:term":[{"taxonomy":"product_brand","embeddable":true,"href":"https:\/\/www.techcloseoutlet.com\/index.php\/wp-json\/wp\/v2\/product_brand?post=49700"},{"taxonomy":"product_cat","embeddable":true,"href":"https:\/\/www.techcloseoutlet.com\/index.php\/wp-json\/wp\/v2\/product_cat?post=49700"},{"taxonomy":"product_tag","embeddable":true,"href":"https:\/\/www.techcloseoutlet.com\/index.php\/wp-json\/wp\/v2\/product_tag?post=49700"},{"taxonomy":"woo-feed-brand","embeddable":true,"href":"https:\/\/www.techcloseoutlet.com\/index.php\/wp-json\/wp\/v2\/woo-feed-brand?post=49700"}],"curies":[{"name":"wp","href":"https:\/\/api.w.org\/{rel}","templated":true}]}}