{"id":49699,"date":"2025-09-27T16:08:59","date_gmt":"2025-09-27T16:08:59","guid":{"rendered":"https:\/\/www.techcloseoutlet.com\/index.php\/product\/sony-wh-1000xm5-premium-kopfhoerer-mit-geraeuschunterdrueckung-auto-nc-optimierer-30-stunden-akku-alexa-sprachsteuerung-schwarz\/"},"modified":"2025-09-27T16:08:59","modified_gmt":"2025-09-27T16:08:59","slug":"sony-wh-1000xm5-premium-kopfhoerer-mit-geraeuschunterdrueckung-auto-nc-optimierer-30-stunden-akku-alexa-sprachsteuerung-schwarz","status":"publish","type":"product","link":"https:\/\/www.techcloseoutlet.com\/index.php\/product\/sony-wh-1000xm5-premium-kopfhoerer-mit-geraeuschunterdrueckung-auto-nc-optimierer-30-stunden-akku-alexa-sprachsteuerung-schwarz\/?lang=de","title":{"rendered":"Sony WH-1000XM5 Premium-Kopfh\u00f6rer mit Ger\u00e4uschunterdr\u00fcckung, Auto-NC-Optimierer, 30-Stunden-Akku, Alexa-Sprachsteuerung, Schwarz"},"content":{"rendered":"<p>GER\u00c4USCHUNTERDR\u00dcCKUNG: Tauchen Sie mit dem ger\u00e4uschunterdr\u00fcckenden Kopfh\u00f6rer Sony WH-1000XM5 in die Welt der Musik ein. Er verf\u00fcgt \u00fcber eine fortschrittliche Ger\u00e4uschunterdr\u00fcckungsfunktion, die von zwei Prozessoren gesteuert wird, die acht Mikrofone steuern. Erleben Sie die Magie der Bluetooth-Technologie f\u00fcr ger\u00e4uschunterdr\u00fcckende Kopfh\u00f6rer und genie\u00dfen Sie ein ununterbrochenes H\u00f6rerlebnis ohne externe St\u00f6rungen. Dieses einzigartige, ablenkungsfreie H\u00f6rerlebnis hebt den Sony WH-1000XM5 von anderen Kopfh\u00f6rern auf dem Markt ab.<\/p>\n<p>LANGE AKKULAUFZEIT: Mit dem Sony WH-1000XM5, einem kabellosen Headset mit bis zu 30 Stunden Wiedergabezeit pro Ladung, m\u00fcssen Sie sich keine Sorgen um den Akku machen. Dieser Kopfh\u00f6rer verf\u00fcgt au\u00dferdem \u00fcber eine Schnellladefunktion, die mit nur 3 Minuten Ladezeit 3 \u200b\u200bStunden Wiedergabezeit erm\u00f6glicht und so ununterbrochenen Musikgenuss garantiert. (USB-Typ-C-Kabel im Lieferumfang enthalten).<\/p>\n<p>KOMFORT &amp; STIL: Erleben Sie die perfekte Kombination aus Komfort und Stil mit dem leichten Design und dem weichen Leder des Sony WH-1000XM5. Diese Kopfh\u00f6rer sind auf maximalen Tragekomfort ausgelegt und erm\u00f6glichen Ihnen, sie auch \u00fcber l\u00e4ngere Zeit ohne Beschwerden zu tragen. Klangqualit\u00e4t und Komfort gehen bei diesen Kopfh\u00f6rern Hand in Hand und machen sie zur idealen Wahl f\u00fcr Musikliebhaber.<\/p>\n<p>FREISPRECHFUNKTION: Tauchen Sie ein in die Zukunft der Kommunikation mit dem Sony WH-1000XM5, einem Over-Ear-Kopfh\u00f6rer, der kristallklares Freisprechen erm\u00f6glicht. Er ist mit vier Beamforming-Mikrofonen und fortschrittlicher Audiosignalverarbeitung ausgestattet. Diese Over-Ear-Kopfh\u00f6rer sorgen daf\u00fcr, dass Ihre Stimme auch in lauten Umgebungen klar und deutlich geh\u00f6rt wird. Diese Funktion ist ein Segen f\u00fcr Berufst\u00e4tige und Privatpersonen, die Wert auf klare, kristallklare Kommunikation legen.<\/p>\n<p>TOUCH-STEUERUNG: Steuern Sie Ihre Musik mit der intuitiven Touch-Steuerung des Sony WH-1000XM5. Mit einer einfachen Ber\u00fchrung k\u00f6nnen Sie pausieren, abspielen, Titel \u00fcberspringen, die Lautst\u00e4rke regeln, Ihren Sprachassistenten aktivieren und Anrufe entgegennehmen. Diese Funktion macht den Sony WH-1000XM5 zu einem Muss f\u00fcr alle, die Wert auf Komfort und Kontrolle legen.<\/p>\n","protected":false},"excerpt":{"rendered":"<p>GER\u00c4USCHUNTERDR\u00dcCKUNG: Tauchen Sie mit dem ger\u00e4uschunterdr\u00fcckenden Kopfh\u00f6rer Sony WH-1000XM5 in die Welt der Musik ein. Er verf\u00fcgt \u00fcber eine fortschrittliche Ger\u00e4uschunterdr\u00fcckungsfunktion, die von zwei Prozessoren gesteuert wird, die acht Mikrofone steuern. Erleben Sie die Magie der Bluetooth-Technologie f\u00fcr ger\u00e4uschunterdr\u00fcckende Kopfh\u00f6rer und genie\u00dfen Sie ein ununterbrochenes H\u00f6rerlebnis ohne externe St\u00f6rungen. Dieses einzigartige, ablenkungsfreie H\u00f6rerlebnis hebt den Sony WH-1000XM5 von anderen Kopfh\u00f6rern auf dem Markt ab.<\/p>\n<p>LANGE AKKULAUFZEIT: Mit dem Sony WH-1000XM5, einem kabellosen Headset mit bis zu 30 Stunden Wiedergabezeit pro Ladung, m\u00fcssen Sie sich keine Sorgen um den Akku machen. Dieser Kopfh\u00f6rer verf\u00fcgt au\u00dferdem \u00fcber eine Schnellladefunktion, die mit nur 3 Minuten Ladezeit 3 \u200b\u200bStunden Wiedergabezeit erm\u00f6glicht und so ununterbrochenen Musikgenuss garantiert. (USB-Typ-C-Kabel im Lieferumfang enthalten).<\/p>\n<p>KOMFORT &#038; STIL: Erleben Sie die perfekte Kombination aus Komfort und Stil mit dem leichten Design und dem weichen Leder des Sony WH-1000XM5. Diese Kopfh\u00f6rer sind auf maximalen Tragekomfort ausgelegt und erm\u00f6glichen Ihnen, sie auch \u00fcber l\u00e4ngere Zeit ohne Beschwerden zu tragen. Klangqualit\u00e4t und Komfort gehen bei diesen Kopfh\u00f6rern Hand in Hand und machen sie zur idealen Wahl f\u00fcr Musikliebhaber.<\/p>\n<p>FREISPRECHFUNKTION: Tauchen Sie ein in die Zukunft der Kommunikation mit dem Sony WH-1000XM5, einem Over-Ear-Kopfh\u00f6rer, der kristallklares Freisprechen erm\u00f6glicht. Er ist mit vier Beamforming-Mikrofonen und fortschrittlicher Audiosignalverarbeitung ausgestattet. Diese Over-Ear-Kopfh\u00f6rer sorgen daf\u00fcr, dass Ihre Stimme auch in lauten Umgebungen klar und deutlich geh\u00f6rt wird. Diese Funktion ist ein Segen f\u00fcr Berufst\u00e4tige und Privatpersonen, die Wert auf klare, kristallklare Kommunikation legen.<\/p>\n<p>TOUCH-STEUERUNG: Steuern Sie Ihre Musik mit der intuitiven Touch-Steuerung des Sony WH-1000XM5. Mit einer einfachen Ber\u00fchrung k\u00f6nnen Sie pausieren, abspielen, Titel \u00fcberspringen, die Lautst\u00e4rke regeln, Ihren Sprachassistenten aktivieren und Anrufe entgegennehmen. Diese Funktion macht den Sony WH-1000XM5 zu einem Muss f\u00fcr alle, die Wert auf Komfort und Kontrolle legen.<\/p>\n","protected":false},"featured_media":49683,"comment_status":"open","ping_status":"closed","template":"","meta":[],"product_brand":[],"product_cat":[48],"product_tag":[],"woo-feed-brand":[],"class_list":{"0":"post-49699","1":"product","2":"type-product","3":"status-publish","4":"has-post-thumbnail","6":"product_cat-kopfhorer","8":"entry","9":"has-media","11":"first","12":"instock","13":"sale","14":"taxable","15":"shipping-taxable","16":"purchasable","17":"product-type-simple","18":"has-product-nav","19":"col","20":"span_1_of_3","21":"owp-content-center","22":"owp-thumbs-layout-horizontal","23":"owp-btn-normal","24":"owp-tabs-layout-horizontal","25":"has-no-thumbnails"},"exclude_global_add_ons":[],"addons":[],"jetpack_sharing_enabled":true,"_links":{"self":[{"href":"https:\/\/www.techcloseoutlet.com\/index.php\/wp-json\/wp\/v2\/product\/49699","targetHints":{"allow":["GET"]}}],"collection":[{"href":"https:\/\/www.techcloseoutlet.com\/index.php\/wp-json\/wp\/v2\/product"}],"about":[{"href":"https:\/\/www.techcloseoutlet.com\/index.php\/wp-json\/wp\/v2\/types\/product"}],"replies":[{"embeddable":true,"href":"https:\/\/www.techcloseoutlet.com\/index.php\/wp-json\/wp\/v2\/comments?post=49699"}],"wp:featuredmedia":[{"embeddable":true,"href":"https:\/\/www.techcloseoutlet.com\/index.php\/wp-json\/wp\/v2\/media\/49683"}],"wp:attachment":[{"href":"https:\/\/www.techcloseoutlet.com\/index.php\/wp-json\/wp\/v2\/media?parent=49699"}],"wp:term":[{"taxonomy":"product_brand","embeddable":true,"href":"https:\/\/www.techcloseoutlet.com\/index.php\/wp-json\/wp\/v2\/product_brand?post=49699"},{"taxonomy":"product_cat","embeddable":true,"href":"https:\/\/www.techcloseoutlet.com\/index.php\/wp-json\/wp\/v2\/product_cat?post=49699"},{"taxonomy":"product_tag","embeddable":true,"href":"https:\/\/www.techcloseoutlet.com\/index.php\/wp-json\/wp\/v2\/product_tag?post=49699"},{"taxonomy":"woo-feed-brand","embeddable":true,"href":"https:\/\/www.techcloseoutlet.com\/index.php\/wp-json\/wp\/v2\/woo-feed-brand?post=49699"}],"curies":[{"name":"wp","href":"https:\/\/api.w.org\/{rel}","templated":true}]}}