{"id":49698,"date":"2025-09-27T16:06:58","date_gmt":"2025-09-27T16:06:58","guid":{"rendered":"https:\/\/www.techcloseoutlet.com\/index.php\/product\/jbl-vibe-wave-beam-echte-kabellose-jbl-deep-bass-sound-ohrhoerer-bluetooth-5-2-wasser-und-staubdicht-freisprechfunktion-mit-voiceaware-bis-zu-32-stunden-akkulaufzeit-schwarz\/"},"modified":"2025-09-27T16:06:58","modified_gmt":"2025-09-27T16:06:58","slug":"jbl-vibe-wave-beam-echte-kabellose-jbl-deep-bass-sound-ohrhoerer-bluetooth-5-2-wasser-und-staubdicht-freisprechfunktion-mit-voiceaware-bis-zu-32-stunden-akkulaufzeit-schwarz","status":"publish","type":"product","link":"https:\/\/www.techcloseoutlet.com\/index.php\/product\/jbl-vibe-wave-beam-echte-kabellose-jbl-deep-bass-sound-ohrhoerer-bluetooth-5-2-wasser-und-staubdicht-freisprechfunktion-mit-voiceaware-bis-zu-32-stunden-akkulaufzeit-schwarz\/?lang=de","title":{"rendered":"JBL Vibe Wave Beam \u2013 Echte kabellose JBL Deep Bass Sound-Ohrh\u00f6rer, Bluetooth 5.2, wasser- und staubdicht, Freisprechfunktion mit VoiceAware, bis zu 32 Stunden Akkulaufzeit (Schwarz)"},"content":{"rendered":"<p>JBL Deep Bass Sound: Holen Sie das Beste aus Ihren Mixen heraus \u2013 mit hochwertigem Klang aus sicheren, zuverl\u00e4ssigen Ohrh\u00f6rern mit 8-mm-Treibern und JBL Deep Bass Sound.<\/p>\n<p>Angenehmer Sitz: Das ergonomische, geschlossene Design des JBL Vibe Beam sitzt so bequem, dass Sie fast vergessen, dass Sie ihn tragen. Das geschlossene Design schlie\u00dft Au\u00dfenger\u00e4usche aus und verbessert so die Bassleistung.<\/p>\n<p>Bis zu 32 (8 + 24) Stunden Akkulaufzeit und Schnellladefunktion: Mit 8 Stunden Akkulaufzeit in den Ohrh\u00f6rern und 24 Stunden im Ladecase bietet der JBL Vibe Beam ganzt\u00e4gigen Sound. Wenn Sie mehr Leistung ben\u00f6tigen, k\u00f6nnen Sie ihn in nur 10 Minuten f\u00fcr weitere zwei Stunden schnellladen.<\/p>\n<p>Freisprechen mit VoiceAware: Wenn Sie unterwegs freih\u00e4ndig Stereo telefonieren, k\u00f6nnen Sie mit VoiceAware die Lautst\u00e4rke Ihrer eigenen Stimme im Gespr\u00e4ch mit anderen anpassen.<br \/>\nWasser- und staubdicht: Vom Strand bis zum Radweg sind die IP54-zertifizierten Ohrh\u00f6rer und das IPX2-Ladeetui wasser- und staubdicht f\u00fcr ganzt\u00e4gige Erlebnisse.<\/p>\n","protected":false},"excerpt":{"rendered":"<p>JBL Deep Bass Sound: Holen Sie das Beste aus Ihren Mixen heraus \u2013 mit hochwertigem Klang aus sicheren, zuverl\u00e4ssigen Ohrh\u00f6rern mit 8-mm-Treibern und JBL Deep Bass Sound.<\/p>\n<p>Angenehmer Sitz: Das ergonomische, geschlossene Design des JBL Vibe Beam sitzt so bequem, dass Sie fast vergessen, dass Sie ihn tragen. Das geschlossene Design schlie\u00dft Au\u00dfenger\u00e4usche aus und verbessert so die Bassleistung.<\/p>\n<p>Bis zu 32 (8 + 24) Stunden Akkulaufzeit und Schnellladefunktion: Mit 8 Stunden Akkulaufzeit in den Ohrh\u00f6rern und 24 Stunden im Ladecase bietet der JBL Vibe Beam ganzt\u00e4gigen Sound. Wenn Sie mehr Leistung ben\u00f6tigen, k\u00f6nnen Sie ihn in nur 10 Minuten f\u00fcr weitere zwei Stunden schnellladen.<\/p>\n<p>Freisprechen mit VoiceAware: Wenn Sie unterwegs freih\u00e4ndig Stereo telefonieren, k\u00f6nnen Sie mit VoiceAware die Lautst\u00e4rke Ihrer eigenen Stimme im Gespr\u00e4ch mit anderen anpassen.<br \/>\nWasser- und staubdicht: Vom Strand bis zum Radweg sind die IP54-zertifizierten Ohrh\u00f6rer und das IPX2-Ladeetui wasser- und staubdicht f\u00fcr ganzt\u00e4gige Erlebnisse.<\/p>\n","protected":false},"featured_media":49679,"comment_status":"open","ping_status":"closed","template":"","meta":[],"product_brand":[],"product_cat":[48],"product_tag":[],"woo-feed-brand":[],"class_list":{"0":"post-49698","1":"product","2":"type-product","3":"status-publish","4":"has-post-thumbnail","6":"product_cat-kopfhorer","8":"entry","9":"has-media","11":"first","12":"instock","13":"sale","14":"taxable","15":"shipping-taxable","16":"purchasable","17":"product-type-simple","18":"has-product-nav","19":"col","20":"span_1_of_3","21":"owp-content-center","22":"owp-thumbs-layout-horizontal","23":"owp-btn-normal","24":"owp-tabs-layout-horizontal","25":"has-no-thumbnails"},"exclude_global_add_ons":[],"addons":[],"jetpack_sharing_enabled":true,"_links":{"self":[{"href":"https:\/\/www.techcloseoutlet.com\/index.php\/wp-json\/wp\/v2\/product\/49698","targetHints":{"allow":["GET"]}}],"collection":[{"href":"https:\/\/www.techcloseoutlet.com\/index.php\/wp-json\/wp\/v2\/product"}],"about":[{"href":"https:\/\/www.techcloseoutlet.com\/index.php\/wp-json\/wp\/v2\/types\/product"}],"replies":[{"embeddable":true,"href":"https:\/\/www.techcloseoutlet.com\/index.php\/wp-json\/wp\/v2\/comments?post=49698"}],"wp:featuredmedia":[{"embeddable":true,"href":"https:\/\/www.techcloseoutlet.com\/index.php\/wp-json\/wp\/v2\/media\/49679"}],"wp:attachment":[{"href":"https:\/\/www.techcloseoutlet.com\/index.php\/wp-json\/wp\/v2\/media?parent=49698"}],"wp:term":[{"taxonomy":"product_brand","embeddable":true,"href":"https:\/\/www.techcloseoutlet.com\/index.php\/wp-json\/wp\/v2\/product_brand?post=49698"},{"taxonomy":"product_cat","embeddable":true,"href":"https:\/\/www.techcloseoutlet.com\/index.php\/wp-json\/wp\/v2\/product_cat?post=49698"},{"taxonomy":"product_tag","embeddable":true,"href":"https:\/\/www.techcloseoutlet.com\/index.php\/wp-json\/wp\/v2\/product_tag?post=49698"},{"taxonomy":"woo-feed-brand","embeddable":true,"href":"https:\/\/www.techcloseoutlet.com\/index.php\/wp-json\/wp\/v2\/woo-feed-brand?post=49698"}],"curies":[{"name":"wp","href":"https:\/\/api.w.org\/{rel}","templated":true}]}}