{"id":49697,"date":"2025-09-27T16:06:24","date_gmt":"2025-09-27T16:06:24","guid":{"rendered":"https:\/\/www.techcloseoutlet.com\/index.php\/product\/samsung-galaxy-buds-3-pro-ai-true-wireless-bluetooth-ohrhoerer-geraeuschunterdrueckung-klangoptimierung-neu-gestaltete-komfortpassform-silber\/"},"modified":"2025-09-27T16:06:24","modified_gmt":"2025-09-27T16:06:24","slug":"samsung-galaxy-buds-3-pro-ai-true-wireless-bluetooth-ohrhoerer-geraeuschunterdrueckung-klangoptimierung-neu-gestaltete-komfortpassform-silber","status":"publish","type":"product","link":"https:\/\/www.techcloseoutlet.com\/index.php\/product\/samsung-galaxy-buds-3-pro-ai-true-wireless-bluetooth-ohrhoerer-geraeuschunterdrueckung-klangoptimierung-neu-gestaltete-komfortpassform-silber\/?lang=de","title":{"rendered":"Samsung Galaxy Buds 3 Pro AI True Wireless Bluetooth-Ohrh\u00f6rer, Ger\u00e4uschunterdr\u00fcckung, Klangoptimierung, neu gestaltete Komfortpassform, Silber"},"content":{"rendered":"<p>NEU GESTALTET F\u00dcR BESTEN KLANG: Behalten Sie Ihre Galaxy Buds3 Pro im Blick \u2013 mit einem Design, das lang anhaltenden Komfort f\u00fcr ein intensives H\u00f6rerlebnis bietet.<\/p>\n<p>EIN SCHLANKES DESIGN F\u00dcR GL\u00c4NZENDE H\u00d6HE: Lassen Sie Ihren Sound genauso gl\u00e4nzen wie Sie selbst \u2013 mit den leuchtenden Buds3 Pro\u00b9.<\/p>\n<p>KLANG, DER SICH AN IHRE UMGEBUNG ANPASST: Tauchen Sie ein und bleiben Sie dank der adaptiven aktiven Ger\u00e4uschunterdr\u00fcckung mit Galaxy AI\u00b2 aufmerksam f\u00fcr Ihre Umgebung. Ihre Buds passen sich automatisch an, damit Sie das Wesentliche h\u00f6ren\u00b2.<\/p>\n<p>KLANG, DER PERFEKT AUF SIE ZUGESCHNITTEN IST: Tauchen Sie ein in das beste H\u00f6rerlebnis, egal wie Sie Ihre Galaxy Buds3 Pro tragen. Ein adaptiver Equalizer zur Klangoptimierung mit Galaxy AI erm\u00f6glicht Ihnen, das Beste aus Ihrem Klang herauszuholen\u00b2.<\/p>\n<p>EXKLUSIVE 2-JAHRES-GARANTIE: Beinhaltet eine 2-j\u00e4hrige eingeschr\u00e4nkte Samsung-Garantie (exklusiv bei Amazon)\u2075.<br \/>\nSOUND, DER SIE MITREISST: Ihre Lieblingsinhalte verdienen unseren besten und eindringlichsten Klang\u00b9.<\/p>\n<p>Sie sagen \u201eHola\u201c, Sie h\u00f6ren \u201eHallo\u201c: H\u00f6ren Sie \u00dcbersetzungen w\u00e4hrend pers\u00f6nlicher Gespr\u00e4che \u00fcber Ihre Galaxy Buds mit dem Echtzeit-Interpreter mit Galaxy AI\u00b3.<\/p>\n","protected":false},"excerpt":{"rendered":"<p>NEU GESTALTET F\u00dcR BESTEN KLANG: Behalten Sie Ihre Galaxy Buds3 Pro im Blick \u2013 mit einem Design, das lang anhaltenden Komfort f\u00fcr ein intensives H\u00f6rerlebnis bietet.<\/p>\n<p>EIN SCHLANKES DESIGN F\u00dcR GL\u00c4NZENDE H\u00d6HE: Lassen Sie Ihren Sound genauso gl\u00e4nzen wie Sie selbst \u2013 mit den leuchtenden Buds3 Pro\u00b9.<\/p>\n<p>KLANG, DER SICH AN IHRE UMGEBUNG ANPASST: Tauchen Sie ein und bleiben Sie dank der adaptiven aktiven Ger\u00e4uschunterdr\u00fcckung mit Galaxy AI\u00b2 aufmerksam f\u00fcr Ihre Umgebung. Ihre Buds passen sich automatisch an, damit Sie das Wesentliche h\u00f6ren\u00b2.<\/p>\n<p>KLANG, DER PERFEKT AUF SIE ZUGESCHNITTEN IST: Tauchen Sie ein in das beste H\u00f6rerlebnis, egal wie Sie Ihre Galaxy Buds3 Pro tragen. Ein adaptiver Equalizer zur Klangoptimierung mit Galaxy AI erm\u00f6glicht Ihnen, das Beste aus Ihrem Klang herauszuholen\u00b2.<\/p>\n<p>EXKLUSIVE 2-JAHRES-GARANTIE: Beinhaltet eine 2-j\u00e4hrige eingeschr\u00e4nkte Samsung-Garantie (exklusiv bei Amazon)\u2075.<br \/>\nSOUND, DER SIE MITREISST: Ihre Lieblingsinhalte verdienen unseren besten und eindringlichsten Klang\u00b9.<\/p>\n<p>Sie sagen \u201eHola\u201c, Sie h\u00f6ren \u201eHallo\u201c: H\u00f6ren Sie \u00dcbersetzungen w\u00e4hrend pers\u00f6nlicher Gespr\u00e4che \u00fcber Ihre Galaxy Buds mit dem Echtzeit-Interpreter mit Galaxy AI\u00b3.<\/p>\n","protected":false},"featured_media":49674,"comment_status":"open","ping_status":"closed","template":"","meta":[],"product_brand":[],"product_cat":[48],"product_tag":[],"woo-feed-brand":[],"class_list":{"0":"post-49697","1":"product","2":"type-product","3":"status-publish","4":"has-post-thumbnail","6":"product_cat-kopfhorer","8":"entry","9":"has-media","11":"first","12":"instock","13":"sale","14":"taxable","15":"shipping-taxable","16":"purchasable","17":"product-type-simple","18":"has-product-nav","19":"col","20":"span_1_of_3","21":"owp-content-center","22":"owp-thumbs-layout-horizontal","23":"owp-btn-normal","24":"owp-tabs-layout-horizontal","25":"has-no-thumbnails"},"exclude_global_add_ons":[],"addons":[],"jetpack_sharing_enabled":true,"_links":{"self":[{"href":"https:\/\/www.techcloseoutlet.com\/index.php\/wp-json\/wp\/v2\/product\/49697","targetHints":{"allow":["GET"]}}],"collection":[{"href":"https:\/\/www.techcloseoutlet.com\/index.php\/wp-json\/wp\/v2\/product"}],"about":[{"href":"https:\/\/www.techcloseoutlet.com\/index.php\/wp-json\/wp\/v2\/types\/product"}],"replies":[{"embeddable":true,"href":"https:\/\/www.techcloseoutlet.com\/index.php\/wp-json\/wp\/v2\/comments?post=49697"}],"wp:featuredmedia":[{"embeddable":true,"href":"https:\/\/www.techcloseoutlet.com\/index.php\/wp-json\/wp\/v2\/media\/49674"}],"wp:attachment":[{"href":"https:\/\/www.techcloseoutlet.com\/index.php\/wp-json\/wp\/v2\/media?parent=49697"}],"wp:term":[{"taxonomy":"product_brand","embeddable":true,"href":"https:\/\/www.techcloseoutlet.com\/index.php\/wp-json\/wp\/v2\/product_brand?post=49697"},{"taxonomy":"product_cat","embeddable":true,"href":"https:\/\/www.techcloseoutlet.com\/index.php\/wp-json\/wp\/v2\/product_cat?post=49697"},{"taxonomy":"product_tag","embeddable":true,"href":"https:\/\/www.techcloseoutlet.com\/index.php\/wp-json\/wp\/v2\/product_tag?post=49697"},{"taxonomy":"woo-feed-brand","embeddable":true,"href":"https:\/\/www.techcloseoutlet.com\/index.php\/wp-json\/wp\/v2\/woo-feed-brand?post=49697"}],"curies":[{"name":"wp","href":"https:\/\/api.w.org\/{rel}","templated":true}]}}