{"id":49488,"date":"2025-09-20T14:53:26","date_gmt":"2025-09-20T14:53:26","guid":{"rendered":"https:\/\/www.techcloseoutlet.com\/index.php\/product\/logitech-g-pro-x-se-kabelgebundenes-gaming-headset-mit-mikrofon-abnehmbares-mikrofon-dts-headphonex-7-1-inkl-usb-dac-fuer-pc-xbox-one-xbox-series-xs-ps5-ps4-schwarz\/"},"modified":"2025-09-20T14:53:26","modified_gmt":"2025-09-20T14:53:26","slug":"logitech-g-pro-x-se-kabelgebundenes-gaming-headset-mit-mikrofon-abnehmbares-mikrofon-dts-headphonex-7-1-inkl-usb-dac-fuer-pc-xbox-one-xbox-series-xs-ps5-ps4-schwarz","status":"publish","type":"product","link":"https:\/\/www.techcloseoutlet.com\/index.php\/product\/logitech-g-pro-x-se-kabelgebundenes-gaming-headset-mit-mikrofon-abnehmbares-mikrofon-dts-headphonex-7-1-inkl-usb-dac-fuer-pc-xbox-one-xbox-series-xs-ps5-ps4-schwarz\/?lang=de","title":{"rendered":"Logitech G Pro X SE Kabelgebundenes Gaming Headset mit Mikrofon: Abnehmbares Mikrofon, DTS Headphone:X 7.1, inkl. USB DAC, f\u00fcr PC, Xbox One, Xbox Series X|S, PS5, PS4 &#8211; Schwarz"},"content":{"rendered":"<ul class=\"a-unordered-list a-vertical a-spacing-mini\">\n<li class=\"a-spacing-mini\"><span class=\"a-list-item\">SPRACHKOMMUNIKATION IN BROADCAST-QUALIT\u00c4T Das abnehmbare 6-mm-Mikrofon verf\u00fcgt \u00fcber die Blue Voice Technologie in Echtzeit, einschlie\u00dflich Rauschunterdr\u00fcckung, Kompressor und mehr f\u00fcr saubere, professionell klingende Sprachkommunikation*.<\/span><\/li>\n<li class=\"a-spacing-mini\"><span class=\"a-list-item\">7.1 Surround-Sound: Dieses PC-Gaming-Headset mit Mikrofon ist mit 7.1- und objektbasiertem Surround-Sound ausgestattet, um die Positions-, Entfernungs- und Objektwahrnehmung im Spiel zu verbessern*.<\/span><\/li>\n<li class=\"a-spacing-mini\"><span class=\"a-list-item\">LANGLEBIG UND KOMFORTABEL Die langlebige Aluminiumgabel und der Stahlkopfb\u00fcgel sowie die weichen Memoryschaum-Ohrpolster mit Kunstleder sorgen f\u00fcr ganzt\u00e4gigen Komfort.<\/span><\/li>\n<li class=\"a-spacing-mini\"><span class=\"a-list-item\">Klarer Klang: PRO-G 50-mm-Lautsprecher liefern ein klares und pr\u00e4zises Klangbild mit verbesserter Basswiedergabe; h\u00f6re Schritte und Umgebungsger\u00e4usche klar und deutlich, um dir einen Wettbewerbsvorteil im Spiel zu verschaffen<\/span><\/li>\n<li class=\"a-spacing-mini\"><span class=\"a-list-item\">Integrierter Speicher: Externe USB-Soundkarte mit EQ-Profilspeicher f\u00fcr Spielesound und Sprachkommunikation auf Turnierniveau; speichere EQ-Einstellungen mit Logitech G HUB* auf dem integrierten Speicher<\/span><\/li>\n<li class=\"a-spacing-mini\"><span class=\"a-list-item\">Benutzerdefinierte EQ- und Surround-Einstellungen: Lege benutzerdefinierte EQ- und Surround-Einstellungen fest; mit dem integrierten Speicher kannst du benutzerdefinierte oder professionelle 5-Band-EQ-Einstellungen f\u00fcr den Turniereinsatz speichern<\/span><\/li>\n<li class=\"a-spacing-mini\"><span class=\"a-list-item\">Verbindung: Anschluss des kabelgebundenen Headsets \u00fcber 3,5 mm Buchse oder USB; externe USB-Soundkarte, abnehmbares Mikrofon, PC-\/Konsolenkabel mit Inline-Lautst\u00e4rke und Stummschalttaste (2 m) und Y-Splitterkabel im Lieferumfang enthalten<\/span><\/li>\n<\/ul>\n","protected":false},"excerpt":{"rendered":"<p>SPRACHKOMMUNIKATION IN BROADCAST-QUALIT\u00c4T Das abnehmbare 6-mm-Mikrofon verf\u00fcgt \u00fcber die Blue Voice Technologie in Echtzeit, einschlie\u00dflich Rauschunterdr\u00fcckung, Kompressor und mehr f\u00fcr saubere, professionell klingende Sprachkommunikation*.<br \/>\n7.1 Surround-Sound: Dieses PC-Gaming-Headset mit Mikrofon ist mit 7.1- und objektbasiertem Surround-Sound ausgestattet, um die Positions-, Entfernungs- und Objektwahrnehmung im Spiel zu verbessern*.<br \/>\nLANGLEBIG UND KOMFORTABEL Die langlebige Aluminiumgabel und der Stahlkopfb\u00fcgel sowie die weichen Memoryschaum-Ohrpolster mit Kunstleder sorgen f\u00fcr ganzt\u00e4gigen Komfort.<br \/>\nKlarer Klang: PRO-G 50-mm-Lautsprecher liefern ein klares und pr\u00e4zises Klangbild mit verbesserter Basswiedergabe; h\u00f6re Schritte und Umgebungsger\u00e4usche klar und deutlich, um dir einen Wettbewerbsvorteil im Spiel zu verschaffen<br \/>\nIntegrierter Speicher: Externe USB-Soundkarte mit EQ-Profilspeicher f\u00fcr Spielesound und Sprachkommunikation auf Turnierniveau; speichere EQ-Einstellungen mit Logitech G HUB* auf dem integrierten Speicher<br \/>\nBenutzerdefinierte EQ- und Surround-Einstellungen: Lege benutzerdefinierte EQ- und Surround-Einstellungen fest; mit dem integrierten Speicher kannst du benutzerdefinierte oder professionelle 5-Band-EQ-Einstellungen f\u00fcr den Turniereinsatz speichern<br \/>\nVerbindung: Anschluss des kabelgebundenen Headsets \u00fcber 3,5 mm Buchse oder USB; externe USB-Soundkarte, abnehmbares Mikrofon, PC-\/Konsolenkabel mit Inline-Lautst\u00e4rke und Stummschalttaste (2 m) und Y-Splitterkabel im Lieferumfang enthalten<\/p>\n","protected":false},"featured_media":49486,"comment_status":"open","ping_status":"closed","template":"","meta":[],"product_brand":[],"product_cat":[48],"product_tag":[],"woo-feed-brand":[],"class_list":{"0":"post-49488","1":"product","2":"type-product","3":"status-publish","4":"has-post-thumbnail","6":"product_cat-kopfhorer","8":"entry","9":"has-media","11":"first","12":"instock","13":"sale","14":"taxable","15":"shipping-taxable","16":"purchasable","17":"product-type-simple","18":"has-product-nav","19":"col","20":"span_1_of_3","21":"owp-content-center","22":"owp-thumbs-layout-horizontal","23":"owp-btn-normal","24":"owp-tabs-layout-horizontal","25":"has-no-thumbnails"},"exclude_global_add_ons":[],"addons":[],"jetpack_sharing_enabled":true,"_links":{"self":[{"href":"https:\/\/www.techcloseoutlet.com\/index.php\/wp-json\/wp\/v2\/product\/49488","targetHints":{"allow":["GET"]}}],"collection":[{"href":"https:\/\/www.techcloseoutlet.com\/index.php\/wp-json\/wp\/v2\/product"}],"about":[{"href":"https:\/\/www.techcloseoutlet.com\/index.php\/wp-json\/wp\/v2\/types\/product"}],"replies":[{"embeddable":true,"href":"https:\/\/www.techcloseoutlet.com\/index.php\/wp-json\/wp\/v2\/comments?post=49488"}],"wp:featuredmedia":[{"embeddable":true,"href":"https:\/\/www.techcloseoutlet.com\/index.php\/wp-json\/wp\/v2\/media\/49486"}],"wp:attachment":[{"href":"https:\/\/www.techcloseoutlet.com\/index.php\/wp-json\/wp\/v2\/media?parent=49488"}],"wp:term":[{"taxonomy":"product_brand","embeddable":true,"href":"https:\/\/www.techcloseoutlet.com\/index.php\/wp-json\/wp\/v2\/product_brand?post=49488"},{"taxonomy":"product_cat","embeddable":true,"href":"https:\/\/www.techcloseoutlet.com\/index.php\/wp-json\/wp\/v2\/product_cat?post=49488"},{"taxonomy":"product_tag","embeddable":true,"href":"https:\/\/www.techcloseoutlet.com\/index.php\/wp-json\/wp\/v2\/product_tag?post=49488"},{"taxonomy":"woo-feed-brand","embeddable":true,"href":"https:\/\/www.techcloseoutlet.com\/index.php\/wp-json\/wp\/v2\/woo-feed-brand?post=49488"}],"curies":[{"name":"wp","href":"https:\/\/api.w.org\/{rel}","templated":true}]}}