{"id":49482,"date":"2025-09-20T14:47:24","date_gmt":"2025-09-20T14:47:24","guid":{"rendered":"https:\/\/www.techcloseoutlet.com\/index.php\/product\/hyperx-cloud-alpha-wireless-gaming-headset-300h-akkulaufzeit-dts-headphone-mit-3d-audio-dual-chamber-treiber-24-ghz-kabellos-abnehmbares-mikrofon-mit-geraeuschunterdrueckung-schwarz-rot\/"},"modified":"2025-09-20T14:47:24","modified_gmt":"2025-09-20T14:47:24","slug":"hyperx-cloud-alpha-wireless-gaming-headset-300h-akkulaufzeit-dts-headphone-mit-3d-audio-dual-chamber-treiber-24-ghz-kabellos-abnehmbares-mikrofon-mit-geraeuschunterdrueckung-schwarz-rot","status":"publish","type":"product","link":"https:\/\/www.techcloseoutlet.com\/index.php\/product\/hyperx-cloud-alpha-wireless-gaming-headset-300h-akkulaufzeit-dts-headphone-mit-3d-audio-dual-chamber-treiber-24-ghz-kabellos-abnehmbares-mikrofon-mit-geraeuschunterdrueckung-schwarz-rot\/?lang=de","title":{"rendered":"HyperX Cloud Alpha Wireless Gaming-Headset , 300h Akkulaufzeit, DTS Headphone mit 3D Audio, Dual Chamber Treiber, 2,4 GHz kabellos, Abnehmbares Mikrofon mit Ger\u00e4uschunterdr\u00fcckung, Schwarz-Rot"},"content":{"rendered":"<ul class=\"a-unordered-list a-vertical a-spacing-mini\">\n<li class=\"a-spacing-mini\"><span class=\"a-list-item\">\u00dcber 300 Stunden Akkulaufzeit: Erlebe bis zu 300 Stunden ununterbrochenes Gaming mit einer einzigen Ladung; ideal f\u00fcr ausgedehnte Gaming-Sessions und Mehrspieler-Kampagnen ohne Unterbrechung<\/span><\/li>\n<li class=\"a-spacing-mini\"><span class=\"a-list-item\">DTS Headphone Spatial Audio: Tauche in immersiven 3D-Sound ein, der mit pr\u00e4ziser Schalllokalisation und virtuellem Surround-Sound dein Gaming-Erlebnis intensiviert und realistischer macht<\/span><\/li>\n<li class=\"a-spacing-mini\"><span class=\"a-list-item\">HyperX Doppelkammer-Membransystem: Revolution\u00e4res Treibersystem liefert durch Trennung von Mitten und H\u00f6hen von basslastigen Tiefen eine \u00fcberragende Audioqualit\u00e4t und kristallklare Kl\u00e4nge<\/span><\/li>\n<li class=\"a-spacing-mini\"><span class=\"a-list-item\">Memory-Schaumstoff und atmungsaktives Kunstleder: Bietet maximalen Komfort und Luftdurchl\u00e4ssigkeit f\u00fcr stundenlangen Tragekomfort und flexible Passform, ideal f\u00fcr lange Gaming-Marathons und intensive Nutzung<\/span><\/li>\n<li class=\"a-spacing-mini\"><span class=\"a-list-item\">Schnelle 2,4-GHz-Kabellose Verbindung: Zuverl\u00e4ssige und verz\u00f6gerungsfreie Audio\u00fcbertragung erm\u00f6glicht vollst\u00e4ndige Bewegungsfreiheit im Raum; genie\u00dfe kabellose Freiheit ohne Kompromisse bei der Audioqualit\u00e4t<\/span><\/li>\n<\/ul>\n","protected":false},"excerpt":{"rendered":"<p>\u00dcber 300 Stunden Akkulaufzeit: Erlebe bis zu 300 Stunden ununterbrochenes Gaming mit einer einzigen Ladung; ideal f\u00fcr ausgedehnte Gaming-Sessions und Mehrspieler-Kampagnen ohne Unterbrechung<br \/>\nDTS Headphone Spatial Audio: Tauche in immersiven 3D-Sound ein, der mit pr\u00e4ziser Schalllokalisation und virtuellem Surround-Sound dein Gaming-Erlebnis intensiviert und realistischer macht<br \/>\nHyperX Doppelkammer-Membransystem: Revolution\u00e4res Treibersystem liefert durch Trennung von Mitten und H\u00f6hen von basslastigen Tiefen eine \u00fcberragende Audioqualit\u00e4t und kristallklare Kl\u00e4nge<br \/>\nMemory-Schaumstoff und atmungsaktives Kunstleder: Bietet maximalen Komfort und Luftdurchl\u00e4ssigkeit f\u00fcr stundenlangen Tragekomfort und flexible Passform, ideal f\u00fcr lange Gaming-Marathons und intensive Nutzung<br \/>\nSchnelle 2,4-GHz-Kabellose Verbindung: Zuverl\u00e4ssige und verz\u00f6gerungsfreie Audio\u00fcbertragung erm\u00f6glicht vollst\u00e4ndige Bewegungsfreiheit im Raum; genie\u00dfe kabellose Freiheit ohne Kompromisse bei der Audioqualit\u00e4t<\/p>\n","protected":false},"featured_media":49465,"comment_status":"open","ping_status":"closed","template":"","meta":[],"product_brand":[],"product_cat":[48],"product_tag":[],"woo-feed-brand":[],"class_list":{"0":"post-49482","1":"product","2":"type-product","3":"status-publish","4":"has-post-thumbnail","6":"product_cat-kopfhorer","8":"entry","9":"has-media","11":"first","12":"instock","13":"sale","14":"taxable","15":"shipping-taxable","16":"purchasable","17":"product-type-simple","18":"has-product-nav","19":"col","20":"span_1_of_3","21":"owp-content-center","22":"owp-thumbs-layout-horizontal","23":"owp-btn-normal","24":"owp-tabs-layout-horizontal","25":"has-no-thumbnails"},"exclude_global_add_ons":[],"addons":[],"jetpack_sharing_enabled":true,"_links":{"self":[{"href":"https:\/\/www.techcloseoutlet.com\/index.php\/wp-json\/wp\/v2\/product\/49482","targetHints":{"allow":["GET"]}}],"collection":[{"href":"https:\/\/www.techcloseoutlet.com\/index.php\/wp-json\/wp\/v2\/product"}],"about":[{"href":"https:\/\/www.techcloseoutlet.com\/index.php\/wp-json\/wp\/v2\/types\/product"}],"replies":[{"embeddable":true,"href":"https:\/\/www.techcloseoutlet.com\/index.php\/wp-json\/wp\/v2\/comments?post=49482"}],"wp:featuredmedia":[{"embeddable":true,"href":"https:\/\/www.techcloseoutlet.com\/index.php\/wp-json\/wp\/v2\/media\/49465"}],"wp:attachment":[{"href":"https:\/\/www.techcloseoutlet.com\/index.php\/wp-json\/wp\/v2\/media?parent=49482"}],"wp:term":[{"taxonomy":"product_brand","embeddable":true,"href":"https:\/\/www.techcloseoutlet.com\/index.php\/wp-json\/wp\/v2\/product_brand?post=49482"},{"taxonomy":"product_cat","embeddable":true,"href":"https:\/\/www.techcloseoutlet.com\/index.php\/wp-json\/wp\/v2\/product_cat?post=49482"},{"taxonomy":"product_tag","embeddable":true,"href":"https:\/\/www.techcloseoutlet.com\/index.php\/wp-json\/wp\/v2\/product_tag?post=49482"},{"taxonomy":"woo-feed-brand","embeddable":true,"href":"https:\/\/www.techcloseoutlet.com\/index.php\/wp-json\/wp\/v2\/woo-feed-brand?post=49482"}],"curies":[{"name":"wp","href":"https:\/\/api.w.org\/{rel}","templated":true}]}}