{"id":49481,"date":"2025-09-20T14:46:57","date_gmt":"2025-09-20T14:46:57","guid":{"rendered":"https:\/\/www.techcloseoutlet.com\/index.php\/product\/logitech-g502-x-plus-lightspeed-draadloze-rgb-gaming-muis-optische-muis-met-lightforce-hybride-schakelaars-lightsync-rgb-hero-25k-gaming-sensor-voor-pc-macos-windows-zwart\/"},"modified":"2025-09-20T14:46:57","modified_gmt":"2025-09-20T14:46:57","slug":"logitech-g502-x-plus-lightspeed-draadloze-rgb-gaming-muis-optische-muis-met-lightforce-hybride-schakelaars-lightsync-rgb-hero-25k-gaming-sensor-voor-pc-macos-windows-zwart","status":"publish","type":"product","link":"https:\/\/www.techcloseoutlet.com\/index.php\/product\/logitech-g502-x-plus-lightspeed-draadloze-rgb-gaming-muis-optische-muis-met-lightforce-hybride-schakelaars-lightsync-rgb-hero-25k-gaming-sensor-voor-pc-macos-windows-zwart\/?lang=de","title":{"rendered":"Logitech G502 X PLUS LIGHTSPEED Draadloze RGB Gaming Muis &#8211; Optische muis met LIGHTFORCE hybride schakelaars, LIGHTSYNC RGB, HERO 25K gaming sensor, voor PC &#8211; macOS\/Windows &#8211; Zwart"},"content":{"rendered":"<ul class=\"a-unordered-list a-vertical a-spacing-mini\">\n<li class=\"a-spacing-mini\"><span class=\"a-list-item\">Neu entwickelte Ikone: Die kabellose Maus basiert auf dem Design der Logitech G502 und wurde mit den neuesten Innovationen in der Gaming-Technologie umgestaltet \/ Erh\u00e4ltlich in Schwarz und Wei\u00df<\/span><\/li>\n<li class=\"a-spacing-mini\"><span class=\"a-list-item\">LIGHTFORCE Schalter: Die neue optisch-mechanische Hybridschalter-Technologie sorgt f\u00fcr Geschwindigkeit, Zuverl\u00e4ssigkeit und pr\u00e4zise Bet\u00e4tigung mit schneller Reaktion f\u00fcr stundenlanges Gaming<\/span><\/li>\n<li class=\"a-spacing-mini\"><span class=\"a-list-item\">LIGHTSYNC RGB: Die Maus verf\u00fcgt \u00fcber eine personalisierbare 8-LED-Beleuchtung, die sich dem Spiel mit Startund Abschalteffekten und der Batterieoptimierung durch aktive Spielerkennung anpasst<\/span><\/li>\n<li class=\"a-spacing-mini\"><span class=\"a-list-item\">LIGHTSPEED kabellos: Die kabellose Maus erm\u00f6glicht erstklassige Verbindungen und bietet eine um 68 Prozent schnellere Reaktionszeit als die vorherige Generation und eine h\u00f6here Zuverl\u00e4ssigkeit<\/span><\/li>\n<li class=\"a-spacing-mini\"><span class=\"a-list-item\">HERO 25K Gaming-Sensor: Unglaublich pr\u00e4zise bis in den Submikrometerbereich f\u00fcr hohe Genauigkeit ohne Gl\u00e4ttung\/Filterung\/Beschleunigung und maximale Leistung am Computer<\/span><\/li>\n<li class=\"a-spacing-mini\"><span class=\"a-list-item\">Neu gestaltete DPI-Umschalttaste: Die kabellose optische Gaming-Maus verf\u00fcgt \u00fcber eine umschaltbare und entfernbare DPI-Taste f\u00fcr eine pr\u00e4zise Anpassung an den Griff und jede Vorliebe<\/span><\/li>\n<li class=\"a-spacing-mini\"><span class=\"a-list-item\">Neu gestaltetes Scrollrad mit zwei Modi: Zwischen hyperschnellem Freilauf und Rastmodus wechseln und das Rad nach links und rechts neigen, um zwei personalisierbare Steuerungen zu erhalten<\/span><\/li>\n<li class=\"a-spacing-mini\"><span class=\"a-list-item\">POWERPLAY-kompatibel: Mit der einzigartigen kabellosen Ladel\u00f6sung (separat erh\u00e4ltlich) bleibt die G502 X PLUS Computermaus sowohl im Ruhezustand als auch beim Spielen geladen<\/span><\/li>\n<\/ul>\n","protected":false},"excerpt":{"rendered":"<p>Neu entwickelte Ikone: Die kabellose Maus basiert auf dem Design der Logitech G502 und wurde mit den neuesten Innovationen in der Gaming-Technologie umgestaltet \/ Erh\u00e4ltlich in Schwarz und Wei\u00df<br \/>\nLIGHTFORCE Schalter: Die neue optisch-mechanische Hybridschalter-Technologie sorgt f\u00fcr Geschwindigkeit, Zuverl\u00e4ssigkeit und pr\u00e4zise Bet\u00e4tigung mit schneller Reaktion f\u00fcr stundenlanges Gaming<br \/>\nLIGHTSYNC RGB: Die Maus verf\u00fcgt \u00fcber eine personalisierbare 8-LED-Beleuchtung, die sich dem Spiel mit Startund Abschalteffekten und der Batterieoptimierung durch aktive Spielerkennung anpasst<br \/>\nLIGHTSPEED kabellos: Die kabellose Maus erm\u00f6glicht erstklassige Verbindungen und bietet eine um 68 Prozent schnellere Reaktionszeit als die vorherige Generation und eine h\u00f6here Zuverl\u00e4ssigkeit<br \/>\nHERO 25K Gaming-Sensor: Unglaublich pr\u00e4zise bis in den Submikrometerbereich f\u00fcr hohe Genauigkeit ohne Gl\u00e4ttung\/Filterung\/Beschleunigung und maximale Leistung am Computer<br \/>\nNeu gestaltete DPI-Umschalttaste: Die kabellose optische Gaming-Maus verf\u00fcgt \u00fcber eine umschaltbare und entfernbare DPI-Taste f\u00fcr eine pr\u00e4zise Anpassung an den Griff und jede Vorliebe<br \/>\nNeu gestaltetes Scrollrad mit zwei Modi: Zwischen hyperschnellem Freilauf und Rastmodus wechseln und das Rad nach links und rechts neigen, um zwei personalisierbare Steuerungen zu erhalten<br \/>\nPOWERPLAY-kompatibel: Mit der einzigartigen kabellosen Ladel\u00f6sung (separat erh\u00e4ltlich) bleibt die G502 X PLUS Computermaus sowohl im Ruhezustand als auch beim Spielen geladen<\/p>\n","protected":false},"featured_media":49469,"comment_status":"open","ping_status":"closed","template":"","meta":[],"product_brand":[],"product_cat":[26],"product_tag":[],"woo-feed-brand":[],"class_list":{"0":"post-49481","1":"product","2":"type-product","3":"status-publish","4":"has-post-thumbnail","6":"product_cat-spiele","8":"entry","9":"has-media","11":"first","12":"instock","13":"sale","14":"taxable","15":"shipping-taxable","16":"purchasable","17":"product-type-simple","18":"has-product-nav","19":"col","20":"span_1_of_3","21":"owp-content-center","22":"owp-thumbs-layout-horizontal","23":"owp-btn-normal","24":"owp-tabs-layout-horizontal","25":"has-no-thumbnails"},"exclude_global_add_ons":[],"addons":[],"jetpack_sharing_enabled":true,"_links":{"self":[{"href":"https:\/\/www.techcloseoutlet.com\/index.php\/wp-json\/wp\/v2\/product\/49481","targetHints":{"allow":["GET"]}}],"collection":[{"href":"https:\/\/www.techcloseoutlet.com\/index.php\/wp-json\/wp\/v2\/product"}],"about":[{"href":"https:\/\/www.techcloseoutlet.com\/index.php\/wp-json\/wp\/v2\/types\/product"}],"replies":[{"embeddable":true,"href":"https:\/\/www.techcloseoutlet.com\/index.php\/wp-json\/wp\/v2\/comments?post=49481"}],"wp:featuredmedia":[{"embeddable":true,"href":"https:\/\/www.techcloseoutlet.com\/index.php\/wp-json\/wp\/v2\/media\/49469"}],"wp:attachment":[{"href":"https:\/\/www.techcloseoutlet.com\/index.php\/wp-json\/wp\/v2\/media?parent=49481"}],"wp:term":[{"taxonomy":"product_brand","embeddable":true,"href":"https:\/\/www.techcloseoutlet.com\/index.php\/wp-json\/wp\/v2\/product_brand?post=49481"},{"taxonomy":"product_cat","embeddable":true,"href":"https:\/\/www.techcloseoutlet.com\/index.php\/wp-json\/wp\/v2\/product_cat?post=49481"},{"taxonomy":"product_tag","embeddable":true,"href":"https:\/\/www.techcloseoutlet.com\/index.php\/wp-json\/wp\/v2\/product_tag?post=49481"},{"taxonomy":"woo-feed-brand","embeddable":true,"href":"https:\/\/www.techcloseoutlet.com\/index.php\/wp-json\/wp\/v2\/woo-feed-brand?post=49481"}],"curies":[{"name":"wp","href":"https:\/\/api.w.org\/{rel}","templated":true}]}}